{"id":38561,"date":"2022-06-29T09:41:53","date_gmt":"2022-06-29T13:41:53","guid":{"rendered":"https:\/\/www.goelette.ca\/?post_type=product&#038;p=38561"},"modified":"2024-11-05T14:57:47","modified_gmt":"2024-11-05T19:57:47","slug":"japprends-en-images-lunivers-de-noel-2","status":"publish","type":"product","link":"https:\/\/goelette.ca\/en\/tous-les-livres\/japprends-en-images-lunivers-de-noel-2\/","title":{"rendered":"J&#8217;apprends en images &#8211; L&#8217;univers de No\u00ebl"},"content":{"rendered":"<p>D\u00e9couvre la magie de No\u00ebl et apprends \u00e0 reconna\u00eetre les mots propres \u00e0 cette p\u00e9riode de l\u2019ann\u00e9e ! Avec cet imagier, tu pourras nommer les objets, les personnages et les animaux pour f\u00eater en grand gr\u00e2ce \u00e0 ces diff\u00e9rentes th\u00e9matiques : L\u2019hiver &#8211; La lettre au p\u00e8re No\u00ebl &#8211; L\u2019atelier des lutins &#8211; Le p\u00f4le Nord Les d\u00e9corations &#8211; Le festin &#8211; La nuit de No\u00ebl &#8211; Le r\u00e9veillon<\/p>\n<p>Amuse-toi aussi avec le jeu de cherche et trouve pr\u00e9sent dans chacune des sc\u00e8nes !<\/p>\n","protected":false},"excerpt":{"rendered":"<p>D\u00e9couvre la magie de No\u00ebl et apprends \u00e0 reconna\u00eetre les mots propres \u00e0 cette p\u00e9riode de l\u2019ann\u00e9e ! Avec cet imagier, tu pourras nommer les objets, les personnages et les animaux pour f\u00eater en grand gr\u00e2ce \u00e0 ces diff\u00e9rentes th\u00e9matiques : L\u2019hiver &#8211; La lettre au p\u00e8re No\u00ebl &#8211; L\u2019atelier des lutins &#8211; Le p\u00f4le [&hellip;]<\/p>\n","protected":false},"featured_media":180469,"template":"","meta":{"wds_primary_product_brand":0,"wds_primary_product_cat":0,"wds_primary_maison_dedition":0},"product_brand":[],"product_cat":[560,583,538,545],"product_tag":[],"maison_dedition":[],"class_list":{"0":"post-38561","1":"product","2":"type-product","3":"status-publish","4":"has-post-thumbnail","6":"product_cat-3-5-ans","7":"product_cat-imagiers","8":"product_cat-jeunesse","9":"product_cat-noel","10":"pa_auteur-collectif","12":"first","13":"instock","14":"taxable","15":"shipping-taxable","16":"purchasable","17":"product-type-variable"},"bundled_by":[],"bundle_stock_status":"instock","bundle_stock_quantity":null,"bundle_virtual":false,"bundle_layout":"","bundle_add_to_cart_form_location":"","bundle_editable_in_cart":false,"bundle_sold_individually_context":"","bundle_item_grouping":"","bundle_min_size":"","bundle_max_size":"","bundle_price":[],"bundled_items":[],"bundle_sell_ids":[],"acf":[],"_links":{"self":[{"href":"https:\/\/goelette.ca\/en\/wp-json\/wp\/v2\/product\/38561","targetHints":{"allow":["GET"]}}],"collection":[{"href":"https:\/\/goelette.ca\/en\/wp-json\/wp\/v2\/product"}],"about":[{"href":"https:\/\/goelette.ca\/en\/wp-json\/wp\/v2\/types\/product"}],"wp:featuredmedia":[{"embeddable":true,"href":"https:\/\/goelette.ca\/en\/wp-json\/wp\/v2\/media\/180469"}],"wp:attachment":[{"href":"https:\/\/goelette.ca\/en\/wp-json\/wp\/v2\/media?parent=38561"}],"wp:term":[{"taxonomy":"product_brand","embeddable":true,"href":"https:\/\/goelette.ca\/en\/wp-json\/wp\/v2\/product_brand?post=38561"},{"taxonomy":"product_cat","embeddable":true,"href":"https:\/\/goelette.ca\/en\/wp-json\/wp\/v2\/product_cat?post=38561"},{"taxonomy":"product_tag","embeddable":true,"href":"https:\/\/goelette.ca\/en\/wp-json\/wp\/v2\/product_tag?post=38561"},{"taxonomy":"maison_dedition","embeddable":true,"href":"https:\/\/goelette.ca\/en\/wp-json\/wp\/v2\/maison_dedition?post=38561"}],"curies":[{"name":"wp","href":"https:\/\/api.w.org\/{rel}","templated":true}]}}