{"id":38411,"date":"2022-06-22T11:40:47","date_gmt":"2022-06-22T15:40:47","guid":{"rendered":"https:\/\/www.goelette.ca\/?post_type=product&#038;p=38411"},"modified":"2022-06-22T12:42:48","modified_gmt":"2022-06-22T16:42:48","slug":"cherche-et-trouve-zoo","status":"publish","type":"product","link":"https:\/\/goelette.ca\/en\/tous-les-livres\/cherche-et-trouve-zoo\/","title":{"rendered":"Cherche et trouve &#8211; Zoo"},"content":{"rendered":"<p>Pars \u00e0 la recherche d\u2019\u00e9l\u00e9ments cach\u00e9s dans 15 lieux fantastiques !<\/p>\n<p>Arriveras-tu \u00e0 trouver le papillon au zoo, l\u2019\u00e9toile de mer \u00e0 la plage et la boule de cristal dans le monde magique ?<br \/>\nUn d\u00e9fi suppl\u00e9mentaire t\u2019attend : un intrus se cache dans chaque sc\u00e8ne.<\/p>\n<p>\u00c0 toi de l\u2019identifier !<\/p>\n<p>DEVIENS UN EXPERT DE L\u2019OBSERVATION !<\/p>\n","protected":false},"excerpt":{"rendered":"<p>Pars \u00e0 la recherche d\u2019\u00e9l\u00e9ments cach\u00e9s dans 15 lieux fantastiques ! Arriveras-tu \u00e0 trouver le papillon au zoo, l\u2019\u00e9toile de mer \u00e0 la plage et la boule de cristal dans le monde magique ? Un d\u00e9fi suppl\u00e9mentaire t\u2019attend : un intrus se cache dans chaque sc\u00e8ne. \u00c0 toi de l\u2019identifier ! DEVIENS UN EXPERT DE [&hellip;]<\/p>\n","protected":false},"featured_media":38421,"template":"","meta":{"wds_primary_product_brand":0,"wds_primary_product_cat":0,"wds_primary_maison_dedition":0},"product_brand":[],"product_cat":[560,551,589,538],"product_tag":[],"maison_dedition":[541],"class_list":{"0":"post-38411","1":"product","2":"type-product","3":"status-publish","4":"has-post-thumbnail","6":"product_cat-3-5-ans","7":"product_cat-activites","8":"product_cat-cherche-et-trouve","9":"product_cat-jeunesse","10":"maison_dedition-les-editions-coup-doeil","12":"first","13":"instock","14":"taxable","15":"shipping-taxable","16":"purchasable","17":"product-type-variable"},"bundled_by":[],"bundle_stock_status":"instock","bundle_stock_quantity":null,"bundle_virtual":false,"bundle_layout":"","bundle_add_to_cart_form_location":"","bundle_editable_in_cart":false,"bundle_sold_individually_context":"","bundle_item_grouping":"","bundle_min_size":"","bundle_max_size":"","bundle_price":[],"bundled_items":[],"bundle_sell_ids":[],"acf":[],"_links":{"self":[{"href":"https:\/\/goelette.ca\/en\/wp-json\/wp\/v2\/product\/38411","targetHints":{"allow":["GET"]}}],"collection":[{"href":"https:\/\/goelette.ca\/en\/wp-json\/wp\/v2\/product"}],"about":[{"href":"https:\/\/goelette.ca\/en\/wp-json\/wp\/v2\/types\/product"}],"wp:featuredmedia":[{"embeddable":true,"href":"https:\/\/goelette.ca\/en\/wp-json\/wp\/v2\/media\/38421"}],"wp:attachment":[{"href":"https:\/\/goelette.ca\/en\/wp-json\/wp\/v2\/media?parent=38411"}],"wp:term":[{"taxonomy":"product_brand","embeddable":true,"href":"https:\/\/goelette.ca\/en\/wp-json\/wp\/v2\/product_brand?post=38411"},{"taxonomy":"product_cat","embeddable":true,"href":"https:\/\/goelette.ca\/en\/wp-json\/wp\/v2\/product_cat?post=38411"},{"taxonomy":"product_tag","embeddable":true,"href":"https:\/\/goelette.ca\/en\/wp-json\/wp\/v2\/product_tag?post=38411"},{"taxonomy":"maison_dedition","embeddable":true,"href":"https:\/\/goelette.ca\/en\/wp-json\/wp\/v2\/maison_dedition?post=38411"}],"curies":[{"name":"wp","href":"https:\/\/api.w.org\/{rel}","templated":true}]}}