{"id":38383,"date":"2022-06-22T11:14:12","date_gmt":"2022-06-22T15:14:12","guid":{"rendered":"https:\/\/www.goelette.ca\/?post_type=product&#038;p=38383"},"modified":"2025-03-20T11:00:19","modified_gmt":"2025-03-20T15:00:19","slug":"les-soeurs-beaudry-t2-les-violons-se-sont-tus-2","status":"publish","type":"product","link":"https:\/\/goelette.ca\/en\/tous-les-livres\/les-soeurs-beaudry-t2-les-violons-se-sont-tus-2\/","title":{"rendered":"Les s\u0153urs Beaudry T2 Les violons se sont tus"},"content":{"rendered":"<p>L\u2019amour est plus fort que tout ! Le destin de Sarah semble en \u00eatre la preuve irr\u00e9futable. Heureuse au plus haut point, elle s\u2019appr\u00eate enfin \u00e0 \u00e9pouser le gar\u00e7on de ses r\u00eaves, au grand dam de ses parents qui, r\u00e9ticents, auraient pr\u00e9f\u00e9r\u00e9 un pr\u00e9tendant plus digne d\u2019une fille de m\u00e9decin.<br \/>\nMais se pourrait-il que le bonheur conjugal ne cogne pas \u00e0 toutes les portes ? Au contraire de son a\u00een\u00e9e, \u00c9velyne doit laisser partir l\u2019homme qu\u2019elle d\u00e9sire et apprendre \u00e0 panser ses blessures. Pourtant, lorsque le pass\u00e9 surgit, un bouquet \u00e0 la main, de nouveaux espoirs sont permis. En ce temps de guerre, il ne reste alors plus qu\u2019\u00e0 traverser les \u00e9preuves une \u00e0 une.<\/p>\n<p>Dans ce deuxi\u00e8me volet des Soeurs Beaudry, Micheline Dalp\u00e9 aborde la romance et la trag\u00e9die avec une \u00e9criture \u00e0 la fois sensible et sinc\u00e8re, qui ne peut nous laisser indiff\u00e9rents. Romanci\u00e8re \u00e9m\u00e9rite, Micheline Dalp\u00e9 brosse et peint, d\u2019une main de ma\u00eetre, des personnages attachants reli\u00e9s \u00e0 notre terroir. Elle participe ainsi \u00e0 la m\u00e9moire du patrimoine.<\/p>\n","protected":false},"excerpt":{"rendered":"<p>L\u2019amour est plus fort que tout ! Le destin de Sarah semble en \u00eatre la preuve irr\u00e9futable. Heureuse au plus haut point, elle s\u2019appr\u00eate enfin \u00e0 \u00e9pouser le gar\u00e7on de ses r\u00eaves, au grand dam de ses parents qui, r\u00e9ticents, auraient pr\u00e9f\u00e9r\u00e9 un pr\u00e9tendant plus digne d\u2019une fille de m\u00e9decin. Mais se pourrait-il que le [&hellip;]<\/p>\n","protected":false},"featured_media":38386,"template":"","meta":{"wds_primary_product_brand":0,"wds_primary_product_cat":0,"wds_primary_maison_dedition":0},"product_brand":[],"product_cat":[542],"product_tag":[],"maison_dedition":[668,541],"class_list":{"0":"post-38383","1":"product","2":"type-product","3":"status-publish","4":"has-post-thumbnail","6":"product_cat-roman","7":"pa_auteur-micheline-dalpe","8":"maison_dedition-heritage-quebec","9":"maison_dedition-les-editions-coup-doeil","11":"first","12":"instock","13":"taxable","14":"shipping-taxable","15":"purchasable","16":"product-type-variable"},"bundled_by":[],"bundle_stock_status":"instock","bundle_stock_quantity":null,"bundle_virtual":false,"bundle_layout":"","bundle_add_to_cart_form_location":"","bundle_editable_in_cart":false,"bundle_sold_individually_context":"","bundle_item_grouping":"","bundle_min_size":"","bundle_max_size":"","bundle_price":[],"bundled_items":[],"bundle_sell_ids":[],"acf":[],"_links":{"self":[{"href":"https:\/\/goelette.ca\/en\/wp-json\/wp\/v2\/product\/38383","targetHints":{"allow":["GET"]}}],"collection":[{"href":"https:\/\/goelette.ca\/en\/wp-json\/wp\/v2\/product"}],"about":[{"href":"https:\/\/goelette.ca\/en\/wp-json\/wp\/v2\/types\/product"}],"wp:featuredmedia":[{"embeddable":true,"href":"https:\/\/goelette.ca\/en\/wp-json\/wp\/v2\/media\/38386"}],"wp:attachment":[{"href":"https:\/\/goelette.ca\/en\/wp-json\/wp\/v2\/media?parent=38383"}],"wp:term":[{"taxonomy":"product_brand","embeddable":true,"href":"https:\/\/goelette.ca\/en\/wp-json\/wp\/v2\/product_brand?post=38383"},{"taxonomy":"product_cat","embeddable":true,"href":"https:\/\/goelette.ca\/en\/wp-json\/wp\/v2\/product_cat?post=38383"},{"taxonomy":"product_tag","embeddable":true,"href":"https:\/\/goelette.ca\/en\/wp-json\/wp\/v2\/product_tag?post=38383"},{"taxonomy":"maison_dedition","embeddable":true,"href":"https:\/\/goelette.ca\/en\/wp-json\/wp\/v2\/maison_dedition?post=38383"}],"curies":[{"name":"wp","href":"https:\/\/api.w.org\/{rel}","templated":true}]}}