{"id":38358,"date":"2022-06-22T09:54:30","date_gmt":"2022-06-22T13:54:30","guid":{"rendered":"https:\/\/www.goelette.ca\/?post_type=product&#038;p=38358"},"modified":"2025-02-14T09:38:02","modified_gmt":"2025-02-14T14:38:02","slug":"mon-dictionnaire-bilingue-2","status":"publish","type":"product","link":"https:\/\/goelette.ca\/en\/tous-les-livres\/mon-dictionnaire-bilingue-2\/","title":{"rendered":"Mon dictionnaire bilingue"},"content":{"rendered":"<p>Cherche et apprends !<\/p>\n<p>Ouvre vite ce dictionnaire bilingue et d\u00e9couvre plus de 600 mots de la vie quotidienne en fran\u00e7ais et en anglais !<\/p>\n<p>Tu aura aussi des dizaine d&#8217;autocollants \u00e0 placer afin de compl\u00e9ter ton livre !<\/p>\n<p>Une r\u00e9f\u00e9rence pour accompagner l&#8217;apprentissage de l&#8217;anglais langue seconde et enrichir le vocabulaire.<\/p>\n","protected":false},"excerpt":{"rendered":"<p>Cherche et apprends ! Ouvre vite ce dictionnaire bilingue et d\u00e9couvre plus de 600 mots de la vie quotidienne en fran\u00e7ais et en anglais ! Tu aura aussi des dizaine d&#8217;autocollants \u00e0 placer afin de compl\u00e9ter ton livre ! Une r\u00e9f\u00e9rence pour accompagner l&#8217;apprentissage de l&#8217;anglais langue seconde et enrichir le vocabulaire.<\/p>\n","protected":false},"featured_media":215995,"template":"","meta":{"wds_primary_product_brand":0,"wds_primary_product_cat":0,"wds_primary_maison_dedition":0},"product_brand":[],"product_cat":[607,538],"product_tag":[],"maison_dedition":[],"class_list":{"0":"post-38358","1":"product","2":"type-product","3":"status-publish","4":"has-post-thumbnail","6":"product_cat-dictionnaires","7":"product_cat-jeunesse","8":"pa_auteur-collectif","10":"first","11":"instock","12":"taxable","13":"shipping-taxable","14":"purchasable","15":"product-type-variable"},"bundled_by":[],"bundle_stock_status":"instock","bundle_stock_quantity":null,"bundle_virtual":false,"bundle_layout":"","bundle_add_to_cart_form_location":"","bundle_editable_in_cart":false,"bundle_sold_individually_context":"","bundle_item_grouping":"","bundle_min_size":"","bundle_max_size":"","bundle_price":[],"bundled_items":[],"bundle_sell_ids":[],"acf":[],"_links":{"self":[{"href":"https:\/\/goelette.ca\/en\/wp-json\/wp\/v2\/product\/38358","targetHints":{"allow":["GET"]}}],"collection":[{"href":"https:\/\/goelette.ca\/en\/wp-json\/wp\/v2\/product"}],"about":[{"href":"https:\/\/goelette.ca\/en\/wp-json\/wp\/v2\/types\/product"}],"wp:featuredmedia":[{"embeddable":true,"href":"https:\/\/goelette.ca\/en\/wp-json\/wp\/v2\/media\/215995"}],"wp:attachment":[{"href":"https:\/\/goelette.ca\/en\/wp-json\/wp\/v2\/media?parent=38358"}],"wp:term":[{"taxonomy":"product_brand","embeddable":true,"href":"https:\/\/goelette.ca\/en\/wp-json\/wp\/v2\/product_brand?post=38358"},{"taxonomy":"product_cat","embeddable":true,"href":"https:\/\/goelette.ca\/en\/wp-json\/wp\/v2\/product_cat?post=38358"},{"taxonomy":"product_tag","embeddable":true,"href":"https:\/\/goelette.ca\/en\/wp-json\/wp\/v2\/product_tag?post=38358"},{"taxonomy":"maison_dedition","embeddable":true,"href":"https:\/\/goelette.ca\/en\/wp-json\/wp\/v2\/maison_dedition?post=38358"}],"curies":[{"name":"wp","href":"https:\/\/api.w.org\/{rel}","templated":true}]}}