{"id":38346,"date":"2022-06-22T09:46:00","date_gmt":"2022-06-22T13:46:00","guid":{"rendered":"https:\/\/www.goelette.ca\/?post_type=product&#038;p=38346"},"modified":"2025-05-15T13:54:20","modified_gmt":"2025-05-15T17:54:20","slug":"la-grande-aventure-dalice-et-felix-sous-la-pluie-2","status":"publish","type":"product","link":"https:\/\/goelette.ca\/en\/tous-les-livres\/la-grande-aventure-dalice-et-felix-sous-la-pluie-2\/","title":{"rendered":"La grande aventure d&#8217;Alice et F\u00e9lix sous la pluie"},"content":{"rendered":"<p>Ce jour-l\u00e0, la pluie tombe \u00e0 grosses gouttes. Quel ennui pour Alice et F\u00e9lix ! Ils auraient tellement aim\u00e9 jouer dans la cour. Heureusement, ils peuvent compter sur leur imagination d\u00e9bordante pour inventer toute une aventure de chevaliers, de g\u00e9ants et de dragons.<\/p>\n","protected":false},"excerpt":{"rendered":"<p>Ce jour-l\u00e0, la pluie tombe \u00e0 grosses gouttes. Quel ennui pour Alice et F\u00e9lix ! Ils auraient tellement aim\u00e9 jouer dans la cour. Heureusement, ils peuvent compter sur leur imagination d\u00e9bordante pour inventer toute une aventure de chevaliers, de g\u00e9ants et de dragons.<\/p>\n","protected":false},"featured_media":38348,"template":"","meta":{"wds_primary_product_brand":0,"wds_primary_product_cat":0,"wds_primary_maison_dedition":0},"product_brand":[],"product_cat":[560,578,538],"product_tag":[],"maison_dedition":[541,584],"class_list":{"0":"post-38346","1":"product","2":"type-product","3":"status-publish","4":"has-post-thumbnail","6":"product_cat-3-5-ans","7":"product_cat-albums-illustres","8":"product_cat-jeunesse","9":"pa_auteur-maude-iris-hamelin-ouellette","10":"pa_illustrateur-emilie-graebling","11":"maison_dedition-les-editions-coup-doeil","12":"maison_dedition-petites-lectures","14":"first","15":"instock","16":"taxable","17":"shipping-taxable","18":"purchasable","19":"product-type-variable","20":"has-default-attributes"},"bundled_by":[],"bundle_stock_status":"instock","bundle_stock_quantity":null,"bundle_virtual":false,"bundle_layout":"","bundle_add_to_cart_form_location":"","bundle_editable_in_cart":false,"bundle_sold_individually_context":"","bundle_item_grouping":"","bundle_min_size":"","bundle_max_size":"","bundle_price":[],"bundled_items":[],"bundle_sell_ids":[],"acf":[],"_links":{"self":[{"href":"https:\/\/goelette.ca\/en\/wp-json\/wp\/v2\/product\/38346","targetHints":{"allow":["GET"]}}],"collection":[{"href":"https:\/\/goelette.ca\/en\/wp-json\/wp\/v2\/product"}],"about":[{"href":"https:\/\/goelette.ca\/en\/wp-json\/wp\/v2\/types\/product"}],"wp:featuredmedia":[{"embeddable":true,"href":"https:\/\/goelette.ca\/en\/wp-json\/wp\/v2\/media\/38348"}],"wp:attachment":[{"href":"https:\/\/goelette.ca\/en\/wp-json\/wp\/v2\/media?parent=38346"}],"wp:term":[{"taxonomy":"product_brand","embeddable":true,"href":"https:\/\/goelette.ca\/en\/wp-json\/wp\/v2\/product_brand?post=38346"},{"taxonomy":"product_cat","embeddable":true,"href":"https:\/\/goelette.ca\/en\/wp-json\/wp\/v2\/product_cat?post=38346"},{"taxonomy":"product_tag","embeddable":true,"href":"https:\/\/goelette.ca\/en\/wp-json\/wp\/v2\/product_tag?post=38346"},{"taxonomy":"maison_dedition","embeddable":true,"href":"https:\/\/goelette.ca\/en\/wp-json\/wp\/v2\/maison_dedition?post=38346"}],"curies":[{"name":"wp","href":"https:\/\/api.w.org\/{rel}","templated":true}]}}