{"id":37854,"date":"2022-06-09T11:40:41","date_gmt":"2022-06-09T15:40:41","guid":{"rendered":"https:\/\/www.goelette.ca\/?post_type=product&#038;p=37854"},"modified":"2022-06-09T11:44:54","modified_gmt":"2022-06-09T15:44:54","slug":"un-pas-a-la-fois-2","status":"publish","type":"product","link":"https:\/\/goelette.ca\/en\/tous-les-livres\/un-pas-a-la-fois-2\/","title":{"rendered":"Un pas \u00e0 la fois"},"content":{"rendered":"<p>Accroch\u00e9 sur sa branche, Paul s&#8217;ennuie. Et s&#8217;il partait \u00e0 l&#8217;aventure? Avec l&#8217;aide de son nouvel ami Tom, Paul est pr\u00eat \u00e0 se rendre au sommet de la montage voisine. Mais c&#8217;est sans compter les nombreux d\u00e9fis qui les attendent !<\/p>\n<p>Avec cette adorable histoire, faites r\u00e9fl\u00e9chir l&#8217;enfant sur la pers\u00e9v\u00e9rance et poursuivez avec lui la discussion gr\u00e2ce \u00e0 une page sp\u00e9ciale \u00e0 la fin de l&#8217;album.<\/p>\n","protected":false},"excerpt":{"rendered":"<p>Accroch\u00e9 sur sa branche, Paul s&#8217;ennuie. Et s&#8217;il partait \u00e0 l&#8217;aventure? Avec l&#8217;aide de son nouvel ami Tom, Paul est pr\u00eat \u00e0 se rendre au sommet de la montage voisine. Mais c&#8217;est sans compter les nombreux d\u00e9fis qui les attendent ! Avec cette adorable histoire, faites r\u00e9fl\u00e9chir l&#8217;enfant sur la pers\u00e9v\u00e9rance et poursuivez avec lui [&hellip;]<\/p>\n","protected":false},"featured_media":37856,"template":"","meta":{"wds_primary_product_brand":0,"wds_primary_product_cat":0,"wds_primary_maison_dedition":0},"product_brand":[],"product_cat":[560,578,538],"product_tag":[],"maison_dedition":[541,584],"class_list":{"0":"post-37854","1":"product","2":"type-product","3":"status-publish","4":"has-post-thumbnail","6":"product_cat-3-5-ans","7":"product_cat-albums-illustres","8":"product_cat-jeunesse","9":"pa_auteur-emilie-la-boissiere","10":"maison_dedition-les-editions-coup-doeil","11":"maison_dedition-petites-lectures","13":"first","14":"instock","15":"taxable","16":"shipping-taxable","17":"purchasable","18":"product-type-variable"},"bundled_by":[],"bundle_stock_status":"instock","bundle_stock_quantity":null,"bundle_virtual":false,"bundle_layout":"","bundle_add_to_cart_form_location":"","bundle_editable_in_cart":false,"bundle_sold_individually_context":"","bundle_item_grouping":"","bundle_min_size":"","bundle_max_size":"","bundle_price":[],"bundled_items":[],"bundle_sell_ids":[],"acf":[],"_links":{"self":[{"href":"https:\/\/goelette.ca\/en\/wp-json\/wp\/v2\/product\/37854","targetHints":{"allow":["GET"]}}],"collection":[{"href":"https:\/\/goelette.ca\/en\/wp-json\/wp\/v2\/product"}],"about":[{"href":"https:\/\/goelette.ca\/en\/wp-json\/wp\/v2\/types\/product"}],"wp:featuredmedia":[{"embeddable":true,"href":"https:\/\/goelette.ca\/en\/wp-json\/wp\/v2\/media\/37856"}],"wp:attachment":[{"href":"https:\/\/goelette.ca\/en\/wp-json\/wp\/v2\/media?parent=37854"}],"wp:term":[{"taxonomy":"product_brand","embeddable":true,"href":"https:\/\/goelette.ca\/en\/wp-json\/wp\/v2\/product_brand?post=37854"},{"taxonomy":"product_cat","embeddable":true,"href":"https:\/\/goelette.ca\/en\/wp-json\/wp\/v2\/product_cat?post=37854"},{"taxonomy":"product_tag","embeddable":true,"href":"https:\/\/goelette.ca\/en\/wp-json\/wp\/v2\/product_tag?post=37854"},{"taxonomy":"maison_dedition","embeddable":true,"href":"https:\/\/goelette.ca\/en\/wp-json\/wp\/v2\/maison_dedition?post=37854"}],"curies":[{"name":"wp","href":"https:\/\/api.w.org\/{rel}","templated":true}]}}