{"id":35475,"date":"2022-05-12T00:00:35","date_gmt":"2022-05-12T04:00:35","guid":{"rendered":"https:\/\/www.goelette.ca\/?post_type=product&#038;p=35475"},"modified":"2023-10-23T13:46:42","modified_gmt":"2023-10-23T17:46:42","slug":"histoire-de-filles-en-sac-a-dos","status":"publish","type":"product","link":"https:\/\/goelette.ca\/en\/tous-les-livres\/histoire-de-filles-en-sac-a-dos\/","title":{"rendered":"Histoire de filles en sac \u00e0 dos"},"content":{"rendered":"<p>Je sais pas comment tu fais \u2013 Nadia Lakhdari<br \/>\nEsther, m\u00e8re de deux enfants, peine \u00e0 reprendre son souffle entre le bureau,<br \/>\nles devoirs et les entra\u00eenements de ski. La supermaman \u00e9puis\u00e9e souhaiterait<br \/>\npouvoir ralentir le rythme comme son amie Jeanne qui voyage autour<br \/>\ndu monde avec son mari et ses enfants. Lorsque celle-ci lui propose que<br \/>\nleurs familles se rejoignent en Nouvelle-Z\u00e9lande, Esther y voit l\u2019occasion<br \/>\nd\u2019exp\u00e9rimenter un quotidien plus tranquille. Mais se pourrait-il qu\u2019une vie de<br \/>\nboh\u00e8me ne soit pas pour tout le monde ?<br \/>\nComme tout le monde \u2013 Marie-Julie Gagnon<br \/>\nMaude-Emmanuelle m\u00e8ne une vie rang\u00e9e qu\u2019elle a planifi\u00e9e dans les<br \/>\nmoindres d\u00e9tails. Ce qu\u2019elle n\u2019a pas pr\u00e9vu, c\u2019est que Charles-\u00c9tienne, l\u2019homme<br \/>\navec qui elle partage sa vie depuis sept ans, rompe avec elle. D\u00e9termin\u00e9e<br \/>\n\u00e0 lui prouver qu\u2019elle n\u2019est pas aussi pr\u00e9visible qu\u2019il le croit, Maude s\u2019envole<br \/>\npour la Tha\u00eflande dans l\u2019espoir de faire \u00e9merger son c\u00f4t\u00e9 wild. Saura-t-elle<br \/>\nassumer cette nouvelle spontan\u00e9it\u00e9 ?<br \/>\nOn est o\u00f9 ? \u2013 M\u00e9lanie Leblanc<br \/>\nFloralie est une youtubeuse-voyage qui \u00e9blouit sa communaut\u00e9 avec ses<br \/>\nvlogs dans des destinations paradisiaques. Sa vie est un v\u00e9ritable r\u00eave<br \/>\nrempli de photos et de likes ! Au cours d\u2019un p\u00e9riple \u00e0 Acapulco, \u00e0 son grand<br \/>\nmalheur, elle se voit forc\u00e9e de s\u2019affranchir de la technologie ! D\u00e9munie,<br \/>\nFloralie se demande comment trouver un sens \u00e0 sa vie sans les r\u00e9seaux<br \/>\nsociaux. L\u2019influenceuse survivra-t-elle \u00e0 sa \u00ab d\u00e9sintoxication \u00e9lectronique \u00bb ?<br \/>\nEt surtout rencontrera-t-elle \u00ab la vraie Flo \u00bb durant l\u2019aventure ?<br \/>\nNadia Lakhdari, Marie-Julie Gagnon et M\u00e9lanie Leblanc sont toutes trois de<br \/>\ngrandes voyageuses. Elles se r\u00e9unissent pour vous emmener vers de nouveaux<br \/>\nhorizons gr\u00e2ce \u00e0 ces trois histoires exotiques. D\u00e9paysement garanti !<\/p>\n<p>&nbsp;<\/p>\n<p>&nbsp;<\/p>\n","protected":false},"excerpt":{"rendered":"<p>Je sais pas comment tu fais \u2013 Nadia Lakhdari Esther, m\u00e8re de deux enfants, peine \u00e0 reprendre son souffle entre le bureau, les devoirs et les entra\u00eenements de ski. La supermaman \u00e9puis\u00e9e souhaiterait pouvoir ralentir le rythme comme son amie Jeanne qui voyage autour du monde avec son mari et ses enfants. Lorsque celle-ci lui [&hellip;]<\/p>\n","protected":false},"featured_media":35477,"template":"","meta":{"wds_primary_product_brand":0,"wds_primary_product_cat":0,"wds_primary_maison_dedition":0},"product_brand":[],"product_cat":[664,564,542],"product_tag":[],"maison_dedition":[541],"class_list":{"0":"post-35475","1":"product","2":"type-product","3":"status-publish","4":"has-post-thumbnail","6":"product_cat-nouvelle","7":"product_cat-recueil-de-nouvelles","8":"product_cat-roman","9":"pa_auteur-marie-julie-gagnon","10":"pa_auteur-melanie-leblanc","11":"pa_auteur-nadia-lakhdari","12":"maison_dedition-les-editions-coup-doeil","14":"first","15":"instock","16":"taxable","17":"shipping-taxable","18":"purchasable","19":"product-type-variable"},"bundled_by":[],"bundle_stock_status":"instock","bundle_stock_quantity":null,"bundle_virtual":false,"bundle_layout":"","bundle_add_to_cart_form_location":"","bundle_editable_in_cart":false,"bundle_sold_individually_context":"","bundle_item_grouping":"","bundle_min_size":"","bundle_max_size":"","bundle_price":[],"bundled_items":[],"bundle_sell_ids":[],"acf":[],"_links":{"self":[{"href":"https:\/\/goelette.ca\/en\/wp-json\/wp\/v2\/product\/35475","targetHints":{"allow":["GET"]}}],"collection":[{"href":"https:\/\/goelette.ca\/en\/wp-json\/wp\/v2\/product"}],"about":[{"href":"https:\/\/goelette.ca\/en\/wp-json\/wp\/v2\/types\/product"}],"wp:featuredmedia":[{"embeddable":true,"href":"https:\/\/goelette.ca\/en\/wp-json\/wp\/v2\/media\/35477"}],"wp:attachment":[{"href":"https:\/\/goelette.ca\/en\/wp-json\/wp\/v2\/media?parent=35475"}],"wp:term":[{"taxonomy":"product_brand","embeddable":true,"href":"https:\/\/goelette.ca\/en\/wp-json\/wp\/v2\/product_brand?post=35475"},{"taxonomy":"product_cat","embeddable":true,"href":"https:\/\/goelette.ca\/en\/wp-json\/wp\/v2\/product_cat?post=35475"},{"taxonomy":"product_tag","embeddable":true,"href":"https:\/\/goelette.ca\/en\/wp-json\/wp\/v2\/product_tag?post=35475"},{"taxonomy":"maison_dedition","embeddable":true,"href":"https:\/\/goelette.ca\/en\/wp-json\/wp\/v2\/maison_dedition?post=35475"}],"curies":[{"name":"wp","href":"https:\/\/api.w.org\/{rel}","templated":true}]}}