{"id":35327,"date":"2022-05-09T09:06:59","date_gmt":"2022-05-09T13:06:59","guid":{"rendered":"https:\/\/www.goelette.ca\/?post_type=product&#038;p=35327"},"modified":"2022-05-20T08:17:28","modified_gmt":"2022-05-20T12:17:28","slug":"le-joyau-de-la-cote-nord","status":"publish","type":"product","link":"https:\/\/goelette.ca\/en\/tous-les-livres\/le-joyau-de-la-cote-nord\/","title":{"rendered":"Le joyau de la C\u00f4te-Nord"},"content":{"rendered":"<p>Une belle journ\u00e9e de juin 2021, un manoir fascinant dans une ville sortie de terre \u00e0 la vitesse de l&#8217;\u00e9clair au lendemain de la crise de 1929, une auteure fascin\u00e9e par Baie-Comeau et un directeur d&#8217;h\u00f4tel qui aime bien \u00e9crire dans es temps libres. Voil\u00e0 comment est n\u00e9 ce livre sur la mythique ville fond\u00e9e par le journaliste et pr\u00e9sident du Chicago Tribune : Le fameux colonel McCormick.<\/p>\n<p>&nbsp;<\/p>\n<p>&nbsp;<\/p>\n","protected":false},"excerpt":{"rendered":"<p>Une belle journ\u00e9e de juin 2021, un manoir fascinant dans une ville sortie de terre \u00e0 la vitesse de l&#8217;\u00e9clair au lendemain de la crise de 1929, une auteure fascin\u00e9e par Baie-Comeau et un directeur d&#8217;h\u00f4tel qui aime bien \u00e9crire dans es temps libres. Voil\u00e0 comment est n\u00e9 ce livre sur la mythique ville fond\u00e9e [&hellip;]<\/p>\n","protected":false},"featured_media":35329,"template":"","meta":{"wds_primary_product_brand":0,"wds_primary_product_cat":0,"wds_primary_maison_dedition":0},"product_brand":[],"product_cat":[557,598],"product_tag":[],"maison_dedition":[],"class_list":{"0":"post-35327","1":"product","2":"type-product","3":"status-publish","4":"has-post-thumbnail","6":"product_cat-pratique","7":"product_cat-voyage","8":"pa_auteur-marie-paule-villeneuve","9":"pa_auteur-normand-belanger","11":"first","12":"instock","13":"taxable","14":"shipping-taxable","15":"purchasable","16":"product-type-variable"},"bundled_by":[],"bundle_stock_status":"instock","bundle_stock_quantity":null,"bundle_virtual":false,"bundle_layout":"","bundle_add_to_cart_form_location":"","bundle_editable_in_cart":false,"bundle_sold_individually_context":"","bundle_item_grouping":"","bundle_min_size":"","bundle_max_size":"","bundle_price":[],"bundled_items":[],"bundle_sell_ids":[],"acf":[],"_links":{"self":[{"href":"https:\/\/goelette.ca\/en\/wp-json\/wp\/v2\/product\/35327","targetHints":{"allow":["GET"]}}],"collection":[{"href":"https:\/\/goelette.ca\/en\/wp-json\/wp\/v2\/product"}],"about":[{"href":"https:\/\/goelette.ca\/en\/wp-json\/wp\/v2\/types\/product"}],"wp:featuredmedia":[{"embeddable":true,"href":"https:\/\/goelette.ca\/en\/wp-json\/wp\/v2\/media\/35329"}],"wp:attachment":[{"href":"https:\/\/goelette.ca\/en\/wp-json\/wp\/v2\/media?parent=35327"}],"wp:term":[{"taxonomy":"product_brand","embeddable":true,"href":"https:\/\/goelette.ca\/en\/wp-json\/wp\/v2\/product_brand?post=35327"},{"taxonomy":"product_cat","embeddable":true,"href":"https:\/\/goelette.ca\/en\/wp-json\/wp\/v2\/product_cat?post=35327"},{"taxonomy":"product_tag","embeddable":true,"href":"https:\/\/goelette.ca\/en\/wp-json\/wp\/v2\/product_tag?post=35327"},{"taxonomy":"maison_dedition","embeddable":true,"href":"https:\/\/goelette.ca\/en\/wp-json\/wp\/v2\/maison_dedition?post=35327"}],"curies":[{"name":"wp","href":"https:\/\/api.w.org\/{rel}","templated":true}]}}