{"id":35078,"date":"2022-05-05T00:00:41","date_gmt":"2022-05-05T04:00:41","guid":{"rendered":"https:\/\/www.goelette.ca\/?post_type=product&#038;p=35078"},"modified":"2023-10-20T14:09:09","modified_gmt":"2023-10-20T18:09:09","slug":"jardins-interdits","status":"publish","type":"product","link":"https:\/\/goelette.ca\/en\/tous-les-livres\/jardins-interdits\/","title":{"rendered":"Jardins interdits"},"content":{"rendered":"<p>\u00c0 l\u2019aube des ann\u00e9es soixante, dans une maison de la rue Berri, l\u2019enfance de Maryse s\u2019\u00e9coule lentement. Elle habite avec ses deux fr\u00e8res et une m\u00e8re qui, afflig\u00e9e par le d\u00e9part de son mari, d\u00e9montre tr\u00e8s peu d\u2019affection \u00e0 ses enfants. Fillette au comportement exemplaire et \u00e9l\u00e8ve mod\u00e8le, Maryse respecte \u00e0 la lettre les codes de conduite dict\u00e9s par l\u2019\u00e9cole et l\u2019\u00c9glise, mais demeure \u00e0 la recherche d\u2019un peu de tendresse. Au fil du temps, Maryse traverse le passage oblig\u00e9 vers l\u2019adolescence et conna\u00eet ses premi\u00e8res exp\u00e9riences. Elle fait la rencontre fortuite d\u2019une jeune femme, Solange, qui changera \u00e0 jamais sa vie. \u00c0 l\u2019\u00e2ge adulte, Maryse choisit d\u2019\u00e9couter la voix de la raison, mais celle de son coeur lui dit de faire autrement. Suivra-t-elle le chemin qu\u2019elle s\u2019est trac\u00e9 ou aura-t-elle le courage d\u2019assumer les d\u00e9sirs qui la consument ? Dans Jardins interdits, Micheline Duff d\u00e9peint \u00e0 la perfection une soci\u00e9t\u00e9 qu\u00e9b\u00e9coise assujettie aux valeurs<br \/>\nde l\u2019\u00c9glise, et dans laquelle il \u00e9tait difficile, surtout pour une femme, de s\u2019\u00e9panouir pleinement. \u00c0 travers ce roman, elle d\u00e9crit avec une profonde sensibilit\u00e9 les moments \u00e0 la fois d\u00e9chirants et touchants de la vie de Maryse et sa qu\u00eate constante du bonheur.<\/p>\n<p>Apr\u00e8s plusieurs ann\u00e9es d\u2019\u00e9tudes, de travail et d\u2019enseignement dans le domaine m\u00e9dical, Micheline Duff se consacre \u00e0 ses passions : sa famille, la musique, qu\u2019elle enseigne, et l\u2019\u00e9criture. Depuis, l\u2019auteure a publi\u00e9 de nombreux romans \u00e0 succ\u00e8s pour adultes ainsi que des contes de No\u00ebl pour petits et grands.<\/p>\n","protected":false},"excerpt":{"rendered":"<p>\u00c0 l\u2019aube des ann\u00e9es soixante, dans une maison de la rue Berri, l\u2019enfance de Maryse s\u2019\u00e9coule lentement. Elle habite avec ses deux fr\u00e8res et une m\u00e8re qui, afflig\u00e9e par le d\u00e9part de son mari, d\u00e9montre tr\u00e8s peu d\u2019affection \u00e0 ses enfants. Fillette au comportement exemplaire et \u00e9l\u00e8ve mod\u00e8le, Maryse respecte \u00e0 la lettre les codes [&hellip;]<\/p>\n","protected":false},"featured_media":35083,"template":"","meta":{"wds_primary_product_brand":0,"wds_primary_product_cat":0,"wds_primary_maison_dedition":0},"product_brand":[],"product_cat":[542,585],"product_tag":[],"maison_dedition":[541],"class_list":{"0":"post-35078","1":"product","2":"type-product","3":"status-publish","4":"has-post-thumbnail","6":"product_cat-roman","7":"product_cat-romance","8":"pa_auteur-micheline-duff","9":"maison_dedition-les-editions-coup-doeil","11":"first","12":"instock","13":"taxable","14":"shipping-taxable","15":"purchasable","16":"product-type-variable"},"bundled_by":[],"bundle_stock_status":"instock","bundle_stock_quantity":null,"bundle_virtual":false,"bundle_layout":"","bundle_add_to_cart_form_location":"","bundle_editable_in_cart":false,"bundle_sold_individually_context":"","bundle_item_grouping":"","bundle_min_size":"","bundle_max_size":"","bundle_price":[],"bundled_items":[],"bundle_sell_ids":[],"acf":[],"_links":{"self":[{"href":"https:\/\/goelette.ca\/en\/wp-json\/wp\/v2\/product\/35078","targetHints":{"allow":["GET"]}}],"collection":[{"href":"https:\/\/goelette.ca\/en\/wp-json\/wp\/v2\/product"}],"about":[{"href":"https:\/\/goelette.ca\/en\/wp-json\/wp\/v2\/types\/product"}],"wp:featuredmedia":[{"embeddable":true,"href":"https:\/\/goelette.ca\/en\/wp-json\/wp\/v2\/media\/35083"}],"wp:attachment":[{"href":"https:\/\/goelette.ca\/en\/wp-json\/wp\/v2\/media?parent=35078"}],"wp:term":[{"taxonomy":"product_brand","embeddable":true,"href":"https:\/\/goelette.ca\/en\/wp-json\/wp\/v2\/product_brand?post=35078"},{"taxonomy":"product_cat","embeddable":true,"href":"https:\/\/goelette.ca\/en\/wp-json\/wp\/v2\/product_cat?post=35078"},{"taxonomy":"product_tag","embeddable":true,"href":"https:\/\/goelette.ca\/en\/wp-json\/wp\/v2\/product_tag?post=35078"},{"taxonomy":"maison_dedition","embeddable":true,"href":"https:\/\/goelette.ca\/en\/wp-json\/wp\/v2\/maison_dedition?post=35078"}],"curies":[{"name":"wp","href":"https:\/\/api.w.org\/{rel}","templated":true}]}}