{"id":35071,"date":"2022-05-05T00:00:29","date_gmt":"2022-05-05T04:00:29","guid":{"rendered":"https:\/\/www.goelette.ca\/?post_type=product&#038;p=35071"},"modified":"2023-12-21T09:27:20","modified_gmt":"2023-12-21T14:27:20","slug":"les-batissette-t-2-lhabitant","status":"publish","type":"product","link":"https:\/\/goelette.ca\/en\/tous-les-livres\/les-batissette-t-2-lhabitant\/","title":{"rendered":"Les Batissette T.2 L&#8217;habitant"},"content":{"rendered":"<p>En 1881, Mo\u00efse Lamarche se retrouve soudainement seul pour \u00e9lever<br \/>\nses sept enfants. Un d\u00e9fi pour lui, mais aussi pour ses enfants orphelins<br \/>\nde m\u00e8re. Le petit dernier, Charles, en est le plus affect\u00e9. D\u2019abord \u00e9lev\u00e9<br \/>\npar sa tante, il se sent \u00e9tranger \u00e0 Montr\u00e9al dans cette famille qu\u2019il ne<br \/>\nconna\u00eet pas, et reste tourn\u00e9 vers la terre ancestrale qui l\u2019a vu grandir<br \/>\net qui l\u2019appelle irr\u00e9sistiblement. Pendant ce temps, ses fr\u00e8res et soeurs<br \/>\nluttent pour atteindre le bonheur qui n\u2019est pas toujours aussi loin<br \/>\nqu\u2019il n\u2019y para\u00eet\u2026<br \/>\nAvec ce second tome des Batissette, Micheline Dalp\u00e9 nous pr\u00e9sente<br \/>\nun large panorama de la vie qu\u00e9b\u00e9coise, tant urbaine que rurale, de la<br \/>\nfin du XIXe si\u00e8cle, une \u00e9poque o\u00f9 les liens filiaux et l\u2019attachement \u00e0 la<br \/>\nterre seront mis \u00e0 rude \u00e9preuve.<\/p>\n<p>&nbsp;<\/p>\n<p>Romanci\u00e8re \u00e9m\u00e9rite, Micheline Dalp\u00e9 brosse et peint, d\u2019une main de<br \/>\nma\u00eetre, des personnages attachants reli\u00e9s \u00e0 notre terroir. Elle participe<br \/>\nainsi \u00e0 la m\u00e9moire du patrimoine.<\/p>\n","protected":false},"excerpt":{"rendered":"<p>En 1881, Mo\u00efse Lamarche se retrouve soudainement seul pour \u00e9lever ses sept enfants. Un d\u00e9fi pour lui, mais aussi pour ses enfants orphelins de m\u00e8re. Le petit dernier, Charles, en est le plus affect\u00e9. D\u2019abord \u00e9lev\u00e9 par sa tante, il se sent \u00e9tranger \u00e0 Montr\u00e9al dans cette famille qu\u2019il ne conna\u00eet pas, et reste tourn\u00e9 [&hellip;]<\/p>\n","protected":false},"featured_media":35076,"template":"","meta":{"wds_primary_product_brand":0,"wds_primary_product_cat":0,"wds_primary_maison_dedition":0},"product_brand":[],"product_cat":[542,585],"product_tag":[],"maison_dedition":[541],"class_list":{"0":"post-35071","1":"product","2":"type-product","3":"status-publish","4":"has-post-thumbnail","6":"product_cat-roman","7":"product_cat-romance","8":"pa_auteur-micheline-dalpe","9":"maison_dedition-les-editions-coup-doeil","11":"first","12":"instock","13":"taxable","14":"shipping-taxable","15":"purchasable","16":"product-type-variable"},"bundled_by":[],"bundle_stock_status":"instock","bundle_stock_quantity":null,"bundle_virtual":false,"bundle_layout":"","bundle_add_to_cart_form_location":"","bundle_editable_in_cart":false,"bundle_sold_individually_context":"","bundle_item_grouping":"","bundle_min_size":"","bundle_max_size":"","bundle_price":[],"bundled_items":[],"bundle_sell_ids":[],"acf":[],"_links":{"self":[{"href":"https:\/\/goelette.ca\/en\/wp-json\/wp\/v2\/product\/35071","targetHints":{"allow":["GET"]}}],"collection":[{"href":"https:\/\/goelette.ca\/en\/wp-json\/wp\/v2\/product"}],"about":[{"href":"https:\/\/goelette.ca\/en\/wp-json\/wp\/v2\/types\/product"}],"wp:featuredmedia":[{"embeddable":true,"href":"https:\/\/goelette.ca\/en\/wp-json\/wp\/v2\/media\/35076"}],"wp:attachment":[{"href":"https:\/\/goelette.ca\/en\/wp-json\/wp\/v2\/media?parent=35071"}],"wp:term":[{"taxonomy":"product_brand","embeddable":true,"href":"https:\/\/goelette.ca\/en\/wp-json\/wp\/v2\/product_brand?post=35071"},{"taxonomy":"product_cat","embeddable":true,"href":"https:\/\/goelette.ca\/en\/wp-json\/wp\/v2\/product_cat?post=35071"},{"taxonomy":"product_tag","embeddable":true,"href":"https:\/\/goelette.ca\/en\/wp-json\/wp\/v2\/product_tag?post=35071"},{"taxonomy":"maison_dedition","embeddable":true,"href":"https:\/\/goelette.ca\/en\/wp-json\/wp\/v2\/maison_dedition?post=35071"}],"curies":[{"name":"wp","href":"https:\/\/api.w.org\/{rel}","templated":true}]}}