{"id":35064,"date":"2022-05-05T09:10:04","date_gmt":"2022-05-05T13:10:04","guid":{"rendered":"https:\/\/www.goelette.ca\/?post_type=product&#038;p=35064"},"modified":"2023-12-21T09:26:52","modified_gmt":"2023-12-21T14:26:52","slug":"les-batissette-t-1-lepicier","status":"publish","type":"product","link":"https:\/\/goelette.ca\/en\/tous-les-livres\/les-batissette-t-1-lepicier\/","title":{"rendered":"Les Batissette T.1 L&#8217;\u00e9picier"},"content":{"rendered":"<p>Au milieu des ann\u00e9es 1800, Mo\u00efse et Thomas Lamarche, dits Batissette, quittent la terre paternelle pour aller chercher du travail \u00e0 Montr\u00e9al. De fermiers, ils deviennent \u00e9picier et ouvrier. Install\u00e9s dans Saint-Henri avec leurs jeunes \u00e9pouses et leurs petites familles qui croissent rapidement, les deux fr\u00e8res semblent avoir trouv\u00e9 le bonheur. Mais dans les quartiers populaires de la ville, un mal encore m\u00e9connu commence \u00e0 faire des victimes et bousculera bient\u00f4t leur destin\u00e9e. Dans ce premier tome d\u2019un diptyque du terroir comme elle seule en a le secret, Micheline Dalp\u00e9 trace une fresque familiale touchante sur fond d\u2019industrialisation, d\u2019exode rural et de tuberculose, nous faisant revivre le Qu\u00e9bec d\u2019autrefois.<\/p>\n<p>Romanci\u00e8re \u00e9m\u00e9rite, Micheline Dalp\u00e9 brosse et peint, d\u2019une main de ma\u00eetre, des personnages attachants reli\u00e9s \u00e0 notre terroir. Elle participe ainsi \u00e0 la m\u00e9moire du patrimoine.<\/p>\n","protected":false},"excerpt":{"rendered":"<p>Au milieu des ann\u00e9es 1800, Mo\u00efse et Thomas Lamarche, dits Batissette, quittent la terre paternelle pour aller chercher du travail \u00e0 Montr\u00e9al. De fermiers, ils deviennent \u00e9picier et ouvrier. Install\u00e9s dans Saint-Henri avec leurs jeunes \u00e9pouses et leurs petites familles qui croissent rapidement, les deux fr\u00e8res semblent avoir trouv\u00e9 le bonheur. Mais dans les quartiers [&hellip;]<\/p>\n","protected":false},"featured_media":35069,"template":"","meta":{"wds_primary_product_brand":0,"wds_primary_product_cat":0,"wds_primary_maison_dedition":0},"product_brand":[],"product_cat":[542,585],"product_tag":[],"maison_dedition":[541],"class_list":{"0":"post-35064","1":"product","2":"type-product","3":"status-publish","4":"has-post-thumbnail","6":"product_cat-roman","7":"product_cat-romance","8":"pa_auteur-micheline-dalpe","9":"maison_dedition-les-editions-coup-doeil","11":"first","12":"instock","13":"taxable","14":"shipping-taxable","15":"purchasable","16":"product-type-variable"},"bundled_by":[],"bundle_stock_status":"instock","bundle_stock_quantity":null,"bundle_virtual":false,"bundle_layout":"","bundle_add_to_cart_form_location":"","bundle_editable_in_cart":false,"bundle_sold_individually_context":"","bundle_item_grouping":"","bundle_min_size":"","bundle_max_size":"","bundle_price":[],"bundled_items":[],"bundle_sell_ids":[],"acf":[],"_links":{"self":[{"href":"https:\/\/goelette.ca\/en\/wp-json\/wp\/v2\/product\/35064","targetHints":{"allow":["GET"]}}],"collection":[{"href":"https:\/\/goelette.ca\/en\/wp-json\/wp\/v2\/product"}],"about":[{"href":"https:\/\/goelette.ca\/en\/wp-json\/wp\/v2\/types\/product"}],"wp:featuredmedia":[{"embeddable":true,"href":"https:\/\/goelette.ca\/en\/wp-json\/wp\/v2\/media\/35069"}],"wp:attachment":[{"href":"https:\/\/goelette.ca\/en\/wp-json\/wp\/v2\/media?parent=35064"}],"wp:term":[{"taxonomy":"product_brand","embeddable":true,"href":"https:\/\/goelette.ca\/en\/wp-json\/wp\/v2\/product_brand?post=35064"},{"taxonomy":"product_cat","embeddable":true,"href":"https:\/\/goelette.ca\/en\/wp-json\/wp\/v2\/product_cat?post=35064"},{"taxonomy":"product_tag","embeddable":true,"href":"https:\/\/goelette.ca\/en\/wp-json\/wp\/v2\/product_tag?post=35064"},{"taxonomy":"maison_dedition","embeddable":true,"href":"https:\/\/goelette.ca\/en\/wp-json\/wp\/v2\/maison_dedition?post=35064"}],"curies":[{"name":"wp","href":"https:\/\/api.w.org\/{rel}","templated":true}]}}