{"id":35041,"date":"2022-05-05T00:00:29","date_gmt":"2022-05-05T04:00:29","guid":{"rendered":"https:\/\/www.goelette.ca\/?post_type=product&#038;p=35041"},"modified":"2022-05-05T09:12:51","modified_gmt":"2022-05-05T13:12:51","slug":"jouer-pour-donner-fondation-pour-lalphabetisation-mots-abeille","status":"publish","type":"product","link":"https:\/\/goelette.ca\/en\/tous-les-livres\/jouer-pour-donner-fondation-pour-lalphabetisation-mots-abeille\/","title":{"rendered":"Jouer pour donner &#8211; Fondation pour l&#8217;alphab\u00e9tisation &#8211; Mots abeille"},"content":{"rendered":"<p>AMUSEZ-VOUS ET SOUTENEZ UNE BONNE CAUSE !<br \/>\nPour chaque exemplaire vendu, un montant de 0,75 $ sera remis<br \/>\n\u00e0 la Fondation pour l\u2019alphab\u00e9tisation afin de soutenir ses activit\u00e9s<br \/>\net sa mission d\u2019aider les gens \u00e0 lire et \u00e0 \u00e9crire.<\/p>\n<p>&nbsp;<\/p>\n<p>Depuis plus d\u2019une d\u00e9cennie, Go\u00e9lette \u00c9ditions sont fi\u00e8res d\u2019avoir collabor\u00e9 avec une vingtaine<br \/>\nde fondations qu\u00e9b\u00e9coises et internationales oeuvrant dans les domaines de la sant\u00e9, de<br \/>\nl\u2019\u00e9ducation et de l\u2019aide humanitaire. Au fil des ann\u00e9es, les ventes de plus de 85 publications<br \/>\nont permis de remettre plus de 160 000 $ pour soutenir ces organismes dans leurs missions<br \/>\nrespectives.<\/p>\n","protected":false},"excerpt":{"rendered":"<p>AMUSEZ-VOUS ET SOUTENEZ UNE BONNE CAUSE ! Pour chaque exemplaire vendu, un montant de 0,75 $ sera remis \u00e0 la Fondation pour l\u2019alphab\u00e9tisation afin de soutenir ses activit\u00e9s et sa mission d\u2019aider les gens \u00e0 lire et \u00e0 \u00e9crire. &nbsp; Depuis plus d\u2019une d\u00e9cennie, Go\u00e9lette \u00c9ditions sont fi\u00e8res d\u2019avoir collabor\u00e9 avec une vingtaine de fondations [&hellip;]<\/p>\n","protected":false},"featured_media":35043,"template":"","meta":{"wds_primary_product_brand":0,"wds_primary_product_cat":0,"wds_primary_maison_dedition":0},"product_brand":[],"product_cat":[567,566,639],"product_tag":[],"maison_dedition":[630],"class_list":{"0":"post-35041","1":"product","2":"type-product","3":"status-publish","4":"has-post-thumbnail","6":"product_cat-adulte","7":"product_cat-livres-de-jeux","8":"product_cat-mots-abeille","9":"pa_auteur-collectif","10":"maison_dedition-les-editions-goelette","12":"first","13":"instock","14":"taxable","15":"shipping-taxable","16":"purchasable","17":"product-type-variable"},"bundled_by":[],"bundle_stock_status":"instock","bundle_stock_quantity":null,"bundle_virtual":false,"bundle_layout":"","bundle_add_to_cart_form_location":"","bundle_editable_in_cart":false,"bundle_sold_individually_context":"","bundle_item_grouping":"","bundle_min_size":"","bundle_max_size":"","bundle_price":[],"bundled_items":[],"bundle_sell_ids":[],"acf":[],"_links":{"self":[{"href":"https:\/\/goelette.ca\/en\/wp-json\/wp\/v2\/product\/35041","targetHints":{"allow":["GET"]}}],"collection":[{"href":"https:\/\/goelette.ca\/en\/wp-json\/wp\/v2\/product"}],"about":[{"href":"https:\/\/goelette.ca\/en\/wp-json\/wp\/v2\/types\/product"}],"wp:featuredmedia":[{"embeddable":true,"href":"https:\/\/goelette.ca\/en\/wp-json\/wp\/v2\/media\/35043"}],"wp:attachment":[{"href":"https:\/\/goelette.ca\/en\/wp-json\/wp\/v2\/media?parent=35041"}],"wp:term":[{"taxonomy":"product_brand","embeddable":true,"href":"https:\/\/goelette.ca\/en\/wp-json\/wp\/v2\/product_brand?post=35041"},{"taxonomy":"product_cat","embeddable":true,"href":"https:\/\/goelette.ca\/en\/wp-json\/wp\/v2\/product_cat?post=35041"},{"taxonomy":"product_tag","embeddable":true,"href":"https:\/\/goelette.ca\/en\/wp-json\/wp\/v2\/product_tag?post=35041"},{"taxonomy":"maison_dedition","embeddable":true,"href":"https:\/\/goelette.ca\/en\/wp-json\/wp\/v2\/maison_dedition?post=35041"}],"curies":[{"name":"wp","href":"https:\/\/api.w.org\/{rel}","templated":true}]}}