{"id":29637,"date":"2022-04-28T00:00:36","date_gmt":"2022-04-28T04:00:36","guid":{"rendered":"https:\/\/www.goelette.ca\/?post_type=product&#038;p=29637"},"modified":"2022-04-29T08:44:41","modified_gmt":"2022-04-29T12:44:41","slug":"maigret-le-pendu-de-saint-pholien","status":"publish","type":"product","link":"https:\/\/goelette.ca\/en\/tous-les-livres\/maigret-le-pendu-de-saint-pholien\/","title":{"rendered":"Maigret &#8211; Le pendu de Saint-Pholien"},"content":{"rendered":"<p>Par le fruit du hasard, Jules Maigret se retrouve au milieu<br \/>\nd\u2019une retentissante affaire. Assis dans un caf\u00e9 \u00e0 Bruxelles,<br \/>\nil remarque un individu \u00e0 l\u2019apparence suspecte. Prenant ce<br \/>\ndernier en filature, il d\u00e9cide de le suivre jusqu\u2019\u00e0 Br\u00eame. L\u2019homme<br \/>\nse suicide dans une chambre d\u2019h\u00f4tel, lorsqu\u2019il constate que<br \/>\nsa valise a \u00e9t\u00e9 remplac\u00e9e par une autre, \u00e9change fait par<br \/>\nMaigret lui-m\u00eame. Stup\u00e9fait, le commissaire ouvre la valise<br \/>\ninitiale et y d\u00e9couvre des v\u00eatements macul\u00e9s de sang. \u00c0<br \/>\nqui ces habits appartiennent-ils ? Et surtout, pourquoi cette<br \/>\nsubstitution de valises a-t-elle men\u00e9 \u00e0 un suicide ?<br \/>\nInspir\u00e9e d\u2019un fait divers, cette enqu\u00eate de Simenon conduira le<br \/>\ncommissaire Maigret sur des pistes prometteuses tandis que<br \/>\nle danger le guette \u00e0 chaque instant.<br \/>\nD\u00c9COUVREZ LES AVENTURES DU COMMISSAIRE QUI<br \/>\nCAPTIVE LES LECTEURS DEPUIS PR\u00c8S D\u2019UN SI\u00c8CLE<br \/>\nN\u00e9 en 1903 et d\u00e9c\u00e9d\u00e9 en 1989, Georges Simenon a connu un<br \/>\ngrand succ\u00e8s gr\u00e2ce \u00e0 ses romans policiers, dont la s\u00e9rie Maigret.<br \/>\nIl est l\u2019un des auteurs belges francophones les plus lus et les<br \/>\nplus traduits dans le monde, et plusieurs de ses oeuvres ont<br \/>\n\u00e9t\u00e9 adapt\u00e9es au cin\u00e9ma.<\/p>\n","protected":false},"excerpt":{"rendered":"<p>Par le fruit du hasard, Jules Maigret se retrouve au milieu d\u2019une retentissante affaire. Assis dans un caf\u00e9 \u00e0 Bruxelles, il remarque un individu \u00e0 l\u2019apparence suspecte. Prenant ce dernier en filature, il d\u00e9cide de le suivre jusqu\u2019\u00e0 Br\u00eame. L\u2019homme se suicide dans une chambre d\u2019h\u00f4tel, lorsqu\u2019il constate que sa valise a \u00e9t\u00e9 remplac\u00e9e par [&hellip;]<\/p>\n","protected":false},"featured_media":29632,"template":"","meta":{"wds_primary_product_brand":0,"wds_primary_product_cat":0,"wds_primary_maison_dedition":0},"product_brand":[],"product_cat":[546,542],"product_tag":[],"maison_dedition":[541],"class_list":{"0":"post-29637","1":"product","2":"type-product","3":"status-publish","4":"has-post-thumbnail","6":"product_cat-policier-thriller","7":"product_cat-roman","8":"pa_auteur-georges-simenon","9":"maison_dedition-les-editions-coup-doeil","11":"first","12":"instock","13":"taxable","14":"shipping-taxable","15":"purchasable","16":"product-type-variable"},"bundled_by":[],"bundle_stock_status":"instock","bundle_stock_quantity":null,"bundle_virtual":false,"bundle_layout":"","bundle_add_to_cart_form_location":"","bundle_editable_in_cart":false,"bundle_sold_individually_context":"","bundle_item_grouping":"","bundle_min_size":"","bundle_max_size":"","bundle_price":[],"bundled_items":[],"bundle_sell_ids":[],"acf":[],"_links":{"self":[{"href":"https:\/\/goelette.ca\/en\/wp-json\/wp\/v2\/product\/29637","targetHints":{"allow":["GET"]}}],"collection":[{"href":"https:\/\/goelette.ca\/en\/wp-json\/wp\/v2\/product"}],"about":[{"href":"https:\/\/goelette.ca\/en\/wp-json\/wp\/v2\/types\/product"}],"wp:featuredmedia":[{"embeddable":true,"href":"https:\/\/goelette.ca\/en\/wp-json\/wp\/v2\/media\/29632"}],"wp:attachment":[{"href":"https:\/\/goelette.ca\/en\/wp-json\/wp\/v2\/media?parent=29637"}],"wp:term":[{"taxonomy":"product_brand","embeddable":true,"href":"https:\/\/goelette.ca\/en\/wp-json\/wp\/v2\/product_brand?post=29637"},{"taxonomy":"product_cat","embeddable":true,"href":"https:\/\/goelette.ca\/en\/wp-json\/wp\/v2\/product_cat?post=29637"},{"taxonomy":"product_tag","embeddable":true,"href":"https:\/\/goelette.ca\/en\/wp-json\/wp\/v2\/product_tag?post=29637"},{"taxonomy":"maison_dedition","embeddable":true,"href":"https:\/\/goelette.ca\/en\/wp-json\/wp\/v2\/maison_dedition?post=29637"}],"curies":[{"name":"wp","href":"https:\/\/api.w.org\/{rel}","templated":true}]}}