{"id":29630,"date":"2022-04-28T00:00:32","date_gmt":"2022-04-28T04:00:32","guid":{"rendered":"https:\/\/www.goelette.ca\/?post_type=product&#038;p=29630"},"modified":"2022-04-27T13:51:28","modified_gmt":"2022-04-27T17:51:28","slug":"maigret-pietr-le-letton","status":"publish","type":"product","link":"https:\/\/goelette.ca\/en\/tous-les-livres\/maigret-pietr-le-letton\/","title":{"rendered":"Maigret &#8211; Pietr-le-Letton"},"content":{"rendered":"<p>la police lors de son arriv\u00e9e \u00e0 Paris. On apprend que ce dernier<br \/>\nest l\u2019un des passagers de l\u2019\u00c9toile du Nord, le train reliant Paris<br \/>\n\u00e0 Amsterdam. Le commissaire Jules Maigret s\u2019occupera de le<br \/>\nprendre en filature \u00e0 sa sortie du train. Or, tandis que le criminel<br \/>\nse rend \u00e0 l\u2019h\u00f4tel Le Majestic, un cadavre est d\u00e9couvert dans un<br \/>\ndes wagons du train. L\u2019homme en question ressemble trait pour<br \/>\ntrait \u00e0 Pietr-le-Letton. Le c\u00e9l\u00e8bre bandit a-t-il \u00e9t\u00e9 assassin\u00e9 ou<br \/>\nest-il toujours en vie ?<br \/>\nPietr-le-Letton est le premier roman mettant en sc\u00e8ne le commissaire<br \/>\nMaigret dans cette chasse \u00e0 l\u2019homme intense, o\u00f9 chaque \u00e9v\u00e9nement<br \/>\nest un rebondissement inattendu.<br \/>\nD\u00c9COUVREZ LES AVENTURES DU COMMISSAIRE QUI<br \/>\nCAPTIVE LES LECTEURS DEPUIS PR\u00c8S D\u2019UN SI\u00c8CLE<br \/>\nN\u00e9 en 1903 et d\u00e9c\u00e9d\u00e9 en 1989, Georges Simenon a connu un<br \/>\ngrand succ\u00e8s gr\u00e2ce \u00e0 ses romans policiers, dont la s\u00e9rie Maigret.<br \/>\nIl est l\u2019un des auteurs belges francophones les plus lus et les<br \/>\nplus traduits dans le monde, et plusieurs de ses oeuvres ont<br \/>\n\u00e9t\u00e9 adapt\u00e9es au cin\u00e9ma.<\/p>\n","protected":false},"excerpt":{"rendered":"<p>la police lors de son arriv\u00e9e \u00e0 Paris. On apprend que ce dernier est l\u2019un des passagers de l\u2019\u00c9toile du Nord, le train reliant Paris \u00e0 Amsterdam. Le commissaire Jules Maigret s\u2019occupera de le prendre en filature \u00e0 sa sortie du train. Or, tandis que le criminel se rend \u00e0 l\u2019h\u00f4tel Le Majestic, un cadavre [&hellip;]<\/p>\n","protected":false},"featured_media":29635,"template":"","meta":{"wds_primary_product_brand":0,"wds_primary_product_cat":0,"wds_primary_maison_dedition":0},"product_brand":[],"product_cat":[546,542],"product_tag":[],"maison_dedition":[541],"class_list":{"0":"post-29630","1":"product","2":"type-product","3":"status-publish","4":"has-post-thumbnail","6":"product_cat-policier-thriller","7":"product_cat-roman","8":"pa_auteur-georges-simenon","9":"maison_dedition-les-editions-coup-doeil","11":"first","12":"instock","13":"taxable","14":"shipping-taxable","15":"purchasable","16":"product-type-variable"},"bundled_by":[],"bundle_stock_status":"instock","bundle_stock_quantity":null,"bundle_virtual":false,"bundle_layout":"","bundle_add_to_cart_form_location":"","bundle_editable_in_cart":false,"bundle_sold_individually_context":"","bundle_item_grouping":"","bundle_min_size":"","bundle_max_size":"","bundle_price":[],"bundled_items":[],"bundle_sell_ids":[],"acf":[],"_links":{"self":[{"href":"https:\/\/goelette.ca\/en\/wp-json\/wp\/v2\/product\/29630","targetHints":{"allow":["GET"]}}],"collection":[{"href":"https:\/\/goelette.ca\/en\/wp-json\/wp\/v2\/product"}],"about":[{"href":"https:\/\/goelette.ca\/en\/wp-json\/wp\/v2\/types\/product"}],"wp:featuredmedia":[{"embeddable":true,"href":"https:\/\/goelette.ca\/en\/wp-json\/wp\/v2\/media\/29635"}],"wp:attachment":[{"href":"https:\/\/goelette.ca\/en\/wp-json\/wp\/v2\/media?parent=29630"}],"wp:term":[{"taxonomy":"product_brand","embeddable":true,"href":"https:\/\/goelette.ca\/en\/wp-json\/wp\/v2\/product_brand?post=29630"},{"taxonomy":"product_cat","embeddable":true,"href":"https:\/\/goelette.ca\/en\/wp-json\/wp\/v2\/product_cat?post=29630"},{"taxonomy":"product_tag","embeddable":true,"href":"https:\/\/goelette.ca\/en\/wp-json\/wp\/v2\/product_tag?post=29630"},{"taxonomy":"maison_dedition","embeddable":true,"href":"https:\/\/goelette.ca\/en\/wp-json\/wp\/v2\/maison_dedition?post=29630"}],"curies":[{"name":"wp","href":"https:\/\/api.w.org\/{rel}","templated":true}]}}