{"id":29625,"date":"2022-04-28T00:00:16","date_gmt":"2022-04-28T04:00:16","guid":{"rendered":"https:\/\/www.goelette.ca\/?post_type=product&#038;p=29625"},"modified":"2022-04-27T13:51:44","modified_gmt":"2022-04-27T17:51:44","slug":"maigret-le-chien-jaune","status":"publish","type":"product","link":"https:\/\/goelette.ca\/en\/tous-les-livres\/maigret-le-chien-jaune\/","title":{"rendered":"Maigret &#8211; Le chien jaune"},"content":{"rendered":"<p>s\u00e9rie d\u2019agressions survenues dans de myst\u00e9rieuses circonstances.<br \/>\nUn \u00e9trange chien aux poils jaunes est aper\u00e7u, r\u00f4dant sur les lieux<br \/>\ndu crime, et ce dernier devient rapidement une piste int\u00e9ressante.<br \/>\nPour \u00e9lucider l\u2019affaire, Maigret explore le pass\u00e9 des trois hommes<br \/>\nvis\u00e9s par le criminel et d\u00e9couvre un indice r\u00e9v\u00e9lateur et inattendu.<br \/>\nQu\u2019est-ce que ces messieurs ont en commun et pourquoi sont-ils<br \/>\nla proie d\u2019un redoutable malfaiteur ?<br \/>\nRetrouvez Maigret dans cette enqu\u00eate rigoureuse, o\u00f9 son instinct<br \/>\nremarquable lui permettra de trouver la cl\u00e9 du myst\u00e8re.<br \/>\nD\u00c9COUVREZ LES AVENTURES DU COMMISSAIRE QUI<br \/>\nCAPTIVE LES LECTEURS DEPUIS PR\u00c8S D\u2019UN SI\u00c8CLE<br \/>\nN\u00e9 en 1903 et d\u00e9c\u00e9d\u00e9 en 1989, Georges Simenon a connu un<br \/>\ngrand succ\u00e8s gr\u00e2ce \u00e0 ses romans policiers, dont la s\u00e9rie Maigret.<br \/>\nIl est l\u2019un des auteurs belges francophones les plus lus et les<br \/>\nplus traduits dans le monde, et plusieurs de ses oeuvres ont<br \/>\n\u00e9t\u00e9 adapt\u00e9es au cin\u00e9ma.<\/p>\n","protected":false},"excerpt":{"rendered":"<p>s\u00e9rie d\u2019agressions survenues dans de myst\u00e9rieuses circonstances. Un \u00e9trange chien aux poils jaunes est aper\u00e7u, r\u00f4dant sur les lieux du crime, et ce dernier devient rapidement une piste int\u00e9ressante. Pour \u00e9lucider l\u2019affaire, Maigret explore le pass\u00e9 des trois hommes vis\u00e9s par le criminel et d\u00e9couvre un indice r\u00e9v\u00e9lateur et inattendu. Qu\u2019est-ce que ces messieurs ont [&hellip;]<\/p>\n","protected":false},"featured_media":29627,"template":"","meta":{"wds_primary_product_brand":0,"wds_primary_product_cat":0,"wds_primary_maison_dedition":0},"product_brand":[],"product_cat":[546,542],"product_tag":[],"maison_dedition":[541],"class_list":{"0":"post-29625","1":"product","2":"type-product","3":"status-publish","4":"has-post-thumbnail","6":"product_cat-policier-thriller","7":"product_cat-roman","8":"pa_auteur-georges-simenon","9":"maison_dedition-les-editions-coup-doeil","11":"first","12":"instock","13":"taxable","14":"shipping-taxable","15":"purchasable","16":"product-type-variable"},"bundled_by":[],"bundle_stock_status":"instock","bundle_stock_quantity":null,"bundle_virtual":false,"bundle_layout":"","bundle_add_to_cart_form_location":"","bundle_editable_in_cart":false,"bundle_sold_individually_context":"","bundle_item_grouping":"","bundle_min_size":"","bundle_max_size":"","bundle_price":[],"bundled_items":[],"bundle_sell_ids":[],"acf":[],"_links":{"self":[{"href":"https:\/\/goelette.ca\/en\/wp-json\/wp\/v2\/product\/29625","targetHints":{"allow":["GET"]}}],"collection":[{"href":"https:\/\/goelette.ca\/en\/wp-json\/wp\/v2\/product"}],"about":[{"href":"https:\/\/goelette.ca\/en\/wp-json\/wp\/v2\/types\/product"}],"wp:featuredmedia":[{"embeddable":true,"href":"https:\/\/goelette.ca\/en\/wp-json\/wp\/v2\/media\/29627"}],"wp:attachment":[{"href":"https:\/\/goelette.ca\/en\/wp-json\/wp\/v2\/media?parent=29625"}],"wp:term":[{"taxonomy":"product_brand","embeddable":true,"href":"https:\/\/goelette.ca\/en\/wp-json\/wp\/v2\/product_brand?post=29625"},{"taxonomy":"product_cat","embeddable":true,"href":"https:\/\/goelette.ca\/en\/wp-json\/wp\/v2\/product_cat?post=29625"},{"taxonomy":"product_tag","embeddable":true,"href":"https:\/\/goelette.ca\/en\/wp-json\/wp\/v2\/product_tag?post=29625"},{"taxonomy":"maison_dedition","embeddable":true,"href":"https:\/\/goelette.ca\/en\/wp-json\/wp\/v2\/maison_dedition?post=29625"}],"curies":[{"name":"wp","href":"https:\/\/api.w.org\/{rel}","templated":true}]}}