{"id":29620,"date":"2022-04-28T00:00:03","date_gmt":"2022-04-28T04:00:03","guid":{"rendered":"https:\/\/www.goelette.ca\/?post_type=product&#038;p=29620"},"modified":"2022-04-27T13:51:59","modified_gmt":"2022-04-27T17:51:59","slug":"maigret-la-premiere-enquete-de-maigret","status":"publish","type":"product","link":"https:\/\/goelette.ca\/en\/tous-les-livres\/maigret-la-premiere-enquete-de-maigret\/","title":{"rendered":"Maigret &#8211; La premi\u00e8re enqu\u00eate de Maigret"},"content":{"rendered":"<p>Avril 1913, dans l\u2019h\u00f4tel particulier appartenant \u00e0 l\u2019importante<br \/>\nfamille Gendreau-Balthazar, un coup de feu se fait entendre, suivi<br \/>\nd\u2019un cri de femme. Jules Maigret se voit confier cette affaire par<br \/>\nson sup\u00e9rieur. Ce dernier est convaincu que le jeune secr\u00e9taire<br \/>\ncourt tout droit \u00e0 l\u2019\u00e9chec. Maigret apprend rapidement qu\u2019il n\u2019est<br \/>\npas simple de se frotter aux gens de la haute soci\u00e9t\u00e9. D\u00e9couvrirat-<br \/>\nil qui a tir\u00e9 ce coup de revolver en pleine nuit ?<br \/>\nSuivez Maigret dans sa toute premi\u00e8re enqu\u00eate, un r\u00e9cit qui vous<br \/>\ntiendra en haleine jusqu\u2019\u00e0 la derni\u00e8re page.<br \/>\nD\u00c9COUVREZ LES AVENTURES DU COMMISSAIRE QUI<br \/>\nCAPTIVE LES LECTEURS DEPUIS PR\u00c8S D\u2019UN SI\u00c8CLE<br \/>\nN\u00e9 en 1903 et d\u00e9c\u00e9d\u00e9 en 1989, Georges Simenon a connu un<br \/>\ngrand succ\u00e8s gr\u00e2ce \u00e0 ses romans policiers, dont la s\u00e9rie Maigret.<br \/>\nIl est l\u2019un des auteurs belges francophones les plus lus et les<br \/>\nplus traduits dans le monde, et plusieurs de ses oeuvres ont<br \/>\n\u00e9t\u00e9 adapt\u00e9es au cin\u00e9ma.<\/p>\n","protected":false},"excerpt":{"rendered":"<p>Avril 1913, dans l\u2019h\u00f4tel particulier appartenant \u00e0 l\u2019importante famille Gendreau-Balthazar, un coup de feu se fait entendre, suivi d\u2019un cri de femme. Jules Maigret se voit confier cette affaire par son sup\u00e9rieur. Ce dernier est convaincu que le jeune secr\u00e9taire court tout droit \u00e0 l\u2019\u00e9chec. Maigret apprend rapidement qu\u2019il n\u2019est pas simple de se frotter [&hellip;]<\/p>\n","protected":false},"featured_media":29623,"template":"","meta":{"wds_primary_product_brand":0,"wds_primary_product_cat":0,"wds_primary_maison_dedition":0},"product_brand":[],"product_cat":[546,542],"product_tag":[],"maison_dedition":[541],"class_list":{"0":"post-29620","1":"product","2":"type-product","3":"status-publish","4":"has-post-thumbnail","6":"product_cat-policier-thriller","7":"product_cat-roman","8":"pa_auteur-georges-simenon","9":"maison_dedition-les-editions-coup-doeil","11":"first","12":"instock","13":"taxable","14":"shipping-taxable","15":"purchasable","16":"product-type-variable"},"bundled_by":[],"bundle_stock_status":"instock","bundle_stock_quantity":null,"bundle_virtual":false,"bundle_layout":"","bundle_add_to_cart_form_location":"","bundle_editable_in_cart":false,"bundle_sold_individually_context":"","bundle_item_grouping":"","bundle_min_size":"","bundle_max_size":"","bundle_price":[],"bundled_items":[],"bundle_sell_ids":[],"acf":[],"_links":{"self":[{"href":"https:\/\/goelette.ca\/en\/wp-json\/wp\/v2\/product\/29620","targetHints":{"allow":["GET"]}}],"collection":[{"href":"https:\/\/goelette.ca\/en\/wp-json\/wp\/v2\/product"}],"about":[{"href":"https:\/\/goelette.ca\/en\/wp-json\/wp\/v2\/types\/product"}],"wp:featuredmedia":[{"embeddable":true,"href":"https:\/\/goelette.ca\/en\/wp-json\/wp\/v2\/media\/29623"}],"wp:attachment":[{"href":"https:\/\/goelette.ca\/en\/wp-json\/wp\/v2\/media?parent=29620"}],"wp:term":[{"taxonomy":"product_brand","embeddable":true,"href":"https:\/\/goelette.ca\/en\/wp-json\/wp\/v2\/product_brand?post=29620"},{"taxonomy":"product_cat","embeddable":true,"href":"https:\/\/goelette.ca\/en\/wp-json\/wp\/v2\/product_cat?post=29620"},{"taxonomy":"product_tag","embeddable":true,"href":"https:\/\/goelette.ca\/en\/wp-json\/wp\/v2\/product_tag?post=29620"},{"taxonomy":"maison_dedition","embeddable":true,"href":"https:\/\/goelette.ca\/en\/wp-json\/wp\/v2\/maison_dedition?post=29620"}],"curies":[{"name":"wp","href":"https:\/\/api.w.org\/{rel}","templated":true}]}}