{"id":286581,"date":"2026-05-08T14:39:24","date_gmt":"2026-05-08T18:39:24","guid":{"rendered":"https:\/\/goelette.ca\/?post_type=product&#038;p=286581"},"modified":"2026-05-13T09:07:35","modified_gmt":"2026-05-13T13:07:35","slug":"debuter-avec-hooponopono","status":"publish","type":"product","link":"https:\/\/goelette.ca\/en\/tous-les-livres\/debuter-avec-hooponopono\/","title":{"rendered":"D\u00e9buter avec Ho&#8217;oponopono"},"content":{"rendered":"<p class=\"p1\" style=\"text-align: center;\">Depuis la naissance, nos m\u00e9moires et blessures du pass\u00e9 influencent nos choix, nous enfermant souvent dans des sch\u00e9mas r\u00e9p\u00e9titifs. Pourtant, chacun d\u00e9tient en lui la capacit\u00e9 de cr\u00e9er une vie pleine de bonheur, de paix et d\u2019amour.<\/p>\n<p class=\"p1\" style=\"text-align: center;\">Ho\u2019oponopono, ancienne sagesse polyn\u00e9sienne, offre un chemin simple et puissant pour se lib\u00e9rer de ces entraves. Dans ce guide clair et accessible, Laurent Debaker vous initie \u00e0 cette m\u00e9thode de transformation int\u00e9rieure et vous montre comment l\u2019int\u00e9grer dans votre quotidien.<\/p>\n<p class=\"p1\" style=\"text-align: center;\">Quatre mots suffisent \u2014 d\u00e9sol\u00e9, pardon, merci, je t\u2019aime \u2014 pour changer votre r\u00e9alit\u00e9\u2026 et atteindre la v\u00e9ritable libert\u00e9 d\u2019\u00eatre.<\/p>\n","protected":false},"excerpt":{"rendered":"<p>Depuis la naissance, nos m\u00e9moires et blessures du pass\u00e9 influencent nos choix, nous enfermant souvent dans des sch\u00e9mas r\u00e9p\u00e9titifs. Pourtant, chacun d\u00e9tient en lui la capacit\u00e9 de cr\u00e9er une vie pleine de bonheur, de paix et d\u2019amour. Ho\u2019oponopono, ancienne sagesse polyn\u00e9sienne, offre un chemin simple et puissant pour se lib\u00e9rer de ces entraves. Dans ce [&hellip;]<\/p>\n","protected":false},"featured_media":286583,"template":"","meta":{"wds_primary_product_brand":0,"wds_primary_product_cat":0,"wds_primary_maison_dedition":0},"product_brand":[],"product_cat":[586],"product_tag":[],"maison_dedition":[630],"class_list":{"0":"post-286581","1":"product","2":"type-product","3":"status-publish","4":"has-post-thumbnail","6":"product_cat-bien-etre-et-sante-pratique","7":"pa_auteur-laurent-debaker","8":"maison_dedition-les-editions-goelette","10":"first","11":"instock","12":"taxable","13":"shipping-taxable","14":"purchasable","15":"product-type-variable","16":"has-default-attributes"},"bundled_by":[],"bundle_stock_status":"instock","bundle_stock_quantity":null,"bundle_virtual":false,"bundle_layout":"","bundle_add_to_cart_form_location":"","bundle_editable_in_cart":false,"bundle_sold_individually_context":"","bundle_item_grouping":"","bundle_min_size":"","bundle_max_size":"","bundle_price":[],"bundled_items":[],"bundle_sell_ids":[],"acf":[],"_links":{"self":[{"href":"https:\/\/goelette.ca\/en\/wp-json\/wp\/v2\/product\/286581","targetHints":{"allow":["GET"]}}],"collection":[{"href":"https:\/\/goelette.ca\/en\/wp-json\/wp\/v2\/product"}],"about":[{"href":"https:\/\/goelette.ca\/en\/wp-json\/wp\/v2\/types\/product"}],"wp:featuredmedia":[{"embeddable":true,"href":"https:\/\/goelette.ca\/en\/wp-json\/wp\/v2\/media\/286583"}],"wp:attachment":[{"href":"https:\/\/goelette.ca\/en\/wp-json\/wp\/v2\/media?parent=286581"}],"wp:term":[{"taxonomy":"product_brand","embeddable":true,"href":"https:\/\/goelette.ca\/en\/wp-json\/wp\/v2\/product_brand?post=286581"},{"taxonomy":"product_cat","embeddable":true,"href":"https:\/\/goelette.ca\/en\/wp-json\/wp\/v2\/product_cat?post=286581"},{"taxonomy":"product_tag","embeddable":true,"href":"https:\/\/goelette.ca\/en\/wp-json\/wp\/v2\/product_tag?post=286581"},{"taxonomy":"maison_dedition","embeddable":true,"href":"https:\/\/goelette.ca\/en\/wp-json\/wp\/v2\/maison_dedition?post=286581"}],"curies":[{"name":"wp","href":"https:\/\/api.w.org\/{rel}","templated":true}]}}