{"id":286576,"date":"2026-05-08T14:32:29","date_gmt":"2026-05-08T18:32:29","guid":{"rendered":"https:\/\/goelette.ca\/?post_type=product&#038;p=286576"},"modified":"2026-05-13T09:14:14","modified_gmt":"2026-05-13T13:14:14","slug":"oracle-de-lautre-rive","status":"publish","type":"product","link":"https:\/\/goelette.ca\/en\/tous-les-livres\/oracle-de-lautre-rive\/","title":{"rendered":"Oracle de l&#8217;autre rive"},"content":{"rendered":"<p class=\"p1\">Bienvenue dans l\u2019\u00e9nergie de ce coffret.<\/p>\n<p class=\"p1\"><strong>L\u2019Oracle de l\u2019autre rive<\/strong> est un jeu de 44 cartes facile \u00e0 utiliser.<\/p>\n<p class=\"p1\">Ce coffret vous am\u00e8nera \u00e0 reconna\u00eetre les signes subtils et \u00e0 accueillir les messages bienveillants de vos proches disparus.<\/p>\n<p class=\"p1\">Chaque carte est une passerelle entre leur monde et le v\u00f4tre, rappelant que le lien d\u2019amour est \u00e9ternel et ne conna\u00eet aucune fin<\/p>\n<p class=\"p1\">Ce coffret contient :<\/p>\n<p class=\"p1\">\u2022 44 cartes<\/p>\n<p class=\"p1\">\u2022 1 guide d\u2019accompagnement<\/p>\n","protected":false},"excerpt":{"rendered":"<p>Bienvenue dans l\u2019\u00e9nergie de ce coffret. L\u2019Oracle de l\u2019autre rive est un jeu de 44 cartes facile \u00e0 utiliser. Ce coffret vous am\u00e8nera \u00e0 reconna\u00eetre les signes subtils et \u00e0 accueillir les messages bienveillants de vos proches disparus. Chaque carte est une passerelle entre leur monde et le v\u00f4tre, rappelant que le lien d\u2019amour est [&hellip;]<\/p>\n","protected":false},"featured_media":286578,"template":"","meta":{"wds_primary_product_brand":0,"wds_primary_product_cat":0,"wds_primary_maison_dedition":0},"product_brand":[],"product_cat":[586,662,581],"product_tag":[],"maison_dedition":[630],"class_list":{"0":"post-286576","1":"product","2":"type-product","3":"status-publish","4":"has-post-thumbnail","6":"product_cat-bien-etre-et-sante-pratique","7":"product_cat-coffret-jeunesse","8":"product_cat-esoterisme","9":"pa_auteur-valerie-defour","10":"pa_auteur-valerie-saussez","11":"maison_dedition-les-editions-goelette","13":"first","14":"instock","15":"taxable","16":"shipping-taxable","17":"purchasable","18":"product-type-variable","19":"has-default-attributes"},"bundled_by":[],"bundle_stock_status":"instock","bundle_stock_quantity":null,"bundle_virtual":false,"bundle_layout":"","bundle_add_to_cart_form_location":"","bundle_editable_in_cart":false,"bundle_sold_individually_context":"","bundle_item_grouping":"","bundle_min_size":"","bundle_max_size":"","bundle_price":[],"bundled_items":[],"bundle_sell_ids":[],"acf":[],"_links":{"self":[{"href":"https:\/\/goelette.ca\/en\/wp-json\/wp\/v2\/product\/286576","targetHints":{"allow":["GET"]}}],"collection":[{"href":"https:\/\/goelette.ca\/en\/wp-json\/wp\/v2\/product"}],"about":[{"href":"https:\/\/goelette.ca\/en\/wp-json\/wp\/v2\/types\/product"}],"wp:featuredmedia":[{"embeddable":true,"href":"https:\/\/goelette.ca\/en\/wp-json\/wp\/v2\/media\/286578"}],"wp:attachment":[{"href":"https:\/\/goelette.ca\/en\/wp-json\/wp\/v2\/media?parent=286576"}],"wp:term":[{"taxonomy":"product_brand","embeddable":true,"href":"https:\/\/goelette.ca\/en\/wp-json\/wp\/v2\/product_brand?post=286576"},{"taxonomy":"product_cat","embeddable":true,"href":"https:\/\/goelette.ca\/en\/wp-json\/wp\/v2\/product_cat?post=286576"},{"taxonomy":"product_tag","embeddable":true,"href":"https:\/\/goelette.ca\/en\/wp-json\/wp\/v2\/product_tag?post=286576"},{"taxonomy":"maison_dedition","embeddable":true,"href":"https:\/\/goelette.ca\/en\/wp-json\/wp\/v2\/maison_dedition?post=286576"}],"curies":[{"name":"wp","href":"https:\/\/api.w.org\/{rel}","templated":true}]}}