{"id":286566,"date":"2026-05-08T13:54:49","date_gmt":"2026-05-08T17:54:49","guid":{"rendered":"https:\/\/goelette.ca\/?post_type=product&#038;p=286566"},"modified":"2026-05-13T09:12:44","modified_gmt":"2026-05-13T13:12:44","slug":"dans-les-entrailles-de-leternite","status":"publish","type":"product","link":"https:\/\/goelette.ca\/en\/tous-les-livres\/dans-les-entrailles-de-leternite\/","title":{"rendered":"Dans les entrailles de l&#8217;\u00e9ternit\u00e9"},"content":{"rendered":"<p style=\"text-align: center;\">Dans un appartement du Plateau-Mont-Royal, trois jeunes sont retrouv\u00e9s atrocement mutil\u00e9s. Une violence d\u2019une rare virulence, presque th\u00e9\u00e2trale. Le meurtrier ne s\u2019est pas content\u00e9 de tuer : il a orchestr\u00e9 une mise en sc\u00e8ne macabre.<\/p>\n<p style=\"text-align: center;\">Le sergent d\u00e9tective Beauregard pensait avoir tout vu, mais ce pr\u00e9dateur est diff\u00e9rent : insaisissable, froid, calculateur. Tandis que la peur s\u2019installe dans la ville, la traque s\u2019intensifie. Chaque piste soul\u00e8ve plus de questions, chaque indice devient une \u00e9nigme.<\/p>\n<p style=\"text-align: center;\">Entre tension haletante, atmosph\u00e8re oppressante et plong\u00e9e au c\u0153ur de la folie humaine, Dans les entrailles de l\u2019\u00e9ternit\u00e9 entra\u00eene le lecteur dans un jeu lugubre o\u00f9 la v\u00e9rit\u00e9 se d\u00e9robe sans cesse.<\/p>\n","protected":false},"excerpt":{"rendered":"<p>Dans un appartement du Plateau-Mont-Royal, trois jeunes sont retrouv\u00e9s atrocement mutil\u00e9s. Une violence d\u2019une rare virulence, presque th\u00e9\u00e2trale. Le meurtrier ne s\u2019est pas content\u00e9 de tuer : il a orchestr\u00e9 une mise en sc\u00e8ne macabre. Le sergent d\u00e9tective Beauregard pensait avoir tout vu, mais ce pr\u00e9dateur est diff\u00e9rent : insaisissable, froid, calculateur. Tandis que la [&hellip;]<\/p>\n","protected":false},"featured_media":286571,"template":"","meta":{"wds_primary_product_brand":0,"wds_primary_product_cat":0,"wds_primary_maison_dedition":0},"product_brand":[],"product_cat":[546,542],"product_tag":[],"maison_dedition":[630],"class_list":{"0":"post-286566","1":"product","2":"type-product","3":"status-publish","4":"has-post-thumbnail","6":"product_cat-policier-thriller","7":"product_cat-roman","8":"pa_auteur-jean-francois-querin","9":"maison_dedition-les-editions-goelette","11":"first","12":"instock","13":"taxable","14":"shipping-taxable","15":"purchasable","16":"product-type-variable","17":"has-default-attributes"},"bundled_by":[],"bundle_stock_status":"instock","bundle_stock_quantity":null,"bundle_virtual":false,"bundle_layout":"","bundle_add_to_cart_form_location":"","bundle_editable_in_cart":false,"bundle_sold_individually_context":"","bundle_item_grouping":"","bundle_min_size":"","bundle_max_size":"","bundle_price":[],"bundled_items":[],"bundle_sell_ids":[],"acf":[],"_links":{"self":[{"href":"https:\/\/goelette.ca\/en\/wp-json\/wp\/v2\/product\/286566","targetHints":{"allow":["GET"]}}],"collection":[{"href":"https:\/\/goelette.ca\/en\/wp-json\/wp\/v2\/product"}],"about":[{"href":"https:\/\/goelette.ca\/en\/wp-json\/wp\/v2\/types\/product"}],"wp:featuredmedia":[{"embeddable":true,"href":"https:\/\/goelette.ca\/en\/wp-json\/wp\/v2\/media\/286571"}],"wp:attachment":[{"href":"https:\/\/goelette.ca\/en\/wp-json\/wp\/v2\/media?parent=286566"}],"wp:term":[{"taxonomy":"product_brand","embeddable":true,"href":"https:\/\/goelette.ca\/en\/wp-json\/wp\/v2\/product_brand?post=286566"},{"taxonomy":"product_cat","embeddable":true,"href":"https:\/\/goelette.ca\/en\/wp-json\/wp\/v2\/product_cat?post=286566"},{"taxonomy":"product_tag","embeddable":true,"href":"https:\/\/goelette.ca\/en\/wp-json\/wp\/v2\/product_tag?post=286566"},{"taxonomy":"maison_dedition","embeddable":true,"href":"https:\/\/goelette.ca\/en\/wp-json\/wp\/v2\/maison_dedition?post=286566"}],"curies":[{"name":"wp","href":"https:\/\/api.w.org\/{rel}","templated":true}]}}