{"id":286544,"date":"2026-05-07T08:18:34","date_gmt":"2026-05-07T12:18:34","guid":{"rendered":"https:\/\/goelette.ca\/?post_type=product&#038;p=286544"},"modified":"2026-05-07T08:46:34","modified_gmt":"2026-05-07T12:46:34","slug":"le-fantastique-livre-des-animaux-marins","status":"publish","type":"product","link":"https:\/\/goelette.ca\/en\/tous-les-livres\/le-fantastique-livre-des-animaux-marins\/","title":{"rendered":"Le fantastique livre des animaux marins"},"content":{"rendered":"<p class=\"p1\" style=\"text-align: center;\"><strong>Plongez dans le monde fascinant les animaux marins<\/strong><\/p>\n<p class=\"p1\" style=\"text-align: center;\">Des r\u00e9cifs coralliens color\u00e9s aux sombres fosses abyssales, les mers et les oc\u00e9ans de notre plan\u00e8te abritent une faune et une flore d\u2019une incroyable diversit\u00e9.<\/p>\n<p class=\"p1\" style=\"text-align: center;\">D\u00e9couvrez comment les animaux aquatiques se sont adapt\u00e9s \u00e0 la vie sous-marine, leur importance pour tous les \u00e9cosyst\u00e8mes et les dangers auxquels ils sont confront\u00e9s.<\/p>\n","protected":false},"excerpt":{"rendered":"<p>Plongez dans le monde fascinant les animaux marins Des r\u00e9cifs coralliens color\u00e9s aux sombres fosses abyssales, les mers et les oc\u00e9ans de notre plan\u00e8te abritent une faune et une flore d\u2019une incroyable diversit\u00e9. D\u00e9couvrez comment les animaux aquatiques se sont adapt\u00e9s \u00e0 la vie sous-marine, leur importance pour tous les \u00e9cosyst\u00e8mes et les dangers auxquels [&hellip;]<\/p>\n","protected":false},"featured_media":286547,"template":"","meta":{"wds_primary_product_brand":0,"wds_primary_product_cat":0,"wds_primary_maison_dedition":0},"product_brand":[],"product_cat":[555,553,538],"product_tag":[],"maison_dedition":[630],"class_list":{"0":"post-286544","1":"product","2":"type-product","3":"status-publish","4":"has-post-thumbnail","6":"product_cat-6-ans-et-plus","7":"product_cat-documentaire","8":"product_cat-jeunesse","9":"pa_auteur-manuella-roman","10":"pa_illustrateur-pippa-boom","11":"maison_dedition-les-editions-goelette","13":"first","14":"instock","15":"taxable","16":"shipping-taxable","17":"purchasable","18":"product-type-variable","19":"has-default-attributes"},"bundled_by":[],"bundle_stock_status":"instock","bundle_stock_quantity":null,"bundle_virtual":false,"bundle_layout":"","bundle_add_to_cart_form_location":"","bundle_editable_in_cart":false,"bundle_sold_individually_context":"","bundle_item_grouping":"","bundle_min_size":"","bundle_max_size":"","bundle_price":[],"bundled_items":[],"bundle_sell_ids":[],"acf":[],"_links":{"self":[{"href":"https:\/\/goelette.ca\/en\/wp-json\/wp\/v2\/product\/286544","targetHints":{"allow":["GET"]}}],"collection":[{"href":"https:\/\/goelette.ca\/en\/wp-json\/wp\/v2\/product"}],"about":[{"href":"https:\/\/goelette.ca\/en\/wp-json\/wp\/v2\/types\/product"}],"wp:featuredmedia":[{"embeddable":true,"href":"https:\/\/goelette.ca\/en\/wp-json\/wp\/v2\/media\/286547"}],"wp:attachment":[{"href":"https:\/\/goelette.ca\/en\/wp-json\/wp\/v2\/media?parent=286544"}],"wp:term":[{"taxonomy":"product_brand","embeddable":true,"href":"https:\/\/goelette.ca\/en\/wp-json\/wp\/v2\/product_brand?post=286544"},{"taxonomy":"product_cat","embeddable":true,"href":"https:\/\/goelette.ca\/en\/wp-json\/wp\/v2\/product_cat?post=286544"},{"taxonomy":"product_tag","embeddable":true,"href":"https:\/\/goelette.ca\/en\/wp-json\/wp\/v2\/product_tag?post=286544"},{"taxonomy":"maison_dedition","embeddable":true,"href":"https:\/\/goelette.ca\/en\/wp-json\/wp\/v2\/maison_dedition?post=286544"}],"curies":[{"name":"wp","href":"https:\/\/api.w.org\/{rel}","templated":true}]}}