{"id":286409,"date":"2026-04-15T00:02:46","date_gmt":"2026-04-15T04:02:46","guid":{"rendered":"https:\/\/goelette.ca\/?post_type=product&#038;p=286409"},"modified":"2026-04-14T10:58:22","modified_gmt":"2026-04-14T14:58:22","slug":"des-jeux-et-des-jeux-super-geants-mots-caches-vol-4","status":"publish","type":"product","link":"https:\/\/goelette.ca\/en\/tous-les-livres\/des-jeux-et-des-jeux-super-geants-mots-caches-vol-4\/","title":{"rendered":"Des jeux et des jeux super g\u00e9ants &#8211; Mots cach\u00e9s vol. 4"},"content":{"rendered":"<p style=\"text-align: center;\"><strong>52 GRILLES ET SOLUTIONS<\/strong><\/p>\n<p style=\"text-align: center;\">Amateurs de mots cach\u00e9s, retrouvez votre jeu pr\u00e9f\u00e9r\u00e9 dans un format super g\u00e9ant !<\/p>\n<p class=\"p1\" style=\"text-align: center;\">Ces grandes grilles de 40 par 40 cases mettront vos connaissances au d\u00e9fi.<\/p>\n<p style=\"text-align: center;\">La collection <strong>Des jeux et des jeux super g\u00e9ants<\/strong> vous propose des jeux de lettres et de chiffres classiques, le tout dans un grand format qui fera le bonheur des joueurs qui voient les choses en grand !<\/p>\n<p style=\"text-align: center;\">\n","protected":false},"excerpt":{"rendered":"<p>52 GRILLES ET SOLUTIONS Amateurs de mots cach\u00e9s, retrouvez votre jeu pr\u00e9f\u00e9r\u00e9 dans un format super g\u00e9ant ! Ces grandes grilles de 40 par 40 cases mettront vos connaissances au d\u00e9fi. La collection Des jeux et des jeux super g\u00e9ants vous propose des jeux de lettres et de chiffres classiques, le tout dans un grand [&hellip;]<\/p>\n","protected":false},"featured_media":286411,"template":"","meta":{"wds_primary_product_brand":0,"wds_primary_product_cat":0,"wds_primary_maison_dedition":0},"product_brand":[],"product_cat":[567,566,608],"product_tag":[],"maison_dedition":[630],"class_list":{"0":"post-286409","1":"product","2":"type-product","3":"status-publish","4":"has-post-thumbnail","6":"product_cat-adulte","7":"product_cat-livres-de-jeux","8":"product_cat-mots-caches","9":"maison_dedition-les-editions-goelette","11":"first","12":"instock","13":"taxable","14":"shipping-taxable","15":"purchasable","16":"product-type-variable"},"bundled_by":[],"bundle_stock_status":"instock","bundle_stock_quantity":null,"bundle_virtual":false,"bundle_layout":"","bundle_add_to_cart_form_location":"","bundle_editable_in_cart":false,"bundle_sold_individually_context":"","bundle_item_grouping":"","bundle_min_size":"","bundle_max_size":"","bundle_price":[],"bundled_items":[],"bundle_sell_ids":[],"acf":[],"_links":{"self":[{"href":"https:\/\/goelette.ca\/en\/wp-json\/wp\/v2\/product\/286409","targetHints":{"allow":["GET"]}}],"collection":[{"href":"https:\/\/goelette.ca\/en\/wp-json\/wp\/v2\/product"}],"about":[{"href":"https:\/\/goelette.ca\/en\/wp-json\/wp\/v2\/types\/product"}],"wp:featuredmedia":[{"embeddable":true,"href":"https:\/\/goelette.ca\/en\/wp-json\/wp\/v2\/media\/286411"}],"wp:attachment":[{"href":"https:\/\/goelette.ca\/en\/wp-json\/wp\/v2\/media?parent=286409"}],"wp:term":[{"taxonomy":"product_brand","embeddable":true,"href":"https:\/\/goelette.ca\/en\/wp-json\/wp\/v2\/product_brand?post=286409"},{"taxonomy":"product_cat","embeddable":true,"href":"https:\/\/goelette.ca\/en\/wp-json\/wp\/v2\/product_cat?post=286409"},{"taxonomy":"product_tag","embeddable":true,"href":"https:\/\/goelette.ca\/en\/wp-json\/wp\/v2\/product_tag?post=286409"},{"taxonomy":"maison_dedition","embeddable":true,"href":"https:\/\/goelette.ca\/en\/wp-json\/wp\/v2\/maison_dedition?post=286409"}],"curies":[{"name":"wp","href":"https:\/\/api.w.org\/{rel}","templated":true}]}}