{"id":286399,"date":"2026-04-15T00:02:25","date_gmt":"2026-04-15T04:02:25","guid":{"rendered":"https:\/\/goelette.ca\/?post_type=product&#038;p=286399"},"modified":"2026-04-14T10:29:12","modified_gmt":"2026-04-14T14:29:12","slug":"oracle-la-voix-du-coeur","status":"publish","type":"product","link":"https:\/\/goelette.ca\/en\/tous-les-livres\/oracle-la-voix-du-coeur\/","title":{"rendered":"Oracle la voix du C\u0153ur"},"content":{"rendered":"<p class=\"p1\">\n<p style=\"text-align: center;\"><strong>Coffret de 52 oracles<\/strong> pr\u00e9sent\u00e9s sous forme de po\u00e8mes ha\u00efkus.<\/p>\n<p style=\"text-align: center;\">Chaque carte vous invite \u00e0 la r\u00e9flexion. Gr\u00e2ce aux reprogrammations positives, vous amorcerez des changements profonds pour concr\u00e9tiser vos aspirations et manifester une nouvelle r\u00e9alit\u00e9, align\u00e9e avec votre v\u00e9ritable essence.<\/p>\n<p class=\"p1\" style=\"text-align: center;\">\n","protected":false},"excerpt":{"rendered":"<p>Coffret de 52 oracles pr\u00e9sent\u00e9s sous forme de po\u00e8mes ha\u00efkus. Chaque carte vous invite \u00e0 la r\u00e9flexion. Gr\u00e2ce aux reprogrammations positives, vous amorcerez des changements profonds pour concr\u00e9tiser vos aspirations et manifester une nouvelle r\u00e9alit\u00e9, align\u00e9e avec votre v\u00e9ritable essence.<\/p>\n","protected":false},"featured_media":286401,"template":"","meta":{"wds_primary_product_brand":0,"wds_primary_product_cat":0,"wds_primary_maison_dedition":0},"product_brand":[],"product_cat":[586,662,581],"product_tag":[],"maison_dedition":[630],"class_list":{"0":"post-286399","1":"product","2":"type-product","3":"status-publish","4":"has-post-thumbnail","6":"product_cat-bien-etre-et-sante-pratique","7":"product_cat-coffret-jeunesse","8":"product_cat-esoterisme","9":"maison_dedition-les-editions-goelette","11":"first","12":"instock","13":"taxable","14":"shipping-taxable","15":"purchasable","16":"product-type-variable","17":"has-default-attributes"},"bundled_by":[],"bundle_stock_status":"instock","bundle_stock_quantity":null,"bundle_virtual":false,"bundle_layout":"","bundle_add_to_cart_form_location":"","bundle_editable_in_cart":false,"bundle_sold_individually_context":"","bundle_item_grouping":"","bundle_min_size":"","bundle_max_size":"","bundle_price":[],"bundled_items":[],"bundle_sell_ids":[],"acf":[],"_links":{"self":[{"href":"https:\/\/goelette.ca\/en\/wp-json\/wp\/v2\/product\/286399","targetHints":{"allow":["GET"]}}],"collection":[{"href":"https:\/\/goelette.ca\/en\/wp-json\/wp\/v2\/product"}],"about":[{"href":"https:\/\/goelette.ca\/en\/wp-json\/wp\/v2\/types\/product"}],"wp:featuredmedia":[{"embeddable":true,"href":"https:\/\/goelette.ca\/en\/wp-json\/wp\/v2\/media\/286401"}],"wp:attachment":[{"href":"https:\/\/goelette.ca\/en\/wp-json\/wp\/v2\/media?parent=286399"}],"wp:term":[{"taxonomy":"product_brand","embeddable":true,"href":"https:\/\/goelette.ca\/en\/wp-json\/wp\/v2\/product_brand?post=286399"},{"taxonomy":"product_cat","embeddable":true,"href":"https:\/\/goelette.ca\/en\/wp-json\/wp\/v2\/product_cat?post=286399"},{"taxonomy":"product_tag","embeddable":true,"href":"https:\/\/goelette.ca\/en\/wp-json\/wp\/v2\/product_tag?post=286399"},{"taxonomy":"maison_dedition","embeddable":true,"href":"https:\/\/goelette.ca\/en\/wp-json\/wp\/v2\/maison_dedition?post=286399"}],"curies":[{"name":"wp","href":"https:\/\/api.w.org\/{rel}","templated":true}]}}