{"id":286390,"date":"2026-04-14T08:27:58","date_gmt":"2026-04-14T12:27:58","guid":{"rendered":"https:\/\/goelette.ca\/?post_type=product&#038;p=286390"},"modified":"2026-04-14T08:48:42","modified_gmt":"2026-04-14T12:48:42","slug":"moi-jeanne-dupuis-partie-3-prevente-jusquau-14-avril","status":"publish","type":"product","link":"https:\/\/goelette.ca\/en\/tous-les-livres\/moi-jeanne-dupuis-partie-3-prevente-jusquau-14-avril\/","title":{"rendered":"Moi, Jeanne Dupuis &#8211; Partie 3. (Pr\u00e9vente jusqu&#8217;au 14 avril)"},"content":{"rendered":"<p style=\"text-align: center;\">L\u2019exil pour Saint-Basile, dans le comt\u00e9 de Portneuf, \u00e9tait un leurre pour Jeanne, mais son retour \u00e0 Malartic, en Abitibi, s\u2019av\u00e9rera encore plus difficile. Seuls ses enfants seront pour elle la motivation de se tenir debout, tenace face au destin qui semble s\u2019acharner.<\/p>\n<p style=\"text-align: center;\">Alors qu\u2019elle croit faire de la mis\u00e8re son pain quotidien, la venue d\u2019un ancien combattant brouillera les cartes. Le r\u00e9pit semble se pointer le nez sur la rue Wolfe de Malartic, mais ce serait mal conna\u00eetre le destin. Le spectre de la maladie tournoie au-dessus de Jeanne et sa famille, et c\u2019est dans une autre bourrasque, \u00e0 bout de souffle, qu\u2019elle est projet\u00e9e. D\u00e9termin\u00e9e, inventive, elle parviendra enfin \u00e0 se construire un bonheur tant esp\u00e9r\u00e9.<\/p>\n<p style=\"text-align: center;\">Ce roman trace le portrait r\u00e9el d\u2019une femme courageuse malgr\u00e9 les handicaps et les \u00e9preuves. Ce dernier chapitre d\u2019une \u0153uvre en trois parties illustre un Qu\u00e9bec en mutation, d\u00e9sireux de sortir du pouvoir cl\u00e9rical et de la Grande Noirceur du duplessisme.<\/p>\n<p class=\"p1\" style=\"text-align: center;\"><strong>Normand Boucher vient du milieu des arts visuels. Il a pratiqu\u00e9 son m\u00e9tier pour le th\u00e9\u00e2tre, la t\u00e9l\u00e9vision et les festivals. Il poursuit une carri\u00e8re de peintre depuis plus de vingt ans et compte \u00e0 son actif plus d\u2019une trentaine d\u2019expositions solos et collectives.<\/strong><\/p>\n","protected":false},"excerpt":{"rendered":"<p>L\u2019exil pour Saint-Basile, dans le comt\u00e9 de Portneuf, \u00e9tait un leurre pour Jeanne, mais son retour \u00e0 Malartic, en Abitibi, s\u2019av\u00e9rera encore plus difficile. Seuls ses enfants seront pour elle la motivation de se tenir debout, tenace face au destin qui semble s\u2019acharner. Alors qu\u2019elle croit faire de la mis\u00e8re son pain quotidien, la venue [&hellip;]<\/p>\n","protected":false},"featured_media":286393,"template":"","meta":{"wds_primary_product_brand":0,"wds_primary_product_cat":0,"wds_primary_maison_dedition":0},"product_brand":[],"product_cat":[543,868,542],"product_tag":[],"maison_dedition":[630],"class_list":{"0":"post-286390","1":"product","2":"type-product","3":"status-publish","4":"has-post-thumbnail","6":"product_cat-historique","7":"product_cat-recit","8":"product_cat-roman","9":"pa_auteur-normand-boucher-2","10":"maison_dedition-les-editions-goelette","12":"first","13":"instock","14":"taxable","15":"shipping-taxable","16":"purchasable","17":"product-type-variable","18":"has-default-attributes"},"bundled_by":[],"bundle_stock_status":"instock","bundle_stock_quantity":null,"bundle_virtual":false,"bundle_layout":"","bundle_add_to_cart_form_location":"","bundle_editable_in_cart":false,"bundle_sold_individually_context":"","bundle_item_grouping":"","bundle_min_size":"","bundle_max_size":"","bundle_price":[],"bundled_items":[],"bundle_sell_ids":[],"acf":[],"_links":{"self":[{"href":"https:\/\/goelette.ca\/en\/wp-json\/wp\/v2\/product\/286390","targetHints":{"allow":["GET"]}}],"collection":[{"href":"https:\/\/goelette.ca\/en\/wp-json\/wp\/v2\/product"}],"about":[{"href":"https:\/\/goelette.ca\/en\/wp-json\/wp\/v2\/types\/product"}],"wp:featuredmedia":[{"embeddable":true,"href":"https:\/\/goelette.ca\/en\/wp-json\/wp\/v2\/media\/286393"}],"wp:attachment":[{"href":"https:\/\/goelette.ca\/en\/wp-json\/wp\/v2\/media?parent=286390"}],"wp:term":[{"taxonomy":"product_brand","embeddable":true,"href":"https:\/\/goelette.ca\/en\/wp-json\/wp\/v2\/product_brand?post=286390"},{"taxonomy":"product_cat","embeddable":true,"href":"https:\/\/goelette.ca\/en\/wp-json\/wp\/v2\/product_cat?post=286390"},{"taxonomy":"product_tag","embeddable":true,"href":"https:\/\/goelette.ca\/en\/wp-json\/wp\/v2\/product_tag?post=286390"},{"taxonomy":"maison_dedition","embeddable":true,"href":"https:\/\/goelette.ca\/en\/wp-json\/wp\/v2\/maison_dedition?post=286390"}],"curies":[{"name":"wp","href":"https:\/\/api.w.org\/{rel}","templated":true}]}}