{"id":286299,"date":"2026-04-01T00:05:34","date_gmt":"2026-04-01T04:05:34","guid":{"rendered":"https:\/\/goelette.ca\/?post_type=product&#038;p=286299"},"modified":"2026-03-31T15:53:18","modified_gmt":"2026-03-31T19:53:18","slug":"je-lis-et-je-joue-partons-a-laventure","status":"publish","type":"product","link":"https:\/\/goelette.ca\/en\/tous-les-livres\/je-lis-et-je-joue-partons-a-laventure\/","title":{"rendered":"Je lis et je joue &#8211; Partons \u00e0 l&#8217;aventure!"},"content":{"rendered":"<p class=\"p1\" style=\"text-align: left;\">D\u00e9couvre deux histoires mettant en vedette des personnages fantastiques !<\/p>\n<p class=\"p1\" style=\"text-align: left;\">Prolonge le plaisir de la lecture avec deux casse-t\u00eates et deux affiches inspir\u00e9s par les livres !<\/p>\n<p style=\"text-align: left;\"><strong>Dans ce coffret :<\/strong><\/p>\n<ul>\n<li style=\"text-align: left;\">2 albums illustr\u00e9s : <em>Le loup et le cardinal, Le loup et les animaux de la montagne<\/em><\/li>\n<li style=\"text-align: left;\">2 casse-t\u00eates<\/li>\n<li style=\"text-align: left;\">2 affiches<\/li>\n<\/ul>\n","protected":false},"excerpt":{"rendered":"<p>D\u00e9couvre deux histoires mettant en vedette des personnages fantastiques ! Prolonge le plaisir de la lecture avec deux casse-t\u00eates et deux affiches inspir\u00e9s par les livres ! Dans ce coffret : 2 albums illustr\u00e9s : Le loup et le cardinal, Le loup et les animaux de la montagne 2 casse-t\u00eates 2 affiches<\/p>\n","protected":false},"featured_media":286301,"template":"","meta":{"wds_primary_product_brand":0,"wds_primary_product_cat":0,"wds_primary_maison_dedition":0},"product_brand":[],"product_cat":[560,578,749,662,538],"product_tag":[],"maison_dedition":[541],"class_list":{"0":"post-286299","1":"product","2":"type-product","3":"status-publish","4":"has-post-thumbnail","6":"product_cat-3-5-ans","7":"product_cat-albums-illustres","8":"product_cat-casse-tete","9":"product_cat-coffret-jeunesse","10":"product_cat-jeunesse","11":"pa_auteur-marilou-charpentier","12":"pa_auteur-olive-labbe","13":"pa_illustrateur-maria-sole-macchia","14":"pa_illustrateur-sanaa-legdani","15":"maison_dedition-les-editions-coup-doeil","17":"first","18":"instock","19":"taxable","20":"shipping-taxable","21":"purchasable","22":"product-type-variable","23":"has-default-attributes"},"bundled_by":[],"bundle_stock_status":"instock","bundle_stock_quantity":null,"bundle_virtual":false,"bundle_layout":"","bundle_add_to_cart_form_location":"","bundle_editable_in_cart":false,"bundle_sold_individually_context":"","bundle_item_grouping":"","bundle_min_size":"","bundle_max_size":"","bundle_price":[],"bundled_items":[],"bundle_sell_ids":[],"acf":[],"_links":{"self":[{"href":"https:\/\/goelette.ca\/en\/wp-json\/wp\/v2\/product\/286299","targetHints":{"allow":["GET"]}}],"collection":[{"href":"https:\/\/goelette.ca\/en\/wp-json\/wp\/v2\/product"}],"about":[{"href":"https:\/\/goelette.ca\/en\/wp-json\/wp\/v2\/types\/product"}],"wp:featuredmedia":[{"embeddable":true,"href":"https:\/\/goelette.ca\/en\/wp-json\/wp\/v2\/media\/286301"}],"wp:attachment":[{"href":"https:\/\/goelette.ca\/en\/wp-json\/wp\/v2\/media?parent=286299"}],"wp:term":[{"taxonomy":"product_brand","embeddable":true,"href":"https:\/\/goelette.ca\/en\/wp-json\/wp\/v2\/product_brand?post=286299"},{"taxonomy":"product_cat","embeddable":true,"href":"https:\/\/goelette.ca\/en\/wp-json\/wp\/v2\/product_cat?post=286299"},{"taxonomy":"product_tag","embeddable":true,"href":"https:\/\/goelette.ca\/en\/wp-json\/wp\/v2\/product_tag?post=286299"},{"taxonomy":"maison_dedition","embeddable":true,"href":"https:\/\/goelette.ca\/en\/wp-json\/wp\/v2\/maison_dedition?post=286299"}],"curies":[{"name":"wp","href":"https:\/\/api.w.org\/{rel}","templated":true}]}}