{"id":286179,"date":"2026-03-19T00:01:26","date_gmt":"2026-03-19T04:01:26","guid":{"rendered":"https:\/\/goelette.ca\/?post_type=product&#038;p=286179"},"modified":"2026-04-03T08:06:49","modified_gmt":"2026-04-03T12:06:49","slug":"trousse-de-depart-jade-lachine","status":"publish","type":"product","link":"https:\/\/goelette.ca\/en\/tous-les-livres\/trousse-de-depart-jade-lachine\/","title":{"rendered":"Trousse de d\u00e9part Jade Lachine"},"content":{"rendered":"<p class=\"p1\">D\u00e9couvrez les marqueurs \u00e0 l\u2019alcool sign\u00e9s Jade Lachine avec cette magnifique trousse de d\u00e9part ! \ud83c\udfa8 \u2728<\/p>\n<p class=\"p1\">Avec ses <span class=\"s1\"><b>48 marqueurs \u00e0 l\u2019alcool<\/b><\/span>, elle offre une palette riche et vibrante pour donner vie \u00e0 toutes vos id\u00e9es. Profitez d\u2019une application fluide, de couleurs intenses et d\u2019un rendu digne de vos plus belles cr\u00e9ations.<\/p>\n<p>\u00c0 l&#8217;int\u00e9rieur :<\/p>\n<ul>\n<li>48 marqueurs \u00e0 l&#8217;alcool \u00e0 double pointe (pinceau et large)<\/li>\n<li>1 nuancier pour tester vos couleurs<\/li>\n<\/ul>\n<p>&nbsp;<\/p>\n<p>&nbsp;<\/p>\n","protected":false},"excerpt":{"rendered":"<p>D\u00e9couvrez les marqueurs \u00e0 l\u2019alcool sign\u00e9s Jade Lachine avec cette magnifique trousse de d\u00e9part ! \ud83c\udfa8 \u2728 Avec ses 48 marqueurs \u00e0 l\u2019alcool, elle offre une palette riche et vibrante pour donner vie \u00e0 toutes vos id\u00e9es. Profitez d\u2019une application fluide, de couleurs intenses et d\u2019un rendu digne de vos plus belles cr\u00e9ations. \u00c0 l&#8217;int\u00e9rieur [&hellip;]<\/p>\n","protected":false},"featured_media":286181,"template":"","meta":{"wds_primary_product_brand":0,"wds_primary_product_cat":0,"wds_primary_maison_dedition":0},"product_brand":[],"product_cat":[571,927,928,614],"product_tag":[],"maison_dedition":[672,731],"class_list":{"0":"post-286179","1":"product","2":"type-product","3":"status-publish","4":"has-post-thumbnail","6":"product_cat-coloriage","7":"product_cat-crayons","8":"product_cat-marqueurs-a-lalcool-jade-lachine","9":"product_cat-papeterie","10":"pa_illustrateur-jade-lachine","11":"maison_dedition-beaux-papierrs","12":"maison_dedition-jade-lachine","14":"first","15":"instock","16":"taxable","17":"shipping-taxable","18":"purchasable","19":"product-type-variable","20":"has-default-attributes"},"bundled_by":[],"bundle_stock_status":"instock","bundle_stock_quantity":null,"bundle_virtual":false,"bundle_layout":"","bundle_add_to_cart_form_location":"","bundle_editable_in_cart":false,"bundle_sold_individually_context":"","bundle_item_grouping":"","bundle_min_size":"","bundle_max_size":"","bundle_price":[],"bundled_items":[],"bundle_sell_ids":[],"acf":[],"_links":{"self":[{"href":"https:\/\/goelette.ca\/en\/wp-json\/wp\/v2\/product\/286179","targetHints":{"allow":["GET"]}}],"collection":[{"href":"https:\/\/goelette.ca\/en\/wp-json\/wp\/v2\/product"}],"about":[{"href":"https:\/\/goelette.ca\/en\/wp-json\/wp\/v2\/types\/product"}],"wp:featuredmedia":[{"embeddable":true,"href":"https:\/\/goelette.ca\/en\/wp-json\/wp\/v2\/media\/286181"}],"wp:attachment":[{"href":"https:\/\/goelette.ca\/en\/wp-json\/wp\/v2\/media?parent=286179"}],"wp:term":[{"taxonomy":"product_brand","embeddable":true,"href":"https:\/\/goelette.ca\/en\/wp-json\/wp\/v2\/product_brand?post=286179"},{"taxonomy":"product_cat","embeddable":true,"href":"https:\/\/goelette.ca\/en\/wp-json\/wp\/v2\/product_cat?post=286179"},{"taxonomy":"product_tag","embeddable":true,"href":"https:\/\/goelette.ca\/en\/wp-json\/wp\/v2\/product_tag?post=286179"},{"taxonomy":"maison_dedition","embeddable":true,"href":"https:\/\/goelette.ca\/en\/wp-json\/wp\/v2\/maison_dedition?post=286179"}],"curies":[{"name":"wp","href":"https:\/\/api.w.org\/{rel}","templated":true}]}}