{"id":286167,"date":"2026-03-19T00:01:36","date_gmt":"2026-03-19T04:01:36","guid":{"rendered":"https:\/\/goelette.ca\/?post_type=product&#038;p=286167"},"modified":"2026-04-03T08:06:32","modified_gmt":"2026-04-03T12:06:32","slug":"la-valise-dartiste-de-jade-lachine","status":"publish","type":"product","link":"https:\/\/goelette.ca\/en\/tous-les-livres\/la-valise-dartiste-de-jade-lachine\/","title":{"rendered":"La valise d&#8217;artiste de Jade Lachine"},"content":{"rendered":"<p class=\"p1\">Les marqueurs \u00e0 l\u2019alcool sign\u00e9s Jade Lachine d\u00e9barquent dans une superbe valise d\u2019artiste ! \ud83c\udfa8 \u2728<\/p>\n<p class=\"p1\">Avec ses <span class=\"s1\"><b>100 marqueurs \u00e0 l\u2019alcool <\/b>de qualit\u00e9 professionnelle<\/span>, elle offre une palette riche et vibrante pour donner vie \u00e0 toutes vos id\u00e9es. Profitez d\u2019une application fluide, de couleurs intenses et d\u2019un rendu digne de vos plus belles cr\u00e9ations.<\/p>\n<p>\u00c0 l&#8217;int\u00e9rieur :<\/p>\n<ul>\n<li>100 marqueurs \u00e0 l&#8217;alcool \u00e0 double pointe (pinceau et large)<\/li>\n<li>1 nuancier pour tester vos couleurs<\/li>\n<li>1 feuille protectrice \u00e0 glisser sous la page pour \u00e9viter les d\u00e9bordements<\/li>\n<\/ul>\n<p>&nbsp;<\/p>\n<p>&nbsp;<\/p>\n","protected":false},"excerpt":{"rendered":"<p>Les marqueurs \u00e0 l\u2019alcool sign\u00e9s Jade Lachine d\u00e9barquent dans une superbe valise d\u2019artiste ! \ud83c\udfa8 \u2728 Avec ses 100 marqueurs \u00e0 l\u2019alcool de qualit\u00e9 professionnelle, elle offre une palette riche et vibrante pour donner vie \u00e0 toutes vos id\u00e9es. Profitez d\u2019une application fluide, de couleurs intenses et d\u2019un rendu digne de vos plus belles cr\u00e9ations. [&hellip;]<\/p>\n","protected":false},"featured_media":286175,"template":"","meta":{"wds_primary_product_brand":0,"wds_primary_product_cat":0,"wds_primary_maison_dedition":0},"product_brand":[],"product_cat":[571,927,928,614],"product_tag":[],"maison_dedition":[672,731],"class_list":{"0":"post-286167","1":"product","2":"type-product","3":"status-publish","4":"has-post-thumbnail","6":"product_cat-coloriage","7":"product_cat-crayons","8":"product_cat-marqueurs-a-lalcool-jade-lachine","9":"product_cat-papeterie","10":"pa_illustrateur-jade-lachine","11":"maison_dedition-beaux-papierrs","12":"maison_dedition-jade-lachine","14":"first","15":"instock","16":"taxable","17":"shipping-taxable","18":"purchasable","19":"product-type-variable","20":"has-default-attributes"},"bundled_by":[],"bundle_stock_status":"instock","bundle_stock_quantity":null,"bundle_virtual":false,"bundle_layout":"","bundle_add_to_cart_form_location":"","bundle_editable_in_cart":false,"bundle_sold_individually_context":"","bundle_item_grouping":"","bundle_min_size":"","bundle_max_size":"","bundle_price":[],"bundled_items":[],"bundle_sell_ids":[],"acf":[],"_links":{"self":[{"href":"https:\/\/goelette.ca\/en\/wp-json\/wp\/v2\/product\/286167","targetHints":{"allow":["GET"]}}],"collection":[{"href":"https:\/\/goelette.ca\/en\/wp-json\/wp\/v2\/product"}],"about":[{"href":"https:\/\/goelette.ca\/en\/wp-json\/wp\/v2\/types\/product"}],"wp:featuredmedia":[{"embeddable":true,"href":"https:\/\/goelette.ca\/en\/wp-json\/wp\/v2\/media\/286175"}],"wp:attachment":[{"href":"https:\/\/goelette.ca\/en\/wp-json\/wp\/v2\/media?parent=286167"}],"wp:term":[{"taxonomy":"product_brand","embeddable":true,"href":"https:\/\/goelette.ca\/en\/wp-json\/wp\/v2\/product_brand?post=286167"},{"taxonomy":"product_cat","embeddable":true,"href":"https:\/\/goelette.ca\/en\/wp-json\/wp\/v2\/product_cat?post=286167"},{"taxonomy":"product_tag","embeddable":true,"href":"https:\/\/goelette.ca\/en\/wp-json\/wp\/v2\/product_tag?post=286167"},{"taxonomy":"maison_dedition","embeddable":true,"href":"https:\/\/goelette.ca\/en\/wp-json\/wp\/v2\/maison_dedition?post=286167"}],"curies":[{"name":"wp","href":"https:\/\/api.w.org\/{rel}","templated":true}]}}