{"id":286117,"date":"2026-03-11T08:45:12","date_gmt":"2026-03-11T12:45:12","guid":{"rendered":"https:\/\/goelette.ca\/?post_type=product&#038;p=286117"},"modified":"2026-03-18T09:10:41","modified_gmt":"2026-03-18T13:10:41","slug":"la-foret-dacier-partie-2","status":"publish","type":"product","link":"https:\/\/goelette.ca\/en\/tous-les-livres\/la-foret-dacier-partie-2\/","title":{"rendered":"La for\u00eat d&#8217;acier &#8211; Partie 2"},"content":{"rendered":"<p style=\"text-align: left;\">Essayant toujours d\u2019identifier les saboteurs de la production sur la colonie mini\u00e8re CM24, le professeur James Johnson est persuad\u00e9 que Iaro, une intelligence artificielle ill\u00e9gale, a r\u00e9ussi \u00e0 infiltrer et \u00e0 infecter les syst\u00e8mes informatiques vitaux de la colonie. En parall\u00e8le, un arbre d\u2019acier grandit subitement et violemment \u00e0 l\u2019int\u00e9rieur de ses murs. Dans l\u2019un et l\u2019autre cas, ce sont les quartiers de James qui semblent \u00e0 l\u2019origine des ph\u00e9nom\u00e8nes. Pour le directeur Gordon O\u2019Bryan, c\u2019est plus que suffisant pour l\u2019inculper.<\/p>\n<p style=\"text-align: left;\">Pour James, l\u2019existence du virus informatique confirme plut\u00f4t ses propres soup\u00e7ons. Iaro a tout maniganc\u00e9 pour se d\u00e9barrasser d\u2019un adversaire. Sinon, pourquoi aurait-il appuy\u00e9 les conclusions du directeur ?<\/p>\n<p style=\"text-align: left;\">Thriller de science-fiction, La for\u00eat d\u2019acier nous plonge dans un futur \u00e9loign\u00e9, mais si pr\u00e8s de la r\u00e9alit\u00e9, o\u00f9 l\u2019intelligence artificielle prend une place insoup\u00e7onn\u00e9e. Et la question se pose : est-ce que l\u2019IA est une alli\u00e9e ou une ennemie ? D\u00e9couvrez, dans cette premi\u00e8re de deux parties, comment un homme devra affronter plusieurs adversaires, humains ou non, pour r\u00e9soudre les probl\u00e8mes cach\u00e9s d\u2019une exocolonie en apparence fructueuse.<\/p>\n","protected":false},"excerpt":{"rendered":"<p>Essayant toujours d\u2019identifier les saboteurs de la production sur la colonie mini\u00e8re CM24, le professeur James Johnson est persuad\u00e9 que Iaro, une intelligence artificielle ill\u00e9gale, a r\u00e9ussi \u00e0 infiltrer et \u00e0 infecter les syst\u00e8mes informatiques vitaux de la colonie. En parall\u00e8le, un arbre d\u2019acier grandit subitement et violemment \u00e0 l\u2019int\u00e9rieur de ses murs. Dans l\u2019un [&hellip;]<\/p>\n","protected":false},"featured_media":286121,"template":"","meta":{"wds_primary_product_brand":0,"wds_primary_product_cat":0,"wds_primary_maison_dedition":0},"product_brand":[],"product_cat":[546,542,602],"product_tag":[],"maison_dedition":[630],"class_list":{"0":"post-286117","1":"product","2":"type-product","3":"status-publish","4":"has-post-thumbnail","6":"product_cat-policier-thriller","7":"product_cat-roman","8":"product_cat-science-fiction","9":"pa_auteur-alain-lafond","10":"maison_dedition-les-editions-goelette","12":"first","13":"instock","14":"taxable","15":"shipping-taxable","16":"purchasable","17":"product-type-variable","18":"has-default-attributes"},"bundled_by":[],"bundle_stock_status":"instock","bundle_stock_quantity":null,"bundle_virtual":false,"bundle_layout":"","bundle_add_to_cart_form_location":"","bundle_editable_in_cart":false,"bundle_sold_individually_context":"","bundle_item_grouping":"","bundle_min_size":"","bundle_max_size":"","bundle_price":[],"bundled_items":[],"bundle_sell_ids":[],"acf":[],"_links":{"self":[{"href":"https:\/\/goelette.ca\/en\/wp-json\/wp\/v2\/product\/286117","targetHints":{"allow":["GET"]}}],"collection":[{"href":"https:\/\/goelette.ca\/en\/wp-json\/wp\/v2\/product"}],"about":[{"href":"https:\/\/goelette.ca\/en\/wp-json\/wp\/v2\/types\/product"}],"wp:featuredmedia":[{"embeddable":true,"href":"https:\/\/goelette.ca\/en\/wp-json\/wp\/v2\/media\/286121"}],"wp:attachment":[{"href":"https:\/\/goelette.ca\/en\/wp-json\/wp\/v2\/media?parent=286117"}],"wp:term":[{"taxonomy":"product_brand","embeddable":true,"href":"https:\/\/goelette.ca\/en\/wp-json\/wp\/v2\/product_brand?post=286117"},{"taxonomy":"product_cat","embeddable":true,"href":"https:\/\/goelette.ca\/en\/wp-json\/wp\/v2\/product_cat?post=286117"},{"taxonomy":"product_tag","embeddable":true,"href":"https:\/\/goelette.ca\/en\/wp-json\/wp\/v2\/product_tag?post=286117"},{"taxonomy":"maison_dedition","embeddable":true,"href":"https:\/\/goelette.ca\/en\/wp-json\/wp\/v2\/maison_dedition?post=286117"}],"curies":[{"name":"wp","href":"https:\/\/api.w.org\/{rel}","templated":true}]}}