{"id":286100,"date":"2026-03-10T09:05:29","date_gmt":"2026-03-10T13:05:29","guid":{"rendered":"https:\/\/goelette.ca\/?post_type=product&#038;p=286100"},"modified":"2026-03-27T15:22:17","modified_gmt":"2026-03-27T19:22:17","slug":"programme-neurofit","status":"publish","type":"product","link":"https:\/\/goelette.ca\/en\/tous-les-livres\/programme-neurofit\/","title":{"rendered":"Programme NeuroFit"},"content":{"rendered":"<p style=\"text-align: center;\"><strong>ENTRA\u00ceNEZ VOTRE CERVEAU COMME UN ATHL\u00c8TE ! <\/strong><\/p>\n<p style=\"text-align: center;\">Fruit d\u2019un partenariat unique entre Go\u00e9lette \u00c9ditions et le neuropsychologue Beno\u00eet Hammarrenger, NeuroFit propose un v\u00e9ritable programme d\u2019entra\u00eenement cognitif complet, con\u00e7u pour stimuler votre esprit de mani\u00e8re progressive et \u00e9quilibr\u00e9e.<\/p>\n<p style=\"text-align: center;\">Structur\u00e9 en 28 s\u00e9ances, \u00e0 suivre en 28 jours ou \u00e0 votre propre rythme, ce programme s\u2019inspire des m\u00e9thodes d\u2019entra\u00eenement sportif pour offrir un parcours clair, motivant et efficace. Chaque journ\u00e9e combine des exercices vari\u00e9s qui sollicitent diff\u00e9rentes fonctions cognitives \u2014 m\u00e9moire, attention, langage, logique, flexibilit\u00e9 mentale, planification, cr\u00e9ativit\u00e9, et plus encore.<\/p>\n<p style=\"text-align: center;\">\u00c9nigmes logiques, jeux de vocabulaire, d\u00e9fis visuo-spatiaux, sudokus, labyrinthes, cherche et trouve, mots crois\u00e9s\u2026 autant de jeux ludiques et stimulants qui deviendront vos alli\u00e9s pour garder votre esprit vif et alerte.<\/p>\n","protected":false},"excerpt":{"rendered":"<p>ENTRA\u00ceNEZ VOTRE CERVEAU COMME UN ATHL\u00c8TE ! Fruit d\u2019un partenariat unique entre Go\u00e9lette \u00c9ditions et le neuropsychologue Beno\u00eet Hammarrenger, NeuroFit propose un v\u00e9ritable programme d\u2019entra\u00eenement cognitif complet, con\u00e7u pour stimuler votre esprit de mani\u00e8re progressive et \u00e9quilibr\u00e9e. Structur\u00e9 en 28 s\u00e9ances, \u00e0 suivre en 28 jours ou \u00e0 votre propre rythme, ce programme s\u2019inspire des [&hellip;]<\/p>\n","protected":false},"featured_media":286102,"template":"","meta":{"wds_primary_product_brand":0,"wds_primary_product_cat":0,"wds_primary_maison_dedition":0},"product_brand":[],"product_cat":[567,587,566],"product_tag":[],"maison_dedition":[630],"class_list":{"0":"post-286100","1":"product","2":"type-product","3":"status-publish","4":"has-post-thumbnail","6":"product_cat-adulte","7":"product_cat-jeux-melanges","8":"product_cat-livres-de-jeux","9":"pa_auteur-benoit-hammarrenger","10":"maison_dedition-les-editions-goelette","12":"first","13":"instock","14":"taxable","15":"shipping-taxable","16":"purchasable","17":"product-type-variable"},"bundled_by":[],"bundle_stock_status":"instock","bundle_stock_quantity":null,"bundle_virtual":false,"bundle_layout":"","bundle_add_to_cart_form_location":"","bundle_editable_in_cart":false,"bundle_sold_individually_context":"","bundle_item_grouping":"","bundle_min_size":"","bundle_max_size":"","bundle_price":[],"bundled_items":[],"bundle_sell_ids":[],"acf":[],"_links":{"self":[{"href":"https:\/\/goelette.ca\/en\/wp-json\/wp\/v2\/product\/286100","targetHints":{"allow":["GET"]}}],"collection":[{"href":"https:\/\/goelette.ca\/en\/wp-json\/wp\/v2\/product"}],"about":[{"href":"https:\/\/goelette.ca\/en\/wp-json\/wp\/v2\/types\/product"}],"wp:featuredmedia":[{"embeddable":true,"href":"https:\/\/goelette.ca\/en\/wp-json\/wp\/v2\/media\/286102"}],"wp:attachment":[{"href":"https:\/\/goelette.ca\/en\/wp-json\/wp\/v2\/media?parent=286100"}],"wp:term":[{"taxonomy":"product_brand","embeddable":true,"href":"https:\/\/goelette.ca\/en\/wp-json\/wp\/v2\/product_brand?post=286100"},{"taxonomy":"product_cat","embeddable":true,"href":"https:\/\/goelette.ca\/en\/wp-json\/wp\/v2\/product_cat?post=286100"},{"taxonomy":"product_tag","embeddable":true,"href":"https:\/\/goelette.ca\/en\/wp-json\/wp\/v2\/product_tag?post=286100"},{"taxonomy":"maison_dedition","embeddable":true,"href":"https:\/\/goelette.ca\/en\/wp-json\/wp\/v2\/maison_dedition?post=286100"}],"curies":[{"name":"wp","href":"https:\/\/api.w.org\/{rel}","templated":true}]}}