{"id":286090,"date":"2026-03-10T00:03:59","date_gmt":"2026-03-10T04:03:59","guid":{"rendered":"https:\/\/goelette.ca\/?post_type=product&#038;p=286090"},"modified":"2026-03-18T09:11:11","modified_gmt":"2026-03-18T13:11:11","slug":"ma-journee-en-pleine-conscience","status":"publish","type":"product","link":"https:\/\/goelette.ca\/en\/tous-les-livres\/ma-journee-en-pleine-conscience\/","title":{"rendered":"Ma journ\u00e9e en pleine conscience"},"content":{"rendered":"<p style=\"text-align: center;\"><strong>Ma journ\u00e9e en pleine conscience<\/strong><br \/>\nest un coffret de 52 cartes con\u00e7ues pour vous accompagner au quotidien.<\/p>\n<p style=\"text-align: center;\">Chaque carte propose un th\u00e8me, un objectif, une pens\u00e9e inspirante et une pratique simple pour apaiser votre esprit, \u00e9veiller votre conscience et ouvrir votre c\u0153ur. \u00c0 tout moment, tirez une carte et laissez-vous guider vers un quotidien plus serein et plus lumineux.<\/p>\n","protected":false},"excerpt":{"rendered":"<p>Ma journ\u00e9e en pleine conscience est un coffret de 52 cartes con\u00e7ues pour vous accompagner au quotidien. Chaque carte propose un th\u00e8me, un objectif, une pens\u00e9e inspirante et une pratique simple pour apaiser votre esprit, \u00e9veiller votre conscience et ouvrir votre c\u0153ur. \u00c0 tout moment, tirez une carte et laissez-vous guider vers un quotidien plus [&hellip;]<\/p>\n","protected":false},"featured_media":286094,"template":"","meta":{"wds_primary_product_brand":0,"wds_primary_product_cat":0,"wds_primary_maison_dedition":0},"product_brand":[],"product_cat":[586,592,557],"product_tag":[],"maison_dedition":[630],"class_list":{"0":"post-286090","1":"product","2":"type-product","3":"status-publish","4":"has-post-thumbnail","6":"product_cat-bien-etre-et-sante-pratique","7":"product_cat-croissance-personnelle-pratique","8":"product_cat-pratique","9":"pa_auteur-louise-j-poulin-2","10":"maison_dedition-les-editions-goelette","12":"first","13":"instock","14":"taxable","15":"shipping-taxable","16":"purchasable","17":"product-type-variable"},"bundled_by":[],"bundle_stock_status":"instock","bundle_stock_quantity":null,"bundle_virtual":false,"bundle_layout":"","bundle_add_to_cart_form_location":"","bundle_editable_in_cart":false,"bundle_sold_individually_context":"","bundle_item_grouping":"","bundle_min_size":"","bundle_max_size":"","bundle_price":[],"bundled_items":[],"bundle_sell_ids":[],"acf":[],"_links":{"self":[{"href":"https:\/\/goelette.ca\/en\/wp-json\/wp\/v2\/product\/286090","targetHints":{"allow":["GET"]}}],"collection":[{"href":"https:\/\/goelette.ca\/en\/wp-json\/wp\/v2\/product"}],"about":[{"href":"https:\/\/goelette.ca\/en\/wp-json\/wp\/v2\/types\/product"}],"wp:featuredmedia":[{"embeddable":true,"href":"https:\/\/goelette.ca\/en\/wp-json\/wp\/v2\/media\/286094"}],"wp:attachment":[{"href":"https:\/\/goelette.ca\/en\/wp-json\/wp\/v2\/media?parent=286090"}],"wp:term":[{"taxonomy":"product_brand","embeddable":true,"href":"https:\/\/goelette.ca\/en\/wp-json\/wp\/v2\/product_brand?post=286090"},{"taxonomy":"product_cat","embeddable":true,"href":"https:\/\/goelette.ca\/en\/wp-json\/wp\/v2\/product_cat?post=286090"},{"taxonomy":"product_tag","embeddable":true,"href":"https:\/\/goelette.ca\/en\/wp-json\/wp\/v2\/product_tag?post=286090"},{"taxonomy":"maison_dedition","embeddable":true,"href":"https:\/\/goelette.ca\/en\/wp-json\/wp\/v2\/maison_dedition?post=286090"}],"curies":[{"name":"wp","href":"https:\/\/api.w.org\/{rel}","templated":true}]}}