{"id":286015,"date":"2026-03-04T08:46:38","date_gmt":"2026-03-04T13:46:38","guid":{"rendered":"https:\/\/goelette.ca\/?post_type=product&#038;p=286015"},"modified":"2026-03-04T09:01:06","modified_gmt":"2026-03-04T14:01:06","slug":"josephine-lebeau-pinson-et-le-spectacle-de-fin-dannee","status":"publish","type":"product","link":"https:\/\/goelette.ca\/en\/tous-les-livres\/josephine-lebeau-pinson-et-le-spectacle-de-fin-dannee\/","title":{"rendered":"Jos\u00e9phine Lebeau-Pinson et le spectacle de fin d&#8217;ann\u00e9e"},"content":{"rendered":"<div class=\"Y3BBE\" style=\"text-align: left;\" data-sfc-cp=\"\" data-sfc-cb=\"\" data-hveid=\"CAMQAA\" data-complete=\"true\" data-processed=\"true\">Jos\u00e9phine Lebeau-Pinson tr\u00e9pigne d&#8217;impatience : le spectacle de fin d&#8217;ann\u00e9e approche \u00e0 grands pas, et elle est BIEN d\u00e9cid\u00e9e \u00e0 y briller. Mais encore faut-il trouver le bon num\u00e9ro&#8230;\u00a0<strong class=\"Yjhzub\" data-sfc-cb=\"\" data-complete=\"true\" data-processed=\"true\">VENTRILOQUIE ? BLAGUES ? JONGLERIE ?<\/strong> Rien ne tient la route. Jusqu&#8217;au moment o\u00f9 une id\u00e9e \u00e9clatante (et bruyante !) surgit.<\/div>\n<div data-sfc-cp=\"\" data-sfc-cb=\"\" data-hveid=\"CAMQAA\" data-complete=\"true\" data-processed=\"true\"><\/div>\n<div class=\"Y3BBE\" style=\"text-align: left;\" data-sfc-cp=\"\" data-sfc-cb=\"\" data-hveid=\"CAMQAA\" data-complete=\"true\" data-processed=\"true\">Un album p\u00e9tillant et plein d&#8217;humour sur la cr\u00e9ativit\u00e9, la d\u00e9brouillardise\u2026 et les objets du quotidien qui font <strong class=\"Yjhzub\" data-sfc-cb=\"\" data-complete=\"true\" data-processed=\"true\" aria-owns=\"action-menu-parent-container\">BOUM BOUM !<\/strong><\/div>\n","protected":false},"excerpt":{"rendered":"<p>Jos\u00e9phine Lebeau-Pinson tr\u00e9pigne d&#8217;impatience : le spectacle de fin d&#8217;ann\u00e9e approche \u00e0 grands pas, et elle est BIEN d\u00e9cid\u00e9e \u00e0 y briller. Mais encore faut-il trouver le bon num\u00e9ro&#8230;\u00a0VENTRILOQUIE ? BLAGUES ? JONGLERIE ? Rien ne tient la route. Jusqu&#8217;au moment o\u00f9 une id\u00e9e \u00e9clatante (et bruyante !) surgit. Un album p\u00e9tillant et plein d&#8217;humour [&hellip;]<\/p>\n","protected":false},"featured_media":286017,"template":"","meta":{"wds_primary_product_brand":0,"wds_primary_product_cat":0,"wds_primary_maison_dedition":0},"product_brand":[],"product_cat":[555,578,538],"product_tag":[],"maison_dedition":[630],"class_list":{"0":"post-286015","1":"product","2":"type-product","3":"status-publish","4":"has-post-thumbnail","6":"product_cat-6-ans-et-plus","7":"product_cat-albums-illustres","8":"product_cat-jeunesse","9":"pa_auteur-anne-renaud","10":"pa_illustrateur-jean-marc-langue","11":"maison_dedition-les-editions-goelette","13":"first","14":"instock","15":"taxable","16":"shipping-taxable","17":"purchasable","18":"product-type-variable"},"bundled_by":[],"bundle_stock_status":"instock","bundle_stock_quantity":null,"bundle_virtual":false,"bundle_layout":"","bundle_add_to_cart_form_location":"","bundle_editable_in_cart":false,"bundle_sold_individually_context":"","bundle_item_grouping":"","bundle_min_size":"","bundle_max_size":"","bundle_price":[],"bundled_items":[],"bundle_sell_ids":[],"acf":[],"_links":{"self":[{"href":"https:\/\/goelette.ca\/en\/wp-json\/wp\/v2\/product\/286015","targetHints":{"allow":["GET"]}}],"collection":[{"href":"https:\/\/goelette.ca\/en\/wp-json\/wp\/v2\/product"}],"about":[{"href":"https:\/\/goelette.ca\/en\/wp-json\/wp\/v2\/types\/product"}],"wp:featuredmedia":[{"embeddable":true,"href":"https:\/\/goelette.ca\/en\/wp-json\/wp\/v2\/media\/286017"}],"wp:attachment":[{"href":"https:\/\/goelette.ca\/en\/wp-json\/wp\/v2\/media?parent=286015"}],"wp:term":[{"taxonomy":"product_brand","embeddable":true,"href":"https:\/\/goelette.ca\/en\/wp-json\/wp\/v2\/product_brand?post=286015"},{"taxonomy":"product_cat","embeddable":true,"href":"https:\/\/goelette.ca\/en\/wp-json\/wp\/v2\/product_cat?post=286015"},{"taxonomy":"product_tag","embeddable":true,"href":"https:\/\/goelette.ca\/en\/wp-json\/wp\/v2\/product_tag?post=286015"},{"taxonomy":"maison_dedition","embeddable":true,"href":"https:\/\/goelette.ca\/en\/wp-json\/wp\/v2\/maison_dedition?post=286015"}],"curies":[{"name":"wp","href":"https:\/\/api.w.org\/{rel}","templated":true}]}}