{"id":286013,"date":"2026-03-04T08:31:00","date_gmt":"2026-03-04T13:31:00","guid":{"rendered":"https:\/\/goelette.ca\/?post_type=product&#038;p=286013"},"modified":"2026-03-04T09:36:48","modified_gmt":"2026-03-04T14:36:48","slug":"la-surprise-de-norah","status":"publish","type":"product","link":"https:\/\/goelette.ca\/en\/tous-les-livres\/la-surprise-de-norah\/","title":{"rendered":"La surprise de Norah"},"content":{"rendered":"<p style=\"text-align: center;\">Norah re\u00e7oit un cadeau pour son anniversaire. Un chiot vif bondit hors de la bo\u00eete, aboie et fait des b\u00eatises. Norah saura-t-elle l\u2019aimer malgr\u00e9 tout ?<\/p>\n<p style=\"text-align: center;\">Une histoire tendre et dr\u00f4le sur la patience, l\u2019amiti\u00e9 et l\u2019amour inconditionnel entre une petite fille et son chien.<\/p>\n","protected":false},"excerpt":{"rendered":"<p>Norah re\u00e7oit un cadeau pour son anniversaire. Un chiot vif bondit hors de la bo\u00eete, aboie et fait des b\u00eatises. Norah saura-t-elle l\u2019aimer malgr\u00e9 tout ? Une histoire tendre et dr\u00f4le sur la patience, l\u2019amiti\u00e9 et l\u2019amour inconditionnel entre une petite fille et son chien.<\/p>\n","protected":false},"featured_media":286022,"template":"","meta":{"wds_primary_product_brand":0,"wds_primary_product_cat":0,"wds_primary_maison_dedition":0},"product_brand":[],"product_cat":[540,560,578,538],"product_tag":[],"maison_dedition":[630],"class_list":{"0":"post-286013","1":"product","2":"type-product","3":"status-publish","4":"has-post-thumbnail","6":"product_cat-0-2-ans","7":"product_cat-3-5-ans","8":"product_cat-albums-illustres","9":"product_cat-jeunesse","10":"pa_auteur-catherine-cote","11":"pa_illustrateur-marjorie-blais-simard","12":"maison_dedition-les-editions-goelette","14":"first","15":"instock","16":"taxable","17":"shipping-taxable","18":"purchasable","19":"product-type-variable"},"bundled_by":[],"bundle_stock_status":"instock","bundle_stock_quantity":null,"bundle_virtual":false,"bundle_layout":"","bundle_add_to_cart_form_location":"","bundle_editable_in_cart":false,"bundle_sold_individually_context":"","bundle_item_grouping":"","bundle_min_size":"","bundle_max_size":"","bundle_price":[],"bundled_items":[],"bundle_sell_ids":[],"acf":[],"_links":{"self":[{"href":"https:\/\/goelette.ca\/en\/wp-json\/wp\/v2\/product\/286013","targetHints":{"allow":["GET"]}}],"collection":[{"href":"https:\/\/goelette.ca\/en\/wp-json\/wp\/v2\/product"}],"about":[{"href":"https:\/\/goelette.ca\/en\/wp-json\/wp\/v2\/types\/product"}],"wp:featuredmedia":[{"embeddable":true,"href":"https:\/\/goelette.ca\/en\/wp-json\/wp\/v2\/media\/286022"}],"wp:attachment":[{"href":"https:\/\/goelette.ca\/en\/wp-json\/wp\/v2\/media?parent=286013"}],"wp:term":[{"taxonomy":"product_brand","embeddable":true,"href":"https:\/\/goelette.ca\/en\/wp-json\/wp\/v2\/product_brand?post=286013"},{"taxonomy":"product_cat","embeddable":true,"href":"https:\/\/goelette.ca\/en\/wp-json\/wp\/v2\/product_cat?post=286013"},{"taxonomy":"product_tag","embeddable":true,"href":"https:\/\/goelette.ca\/en\/wp-json\/wp\/v2\/product_tag?post=286013"},{"taxonomy":"maison_dedition","embeddable":true,"href":"https:\/\/goelette.ca\/en\/wp-json\/wp\/v2\/maison_dedition?post=286013"}],"curies":[{"name":"wp","href":"https:\/\/api.w.org\/{rel}","templated":true}]}}