{"id":285976,"date":"2026-02-24T15:47:17","date_gmt":"2026-02-24T20:47:17","guid":{"rendered":"https:\/\/goelette.ca\/?post_type=product&#038;p=285976"},"modified":"2026-02-24T15:55:07","modified_gmt":"2026-02-24T20:55:07","slug":"pecher-au-quebec","status":"publish","type":"product","link":"https:\/\/goelette.ca\/en\/tous-les-livres\/pecher-au-quebec\/","title":{"rendered":"P\u00eacher au Qu\u00e9bec"},"content":{"rendered":"<p style=\"text-align: left;\">La p\u00eache occupe une place privil\u00e9gi\u00e9e dans le patrimoine r\u00e9cr\u00e9atif du Qu\u00e9bec. Des rives du Saint-Laurent aux innombrables lacs et rivi\u00e8res de la province, elle incarne un art de vivre o\u00f9 se conjuguent d\u00e9tente, d\u00e9couverte et respect de la nature. Cet ouvrage de r\u00e9f\u00e9rence offre un panorama complet, qui comprend notamment:<\/p>\n<p style=\"text-align: left;\">\u2022 un d\u00e9coupage pr\u00e9cis des 29 zones de p\u00eache;<br \/>\n\u2022 la pr\u00e9sentation des 15 esp\u00e8ces les plus populaires aupr\u00e8s des adeptes de p\u00eache sportive;<br \/>\n\u2022 des recommandations sur l\u2019\u00e9quipement et les techniques \u00e0 privil\u00e9gier;<br \/>\n\u2022 un tour d\u2019horizon des tournois et festivals r\u00e9gionaux;<br \/>\n\u2022 un r\u00e9pertoire des principales pourvoiries du territoire;<br \/>\n\u2022 des portraits de passionn\u00e9s qui se distinguent par leur exp\u00e9rience et leur parcours.<\/p>\n<p style=\"text-align: left;\">Valid\u00e9 par la F\u00e9d\u00e9ration qu\u00e9b\u00e9coise des chasseurs et p\u00eacheurs, ce guide vous assure une information fiable et rigoureuse. Avec une pr\u00e9face sign\u00e9e par son directeur g\u00e9n\u00e9ral, Alain Cossette, il se distingue comme la r\u00e9f\u00e9rence incontournable pour tous les passionn\u00e9s de p\u00eache. Accessible, complet et pratique, il deviendra vite le compagnon id\u00e9al de vos aventures au fil des lacs et rivi\u00e8res du Qu\u00e9bec.<\/p>\n","protected":false},"excerpt":{"rendered":"<p>La p\u00eache occupe une place privil\u00e9gi\u00e9e dans le patrimoine r\u00e9cr\u00e9atif du Qu\u00e9bec. Des rives du Saint-Laurent aux innombrables lacs et rivi\u00e8res de la province, elle incarne un art de vivre o\u00f9 se conjuguent d\u00e9tente, d\u00e9couverte et respect de la nature. Cet ouvrage de r\u00e9f\u00e9rence offre un panorama complet, qui comprend notamment: \u2022 un d\u00e9coupage pr\u00e9cis [&hellip;]<\/p>\n","protected":false},"featured_media":53290,"template":"","meta":{"wds_primary_product_brand":0,"wds_primary_product_cat":0,"wds_primary_maison_dedition":0},"product_brand":[],"product_cat":[557,558],"product_tag":[],"maison_dedition":[541],"class_list":{"0":"post-285976","1":"product","2":"type-product","3":"status-publish","4":"has-post-thumbnail","6":"product_cat-pratique","7":"product_cat-sports-et-loisirs","8":"pa_auteur-jean-marie-bioteau","9":"maison_dedition-les-editions-coup-doeil","11":"first","12":"instock","13":"taxable","14":"shipping-taxable","15":"purchasable","16":"product-type-variable","17":"has-default-attributes"},"bundled_by":[],"bundle_stock_status":"instock","bundle_stock_quantity":null,"bundle_virtual":false,"bundle_layout":"","bundle_add_to_cart_form_location":"","bundle_editable_in_cart":false,"bundle_sold_individually_context":"","bundle_item_grouping":"","bundle_min_size":"","bundle_max_size":"","bundle_price":[],"bundled_items":[],"bundle_sell_ids":[],"acf":[],"_links":{"self":[{"href":"https:\/\/goelette.ca\/en\/wp-json\/wp\/v2\/product\/285976","targetHints":{"allow":["GET"]}}],"collection":[{"href":"https:\/\/goelette.ca\/en\/wp-json\/wp\/v2\/product"}],"about":[{"href":"https:\/\/goelette.ca\/en\/wp-json\/wp\/v2\/types\/product"}],"wp:featuredmedia":[{"embeddable":true,"href":"https:\/\/goelette.ca\/en\/wp-json\/wp\/v2\/media\/53290"}],"wp:attachment":[{"href":"https:\/\/goelette.ca\/en\/wp-json\/wp\/v2\/media?parent=285976"}],"wp:term":[{"taxonomy":"product_brand","embeddable":true,"href":"https:\/\/goelette.ca\/en\/wp-json\/wp\/v2\/product_brand?post=285976"},{"taxonomy":"product_cat","embeddable":true,"href":"https:\/\/goelette.ca\/en\/wp-json\/wp\/v2\/product_cat?post=285976"},{"taxonomy":"product_tag","embeddable":true,"href":"https:\/\/goelette.ca\/en\/wp-json\/wp\/v2\/product_tag?post=285976"},{"taxonomy":"maison_dedition","embeddable":true,"href":"https:\/\/goelette.ca\/en\/wp-json\/wp\/v2\/maison_dedition?post=285976"}],"curies":[{"name":"wp","href":"https:\/\/api.w.org\/{rel}","templated":true}]}}