{"id":285946,"date":"2026-02-24T15:18:47","date_gmt":"2026-02-24T20:18:47","guid":{"rendered":"https:\/\/goelette.ca\/?post_type=product&#038;p=285946"},"modified":"2026-02-24T15:30:35","modified_gmt":"2026-02-24T20:30:35","slug":"coloriages-a-leau-savane","status":"publish","type":"product","link":"https:\/\/goelette.ca\/en\/tous-les-livres\/coloriages-a-leau-savane\/","title":{"rendered":"Coloriages \u00e0 l&#8217;eau &#8211; Savane"},"content":{"rendered":"<p style=\"text-align: center;\"><strong>COLORIE L\u2019IMAGE, PUIS LAISSE-LA S\u00c9CHER.<\/strong><br \/>\n<strong>LES COULEURS VONT DISPARA\u00ceTRE.<\/strong><br \/>\n<strong>RECOMMENCE !<\/strong><\/p>\n<p style=\"text-align: center;\">INSTRUCTIONS<\/p>\n<p style=\"text-align: center;\">1. D\u00c9VISSE LE BOUCHON DU CRAYON.<br \/>\n2. REMPLIS-LE AVEC DE L\u2019EAU.<br \/>\n3. REVISSE-LE BIEN.<br \/>\n4. COLORIE LES ZONES BLANCHES !<\/p>\n","protected":false},"excerpt":{"rendered":"<p>COLORIE L\u2019IMAGE, PUIS LAISSE-LA S\u00c9CHER. LES COULEURS VONT DISPARA\u00ceTRE. RECOMMENCE ! INSTRUCTIONS 1. D\u00c9VISSE LE BOUCHON DU CRAYON. 2. REMPLIS-LE AVEC DE L\u2019EAU. 3. REVISSE-LE BIEN. 4. COLORIE LES ZONES BLANCHES !<\/p>\n","protected":false},"featured_media":285948,"template":"","meta":{"wds_primary_product_brand":0,"wds_primary_product_cat":0,"wds_primary_maison_dedition":0},"product_brand":[],"product_cat":[551,616,538,611],"product_tag":[],"maison_dedition":[541],"class_list":{"0":"post-285946","1":"product","2":"type-product","3":"status-publish","4":"has-post-thumbnail","6":"product_cat-activites","7":"product_cat-coloriages","8":"product_cat-jeunesse","9":"product_cat-peinture-a-leau","10":"pa_auteur-collectif","11":"maison_dedition-les-editions-coup-doeil","13":"first","14":"instock","15":"taxable","16":"shipping-taxable","17":"purchasable","18":"product-type-variable"},"bundled_by":[],"bundle_stock_status":"instock","bundle_stock_quantity":null,"bundle_virtual":false,"bundle_layout":"","bundle_add_to_cart_form_location":"","bundle_editable_in_cart":false,"bundle_sold_individually_context":"","bundle_item_grouping":"","bundle_min_size":"","bundle_max_size":"","bundle_price":[],"bundled_items":[],"bundle_sell_ids":[],"acf":[],"_links":{"self":[{"href":"https:\/\/goelette.ca\/en\/wp-json\/wp\/v2\/product\/285946","targetHints":{"allow":["GET"]}}],"collection":[{"href":"https:\/\/goelette.ca\/en\/wp-json\/wp\/v2\/product"}],"about":[{"href":"https:\/\/goelette.ca\/en\/wp-json\/wp\/v2\/types\/product"}],"wp:featuredmedia":[{"embeddable":true,"href":"https:\/\/goelette.ca\/en\/wp-json\/wp\/v2\/media\/285948"}],"wp:attachment":[{"href":"https:\/\/goelette.ca\/en\/wp-json\/wp\/v2\/media?parent=285946"}],"wp:term":[{"taxonomy":"product_brand","embeddable":true,"href":"https:\/\/goelette.ca\/en\/wp-json\/wp\/v2\/product_brand?post=285946"},{"taxonomy":"product_cat","embeddable":true,"href":"https:\/\/goelette.ca\/en\/wp-json\/wp\/v2\/product_cat?post=285946"},{"taxonomy":"product_tag","embeddable":true,"href":"https:\/\/goelette.ca\/en\/wp-json\/wp\/v2\/product_tag?post=285946"},{"taxonomy":"maison_dedition","embeddable":true,"href":"https:\/\/goelette.ca\/en\/wp-json\/wp\/v2\/maison_dedition?post=285946"}],"curies":[{"name":"wp","href":"https:\/\/api.w.org\/{rel}","templated":true}]}}