{"id":285933,"date":"2026-02-25T00:01:54","date_gmt":"2026-02-25T05:01:54","guid":{"rendered":"https:\/\/goelette.ca\/?post_type=product&#038;p=285933"},"modified":"2026-03-10T11:34:53","modified_gmt":"2026-03-10T15:34:53","slug":"la-jungle-douces-histoires-sonores","status":"publish","type":"product","link":"https:\/\/goelette.ca\/en\/tous-les-livres\/la-jungle-douces-histoires-sonores\/","title":{"rendered":"La jungle &#8211; Douces histoires sonores"},"content":{"rendered":"<p style=\"text-align: center;\">D\u00e9couvrez un magnifique livre sonore sur le th\u00e8me de la jungle, comprenant <strong>6 sons<\/strong>, avec des illustrations simples et d\u00e9licates.<\/p>\n","protected":false},"excerpt":{"rendered":"<p>D\u00e9couvrez un magnifique livre sonore sur le th\u00e8me de la jungle, comprenant 6 sons, avec des illustrations simples et d\u00e9licates.<\/p>\n","protected":false},"featured_media":285935,"template":"","meta":{"wds_primary_product_brand":0,"wds_primary_product_cat":0,"wds_primary_maison_dedition":0},"product_brand":[],"product_cat":[540,560,538,600],"product_tag":[],"maison_dedition":[630],"class_list":{"0":"post-285933","1":"product","2":"type-product","3":"status-publish","4":"has-post-thumbnail","6":"product_cat-0-2-ans","7":"product_cat-3-5-ans","8":"product_cat-jeunesse","9":"product_cat-livres-son","10":"pa_auteur-collectif","11":"maison_dedition-les-editions-goelette","13":"first","14":"instock","15":"taxable","16":"shipping-taxable","17":"purchasable","18":"product-type-variable"},"bundled_by":[],"bundle_stock_status":"instock","bundle_stock_quantity":null,"bundle_virtual":false,"bundle_layout":"","bundle_add_to_cart_form_location":"","bundle_editable_in_cart":false,"bundle_sold_individually_context":"","bundle_item_grouping":"","bundle_min_size":"","bundle_max_size":"","bundle_price":[],"bundled_items":[],"bundle_sell_ids":[],"acf":[],"_links":{"self":[{"href":"https:\/\/goelette.ca\/en\/wp-json\/wp\/v2\/product\/285933","targetHints":{"allow":["GET"]}}],"collection":[{"href":"https:\/\/goelette.ca\/en\/wp-json\/wp\/v2\/product"}],"about":[{"href":"https:\/\/goelette.ca\/en\/wp-json\/wp\/v2\/types\/product"}],"wp:featuredmedia":[{"embeddable":true,"href":"https:\/\/goelette.ca\/en\/wp-json\/wp\/v2\/media\/285935"}],"wp:attachment":[{"href":"https:\/\/goelette.ca\/en\/wp-json\/wp\/v2\/media?parent=285933"}],"wp:term":[{"taxonomy":"product_brand","embeddable":true,"href":"https:\/\/goelette.ca\/en\/wp-json\/wp\/v2\/product_brand?post=285933"},{"taxonomy":"product_cat","embeddable":true,"href":"https:\/\/goelette.ca\/en\/wp-json\/wp\/v2\/product_cat?post=285933"},{"taxonomy":"product_tag","embeddable":true,"href":"https:\/\/goelette.ca\/en\/wp-json\/wp\/v2\/product_tag?post=285933"},{"taxonomy":"maison_dedition","embeddable":true,"href":"https:\/\/goelette.ca\/en\/wp-json\/wp\/v2\/maison_dedition?post=285933"}],"curies":[{"name":"wp","href":"https:\/\/api.w.org\/{rel}","templated":true}]}}