{"id":285768,"date":"2026-01-27T16:17:58","date_gmt":"2026-01-27T21:17:58","guid":{"rendered":"https:\/\/goelette.ca\/?post_type=product&#038;p=285768"},"modified":"2026-03-10T11:37:49","modified_gmt":"2026-03-10T15:37:49","slug":"mon-univers-kawai-3-5-ans","status":"publish","type":"product","link":"https:\/\/goelette.ca\/en\/tous-les-livres\/mon-univers-kawai-3-5-ans\/","title":{"rendered":"Mon univers kawa\u00ef 3-5 ans"},"content":{"rendered":"<p class=\"p1\" style=\"text-align: center;\">D\u00e9couvre un monde kawa\u00ef plein de tendresse avec ces activit\u00e9s sp\u00e9cialement con\u00e7ues pour les 3 \u00e0 5 ans !<\/p>\n<p class=\"p1\" style=\"text-align: center;\">Retrouve plus de 50 petits jeux rigolos pour \u00e9veiller ton sens de l\u2019observation et ta logique, t\u2019amuser avec les lettres et les chiffres, et colorier \u00e0 volont\u00e9.<\/p>\n<p class=\"p1\" style=\"text-align: center;\"><strong>En prime : une feuille d\u2019autocollants adorables !<\/strong><\/p>\n","protected":false},"excerpt":{"rendered":"<p>D\u00e9couvre un monde kawa\u00ef plein de tendresse avec ces activit\u00e9s sp\u00e9cialement con\u00e7ues pour les 3 \u00e0 5 ans ! Retrouve plus de 50 petits jeux rigolos pour \u00e9veiller ton sens de l\u2019observation et ta logique, t\u2019amuser avec les lettres et les chiffres, et colorier \u00e0 volont\u00e9. En prime : une feuille d\u2019autocollants adorables !<\/p>\n","protected":false},"featured_media":285770,"template":"","meta":{"wds_primary_product_brand":0,"wds_primary_product_cat":552,"wds_primary_maison_dedition":0},"product_brand":[],"product_cat":[560,551,552,538],"product_tag":[],"maison_dedition":[541],"class_list":{"0":"post-285768","1":"product","2":"type-product","3":"status-publish","4":"has-post-thumbnail","6":"product_cat-3-5-ans","7":"product_cat-activites","8":"product_cat-autocollants","9":"product_cat-jeunesse","10":"pa_auteur-collectif","11":"maison_dedition-les-editions-coup-doeil","13":"first","14":"instock","15":"taxable","16":"shipping-taxable","17":"purchasable","18":"product-type-variable","19":"has-default-attributes"},"bundled_by":[],"bundle_stock_status":"instock","bundle_stock_quantity":null,"bundle_virtual":false,"bundle_layout":"","bundle_add_to_cart_form_location":"","bundle_editable_in_cart":false,"bundle_sold_individually_context":"","bundle_item_grouping":"","bundle_min_size":"","bundle_max_size":"","bundle_price":[],"bundled_items":[],"bundle_sell_ids":[],"acf":[],"_links":{"self":[{"href":"https:\/\/goelette.ca\/en\/wp-json\/wp\/v2\/product\/285768","targetHints":{"allow":["GET"]}}],"collection":[{"href":"https:\/\/goelette.ca\/en\/wp-json\/wp\/v2\/product"}],"about":[{"href":"https:\/\/goelette.ca\/en\/wp-json\/wp\/v2\/types\/product"}],"wp:featuredmedia":[{"embeddable":true,"href":"https:\/\/goelette.ca\/en\/wp-json\/wp\/v2\/media\/285770"}],"wp:attachment":[{"href":"https:\/\/goelette.ca\/en\/wp-json\/wp\/v2\/media?parent=285768"}],"wp:term":[{"taxonomy":"product_brand","embeddable":true,"href":"https:\/\/goelette.ca\/en\/wp-json\/wp\/v2\/product_brand?post=285768"},{"taxonomy":"product_cat","embeddable":true,"href":"https:\/\/goelette.ca\/en\/wp-json\/wp\/v2\/product_cat?post=285768"},{"taxonomy":"product_tag","embeddable":true,"href":"https:\/\/goelette.ca\/en\/wp-json\/wp\/v2\/product_tag?post=285768"},{"taxonomy":"maison_dedition","embeddable":true,"href":"https:\/\/goelette.ca\/en\/wp-json\/wp\/v2\/maison_dedition?post=285768"}],"curies":[{"name":"wp","href":"https:\/\/api.w.org\/{rel}","templated":true}]}}