{"id":285763,"date":"2026-02-02T00:03:41","date_gmt":"2026-02-02T05:03:41","guid":{"rendered":"https:\/\/goelette.ca\/?post_type=product&#038;p=285763"},"modified":"2026-02-11T10:37:03","modified_gmt":"2026-02-11T15:37:03","slug":"moi-jeanne-dupuis-partie-2-les-aubes-et-la-tourmente","status":"publish","type":"product","link":"https:\/\/goelette.ca\/en\/tous-les-livres\/moi-jeanne-dupuis-partie-2-les-aubes-et-la-tourmente\/","title":{"rendered":"Moi, Jeanne Dupuis &#8211; Partie 2. Les aubes et la tourmente"},"content":{"rendered":"<p style=\"text-align: center;\">La guerre est finie, mais les jours ne sont pas toujours faciles pour Jeanne, qui doit affronter sa nouvelle vie en Abitibi. Habitu\u00e9e \u00e0 un tourbillon de fr\u00e8res et de s\u0153urs, elle sera confront\u00e9e \u00e0 la solitude de sa maison de pionniers \u00e0 Dubuisson et \u00e0 la froideur du canton de Cadillac, dont les richesses se trouvent dans les profondeurs des mines. Heureusement qu\u2019il y a son beau F\u00e9lix et sa fille, qui na\u00eetra dans des conditions pr\u00e9caires.<\/p>\n<p style=\"text-align: center;\">Malgr\u00e9 son c\u0153ur \u00e9panoui, les malheurs et les anciens tracas la hanteront et elle devra faire d\u2019autres choix. Revenir dans Portneuf sera in\u00e9vitable, mais \u00e0 quel prix ? Jeanne croyait am\u00e9liorer son sort, mais c\u2019est la tourmente qui l\u2019attend.<\/p>\n<p style=\"text-align: center;\">Inspir\u00e9 de faits r\u00e9els, ce deuxi\u00e8me chapitre d\u2019une \u0153uvre en trois parties raconte l\u2019histoire d\u2019une femme courageuse qui a su faire face aux vents tumultueux gr\u00e2ce \u00e0 sa force de caract\u00e8re. D\u00e9couvrez comment, derri\u00e8re la beaut\u00e9 du fleuve et des paysages bucoliques de Portneuf, se cachent parfois des drames insoup\u00e7onn\u00e9s.<\/p>\n<p class=\"p1\" style=\"text-align: center;\"><strong>Normand Boucher vient du milieu des arts visuels. Il a pratiqu\u00e9 son m\u00e9tier pour le th\u00e9\u00e2tre, la t\u00e9l\u00e9vision et les festivals. Il poursuit une carri\u00e8re de peintre depuis plus de vingt ans et compte \u00e0 son actif plus d\u2019une trentaine d\u2019expositions solos et collectives.<\/strong><\/p>\n","protected":false},"excerpt":{"rendered":"<p>La guerre est finie, mais les jours ne sont pas toujours faciles pour Jeanne, qui doit affronter sa nouvelle vie en Abitibi. Habitu\u00e9e \u00e0 un tourbillon de fr\u00e8res et de s\u0153urs, elle sera confront\u00e9e \u00e0 la solitude de sa maison de pionniers \u00e0 Dubuisson et \u00e0 la froideur du canton de Cadillac, dont les richesses [&hellip;]<\/p>\n","protected":false},"featured_media":285766,"template":"","meta":{"wds_primary_product_brand":0,"wds_primary_product_cat":0,"wds_primary_maison_dedition":0},"product_brand":[],"product_cat":[543,868,542],"product_tag":[],"maison_dedition":[630],"class_list":{"0":"post-285763","1":"product","2":"type-product","3":"status-publish","4":"has-post-thumbnail","6":"product_cat-historique","7":"product_cat-recit","8":"product_cat-roman","9":"pa_auteur-normand-boucher-2","10":"maison_dedition-les-editions-goelette","12":"first","13":"instock","14":"taxable","15":"shipping-taxable","16":"purchasable","17":"product-type-variable","18":"has-default-attributes"},"bundled_by":[],"bundle_stock_status":"instock","bundle_stock_quantity":null,"bundle_virtual":false,"bundle_layout":"","bundle_add_to_cart_form_location":"","bundle_editable_in_cart":false,"bundle_sold_individually_context":"","bundle_item_grouping":"","bundle_min_size":"","bundle_max_size":"","bundle_price":[],"bundled_items":[],"bundle_sell_ids":[],"acf":[],"_links":{"self":[{"href":"https:\/\/goelette.ca\/en\/wp-json\/wp\/v2\/product\/285763","targetHints":{"allow":["GET"]}}],"collection":[{"href":"https:\/\/goelette.ca\/en\/wp-json\/wp\/v2\/product"}],"about":[{"href":"https:\/\/goelette.ca\/en\/wp-json\/wp\/v2\/types\/product"}],"wp:featuredmedia":[{"embeddable":true,"href":"https:\/\/goelette.ca\/en\/wp-json\/wp\/v2\/media\/285766"}],"wp:attachment":[{"href":"https:\/\/goelette.ca\/en\/wp-json\/wp\/v2\/media?parent=285763"}],"wp:term":[{"taxonomy":"product_brand","embeddable":true,"href":"https:\/\/goelette.ca\/en\/wp-json\/wp\/v2\/product_brand?post=285763"},{"taxonomy":"product_cat","embeddable":true,"href":"https:\/\/goelette.ca\/en\/wp-json\/wp\/v2\/product_cat?post=285763"},{"taxonomy":"product_tag","embeddable":true,"href":"https:\/\/goelette.ca\/en\/wp-json\/wp\/v2\/product_tag?post=285763"},{"taxonomy":"maison_dedition","embeddable":true,"href":"https:\/\/goelette.ca\/en\/wp-json\/wp\/v2\/maison_dedition?post=285763"}],"curies":[{"name":"wp","href":"https:\/\/api.w.org\/{rel}","templated":true}]}}