{"id":285725,"date":"2026-02-04T00:01:03","date_gmt":"2026-02-04T05:01:03","guid":{"rendered":"https:\/\/goelette.ca\/?post_type=product&#038;p=285725"},"modified":"2026-01-27T10:40:44","modified_gmt":"2026-01-27T15:40:44","slug":"coule-coule-petit-erable","status":"publish","type":"product","link":"https:\/\/goelette.ca\/en\/tous-les-livres\/coule-coule-petit-erable\/","title":{"rendered":"Coule, coule, petit \u00e9rable"},"content":{"rendered":"<p class=\"p1\" style=\"text-align: center;\">Et si on profitait de cette magnifique journ\u00e9e pour r\u00e9colter de l\u2019eau d\u2019\u00e9rable ?<\/p>\n<p class=\"p1\" style=\"text-align: center;\"><strong>AS-TU ENVIE DE M\u2019AIDER ? <\/strong><\/p>\n<p class=\"p1\" style=\"text-align: center;\">La collection Les d\u00e9lices du Qu\u00e9bec initie les enfants aux sp\u00e9cialit\u00e9s d\u2019ici.<\/p>\n","protected":false},"excerpt":{"rendered":"<p>Et si on profitait de cette magnifique journ\u00e9e pour r\u00e9colter de l\u2019eau d\u2019\u00e9rable ? AS-TU ENVIE DE M\u2019AIDER ? La collection Les d\u00e9lices du Qu\u00e9bec initie les enfants aux sp\u00e9cialit\u00e9s d\u2019ici.<\/p>\n","protected":false},"featured_media":285727,"template":"","meta":{"wds_primary_product_brand":0,"wds_primary_product_cat":0,"wds_primary_maison_dedition":0},"product_brand":[],"product_cat":[540,560,578,538,667],"product_tag":[],"maison_dedition":[630],"class_list":{"0":"post-285725","1":"product","2":"type-product","3":"status-publish","4":"has-post-thumbnail","6":"product_cat-0-2-ans","7":"product_cat-3-5-ans","8":"product_cat-albums-illustres","9":"product_cat-jeunesse","10":"product_cat-livres-tout-carton","11":"pa_auteur-melanie-grenier","12":"maison_dedition-les-editions-goelette","14":"first","15":"instock","16":"taxable","17":"shipping-taxable","18":"purchasable","19":"product-type-variable","20":"has-default-attributes"},"bundled_by":[],"bundle_stock_status":"instock","bundle_stock_quantity":null,"bundle_virtual":false,"bundle_layout":"","bundle_add_to_cart_form_location":"","bundle_editable_in_cart":false,"bundle_sold_individually_context":"","bundle_item_grouping":"","bundle_min_size":"","bundle_max_size":"","bundle_price":[],"bundled_items":[],"bundle_sell_ids":[],"acf":[],"_links":{"self":[{"href":"https:\/\/goelette.ca\/en\/wp-json\/wp\/v2\/product\/285725","targetHints":{"allow":["GET"]}}],"collection":[{"href":"https:\/\/goelette.ca\/en\/wp-json\/wp\/v2\/product"}],"about":[{"href":"https:\/\/goelette.ca\/en\/wp-json\/wp\/v2\/types\/product"}],"wp:featuredmedia":[{"embeddable":true,"href":"https:\/\/goelette.ca\/en\/wp-json\/wp\/v2\/media\/285727"}],"wp:attachment":[{"href":"https:\/\/goelette.ca\/en\/wp-json\/wp\/v2\/media?parent=285725"}],"wp:term":[{"taxonomy":"product_brand","embeddable":true,"href":"https:\/\/goelette.ca\/en\/wp-json\/wp\/v2\/product_brand?post=285725"},{"taxonomy":"product_cat","embeddable":true,"href":"https:\/\/goelette.ca\/en\/wp-json\/wp\/v2\/product_cat?post=285725"},{"taxonomy":"product_tag","embeddable":true,"href":"https:\/\/goelette.ca\/en\/wp-json\/wp\/v2\/product_tag?post=285725"},{"taxonomy":"maison_dedition","embeddable":true,"href":"https:\/\/goelette.ca\/en\/wp-json\/wp\/v2\/maison_dedition?post=285725"}],"curies":[{"name":"wp","href":"https:\/\/api.w.org\/{rel}","templated":true}]}}