{"id":285723,"date":"2026-01-28T00:04:16","date_gmt":"2026-01-28T05:04:16","guid":{"rendered":"https:\/\/goelette.ca\/?post_type=product&#038;p=285723"},"modified":"2026-03-10T11:36:16","modified_gmt":"2026-03-10T15:36:16","slug":"emma-et-la-colere-collection-emotions","status":"publish","type":"product","link":"https:\/\/goelette.ca\/en\/tous-les-livres\/emma-et-la-colere-collection-emotions\/","title":{"rendered":"Emma et la col\u00e8re &#8211; Collection \u00c9motions"},"content":{"rendered":"<p class=\"p1\" style=\"text-align: center;\">Cette histoire accompagne les enfants dans un voyage sur la d\u00e9couverte de soi : elle les aide \u00e0 comprendre et \u00e0 transformer la col\u00e8re en empathie et en compr\u00e9hension, et leur donne les outils n\u00e9cessaires pour g\u00e9rer leurs \u00e9motions avec calme et sagesse.<\/p>\n<p class=\"p1\" style=\"text-align: center;\">D\u00e9couvrez une magnifique collection de livres tout-carton avec des histoires mettant en sc\u00e8ne les grandes \u00e9motions que vivent les tout-petits au quotidien.<\/p>\n","protected":false},"excerpt":{"rendered":"<p>Cette histoire accompagne les enfants dans un voyage sur la d\u00e9couverte de soi : elle les aide \u00e0 comprendre et \u00e0 transformer la col\u00e8re en empathie et en compr\u00e9hension, et leur donne les outils n\u00e9cessaires pour g\u00e9rer leurs \u00e9motions avec calme et sagesse. D\u00e9couvrez une magnifique collection de livres tout-carton avec des histoires mettant en [&hellip;]<\/p>\n","protected":false},"featured_media":285751,"template":"","meta":{"wds_primary_product_brand":0,"wds_primary_product_cat":0,"wds_primary_maison_dedition":0},"product_brand":[],"product_cat":[560,578,538,667],"product_tag":[],"maison_dedition":[630],"class_list":{"0":"post-285723","1":"product","2":"type-product","3":"status-publish","4":"has-post-thumbnail","6":"product_cat-3-5-ans","7":"product_cat-albums-illustres","8":"product_cat-jeunesse","9":"product_cat-livres-tout-carton","10":"pa_auteur-collectif","11":"maison_dedition-les-editions-goelette","13":"first","14":"instock","15":"taxable","16":"shipping-taxable","17":"purchasable","18":"product-type-variable"},"bundled_by":[],"bundle_stock_status":"instock","bundle_stock_quantity":null,"bundle_virtual":false,"bundle_layout":"","bundle_add_to_cart_form_location":"","bundle_editable_in_cart":false,"bundle_sold_individually_context":"","bundle_item_grouping":"","bundle_min_size":"","bundle_max_size":"","bundle_price":[],"bundled_items":[],"bundle_sell_ids":[],"acf":[],"_links":{"self":[{"href":"https:\/\/goelette.ca\/en\/wp-json\/wp\/v2\/product\/285723","targetHints":{"allow":["GET"]}}],"collection":[{"href":"https:\/\/goelette.ca\/en\/wp-json\/wp\/v2\/product"}],"about":[{"href":"https:\/\/goelette.ca\/en\/wp-json\/wp\/v2\/types\/product"}],"wp:featuredmedia":[{"embeddable":true,"href":"https:\/\/goelette.ca\/en\/wp-json\/wp\/v2\/media\/285751"}],"wp:attachment":[{"href":"https:\/\/goelette.ca\/en\/wp-json\/wp\/v2\/media?parent=285723"}],"wp:term":[{"taxonomy":"product_brand","embeddable":true,"href":"https:\/\/goelette.ca\/en\/wp-json\/wp\/v2\/product_brand?post=285723"},{"taxonomy":"product_cat","embeddable":true,"href":"https:\/\/goelette.ca\/en\/wp-json\/wp\/v2\/product_cat?post=285723"},{"taxonomy":"product_tag","embeddable":true,"href":"https:\/\/goelette.ca\/en\/wp-json\/wp\/v2\/product_tag?post=285723"},{"taxonomy":"maison_dedition","embeddable":true,"href":"https:\/\/goelette.ca\/en\/wp-json\/wp\/v2\/maison_dedition?post=285723"}],"curies":[{"name":"wp","href":"https:\/\/api.w.org\/{rel}","templated":true}]}}