{"id":285721,"date":"2026-01-28T00:05:19","date_gmt":"2026-01-28T05:05:19","guid":{"rendered":"https:\/\/goelette.ca\/?post_type=product&#038;p=285721"},"modified":"2026-03-10T11:35:56","modified_gmt":"2026-03-10T15:35:56","slug":"nathan-et-la-tristesse-collection-emotions","status":"publish","type":"product","link":"https:\/\/goelette.ca\/en\/tous-les-livres\/nathan-et-la-tristesse-collection-emotions\/","title":{"rendered":"Nathan et la tristesse &#8211; Collection \u00c9motions"},"content":{"rendered":"<p class=\"p1\" style=\"text-align: center;\">\u00c0 travers une aventure attendrissante, cette histoire apprend aux enfants \u00e0 comprendre et \u00e0 accueillir la tristesse gr\u00e2ce \u00e0 des personnages empathiques qui trouvent du r\u00e9confort dans les moments difficiles.<\/p>\n<p class=\"p1\" style=\"text-align: center;\">D\u00e9couvrez une magnifique collection de livres tout-carton avec des histoires mettant en sc\u00e8ne les grandes \u00e9motions que vivent les tout-petits au quotidien.<\/p>\n","protected":false},"excerpt":{"rendered":"<p>\u00c0 travers une aventure attendrissante, cette histoire apprend aux enfants \u00e0 comprendre et \u00e0 accueillir la tristesse gr\u00e2ce \u00e0 des personnages empathiques qui trouvent du r\u00e9confort dans les moments difficiles. D\u00e9couvrez une magnifique collection de livres tout-carton avec des histoires mettant en sc\u00e8ne les grandes \u00e9motions que vivent les tout-petits au quotidien.<\/p>\n","protected":false},"featured_media":285747,"template":"","meta":{"wds_primary_product_brand":0,"wds_primary_product_cat":0,"wds_primary_maison_dedition":0},"product_brand":[],"product_cat":[560,578,538,667],"product_tag":[],"maison_dedition":[630],"class_list":{"0":"post-285721","1":"product","2":"type-product","3":"status-publish","4":"has-post-thumbnail","6":"product_cat-3-5-ans","7":"product_cat-albums-illustres","8":"product_cat-jeunesse","9":"product_cat-livres-tout-carton","10":"pa_auteur-collectif","11":"maison_dedition-les-editions-goelette","13":"first","14":"instock","15":"taxable","16":"shipping-taxable","17":"purchasable","18":"product-type-variable"},"bundled_by":[],"bundle_stock_status":"instock","bundle_stock_quantity":null,"bundle_virtual":false,"bundle_layout":"","bundle_add_to_cart_form_location":"","bundle_editable_in_cart":false,"bundle_sold_individually_context":"","bundle_item_grouping":"","bundle_min_size":"","bundle_max_size":"","bundle_price":[],"bundled_items":[],"bundle_sell_ids":[],"acf":[],"_links":{"self":[{"href":"https:\/\/goelette.ca\/en\/wp-json\/wp\/v2\/product\/285721","targetHints":{"allow":["GET"]}}],"collection":[{"href":"https:\/\/goelette.ca\/en\/wp-json\/wp\/v2\/product"}],"about":[{"href":"https:\/\/goelette.ca\/en\/wp-json\/wp\/v2\/types\/product"}],"wp:featuredmedia":[{"embeddable":true,"href":"https:\/\/goelette.ca\/en\/wp-json\/wp\/v2\/media\/285747"}],"wp:attachment":[{"href":"https:\/\/goelette.ca\/en\/wp-json\/wp\/v2\/media?parent=285721"}],"wp:term":[{"taxonomy":"product_brand","embeddable":true,"href":"https:\/\/goelette.ca\/en\/wp-json\/wp\/v2\/product_brand?post=285721"},{"taxonomy":"product_cat","embeddable":true,"href":"https:\/\/goelette.ca\/en\/wp-json\/wp\/v2\/product_cat?post=285721"},{"taxonomy":"product_tag","embeddable":true,"href":"https:\/\/goelette.ca\/en\/wp-json\/wp\/v2\/product_tag?post=285721"},{"taxonomy":"maison_dedition","embeddable":true,"href":"https:\/\/goelette.ca\/en\/wp-json\/wp\/v2\/maison_dedition?post=285721"}],"curies":[{"name":"wp","href":"https:\/\/api.w.org\/{rel}","templated":true}]}}