{"id":285717,"date":"2026-01-28T00:03:18","date_gmt":"2026-01-28T05:03:18","guid":{"rendered":"https:\/\/goelette.ca\/?post_type=product&#038;p=285717"},"modified":"2026-03-10T11:36:30","modified_gmt":"2026-03-10T15:36:30","slug":"alice-et-la-joie-collection-emotions","status":"publish","type":"product","link":"https:\/\/goelette.ca\/en\/tous-les-livres\/alice-et-la-joie-collection-emotions\/","title":{"rendered":"Alice et la joie &#8211; Collection \u00c9motions"},"content":{"rendered":"<p class=\"p1\" style=\"text-align: center;\">\u00c0 travers une aventure fantastique, cette histoire guide les enfants afin qu\u2019ils d\u00e9couvrent la joie dans les petites choses, leur apprenant \u00e0 cultiver et \u00e0 partager le bonheur.<\/p>\n<p class=\"p1\" style=\"text-align: center;\">Un voyage qui illumine le c\u0153ur et montre comment la joie peut transformer le monde qui nous entoure.<\/p>\n<p class=\"p1\" style=\"text-align: center;\">D\u00e9couvrez une magnifique collection de livres tout-carton avec des histoires mettant en sc\u00e8ne les grandes \u00e9motions que vivent les tout-petits au quotidien.<\/p>\n","protected":false},"excerpt":{"rendered":"<p>\u00c0 travers une aventure fantastique, cette histoire guide les enfants afin qu\u2019ils d\u00e9couvrent la joie dans les petites choses, leur apprenant \u00e0 cultiver et \u00e0 partager le bonheur. Un voyage qui illumine le c\u0153ur et montre comment la joie peut transformer le monde qui nous entoure. D\u00e9couvrez une magnifique collection de livres tout-carton avec des [&hellip;]<\/p>\n","protected":false},"featured_media":285745,"template":"","meta":{"wds_primary_product_brand":0,"wds_primary_product_cat":0,"wds_primary_maison_dedition":0},"product_brand":[],"product_cat":[560,578,538,667],"product_tag":[],"maison_dedition":[630],"class_list":{"0":"post-285717","1":"product","2":"type-product","3":"status-publish","4":"has-post-thumbnail","6":"product_cat-3-5-ans","7":"product_cat-albums-illustres","8":"product_cat-jeunesse","9":"product_cat-livres-tout-carton","10":"pa_auteur-collectif","11":"maison_dedition-les-editions-goelette","13":"first","14":"instock","15":"taxable","16":"shipping-taxable","17":"purchasable","18":"product-type-variable"},"bundled_by":[],"bundle_stock_status":"instock","bundle_stock_quantity":null,"bundle_virtual":false,"bundle_layout":"","bundle_add_to_cart_form_location":"","bundle_editable_in_cart":false,"bundle_sold_individually_context":"","bundle_item_grouping":"","bundle_min_size":"","bundle_max_size":"","bundle_price":[],"bundled_items":[],"bundle_sell_ids":[],"acf":[],"_links":{"self":[{"href":"https:\/\/goelette.ca\/en\/wp-json\/wp\/v2\/product\/285717","targetHints":{"allow":["GET"]}}],"collection":[{"href":"https:\/\/goelette.ca\/en\/wp-json\/wp\/v2\/product"}],"about":[{"href":"https:\/\/goelette.ca\/en\/wp-json\/wp\/v2\/types\/product"}],"wp:featuredmedia":[{"embeddable":true,"href":"https:\/\/goelette.ca\/en\/wp-json\/wp\/v2\/media\/285745"}],"wp:attachment":[{"href":"https:\/\/goelette.ca\/en\/wp-json\/wp\/v2\/media?parent=285717"}],"wp:term":[{"taxonomy":"product_brand","embeddable":true,"href":"https:\/\/goelette.ca\/en\/wp-json\/wp\/v2\/product_brand?post=285717"},{"taxonomy":"product_cat","embeddable":true,"href":"https:\/\/goelette.ca\/en\/wp-json\/wp\/v2\/product_cat?post=285717"},{"taxonomy":"product_tag","embeddable":true,"href":"https:\/\/goelette.ca\/en\/wp-json\/wp\/v2\/product_tag?post=285717"},{"taxonomy":"maison_dedition","embeddable":true,"href":"https:\/\/goelette.ca\/en\/wp-json\/wp\/v2\/maison_dedition?post=285717"}],"curies":[{"name":"wp","href":"https:\/\/api.w.org\/{rel}","templated":true}]}}