{"id":285655,"date":"2026-01-14T08:37:28","date_gmt":"2026-01-14T13:37:28","guid":{"rendered":"https:\/\/goelette.ca\/?post_type=product&#038;p=285655"},"modified":"2026-01-14T08:46:28","modified_gmt":"2026-01-14T13:46:28","slug":"jouer-pour-donner-federation-quebecoise-des-societes-alzheimer-jeux-pour-stimuler-votre-memoire-vol-5","status":"publish","type":"product","link":"https:\/\/goelette.ca\/en\/tous-les-livres\/jouer-pour-donner-federation-quebecoise-des-societes-alzheimer-jeux-pour-stimuler-votre-memoire-vol-5\/","title":{"rendered":"Jouer pour donner &#8211; F\u00e9d\u00e9ration qu\u00e9b\u00e9coise des Soci\u00e9t\u00e9s Alzheimer &#8211; Jeux pour stimuler votre m\u00e9moire vol. 5"},"content":{"rendered":"<p style=\"text-align: center;\">RENFORCEZ VOS M\u00c9NINGES TOUT EN CONTRIBUANT \u00c0 UNE BONNE CAUSE !<\/p>\n<p style=\"text-align: center;\">Gardez votre m\u00e9moire en forme gr\u00e2ce \u00e0 ces jeux con\u00e7us sp\u00e9cialement pour entra\u00eener votre cerveau et stimuler vos neurones, sans laisser de c\u00f4t\u00e9 le divertissement ! En plus, apprenez-en davantage sur la maladie d\u2019Alzheimer, ses sympt\u00f4mes et les ressources disponibles. Pour chaque exemplaire vendu, un montant de 0,75 $ sera remis \u00e0 la F\u00e9d\u00e9ration qu\u00e9b\u00e9coise des Soci\u00e9t\u00e9s Alzheimer.<\/p>\n","protected":false},"excerpt":{"rendered":"<p>RENFORCEZ VOS M\u00c9NINGES TOUT EN CONTRIBUANT \u00c0 UNE BONNE CAUSE ! Gardez votre m\u00e9moire en forme gr\u00e2ce \u00e0 ces jeux con\u00e7us sp\u00e9cialement pour entra\u00eener votre cerveau et stimuler vos neurones, sans laisser de c\u00f4t\u00e9 le divertissement ! En plus, apprenez-en davantage sur la maladie d\u2019Alzheimer, ses sympt\u00f4mes et les ressources disponibles. Pour chaque exemplaire vendu, [&hellip;]<\/p>\n","protected":false},"featured_media":285657,"template":"","meta":{"wds_primary_product_brand":0,"wds_primary_product_cat":0,"wds_primary_maison_dedition":0},"product_brand":[],"product_cat":[567,566],"product_tag":[],"maison_dedition":[636,630],"class_list":{"0":"post-285655","1":"product","2":"type-product","3":"status-publish","4":"has-post-thumbnail","6":"product_cat-adulte","7":"product_cat-livres-de-jeux","8":"pa_auteur-collectif","9":"maison_dedition-jouer-pour-donner","10":"maison_dedition-les-editions-goelette","12":"first","13":"instock","14":"taxable","15":"shipping-taxable","16":"purchasable","17":"product-type-variable"},"bundled_by":[],"bundle_stock_status":"instock","bundle_stock_quantity":null,"bundle_virtual":false,"bundle_layout":"","bundle_add_to_cart_form_location":"","bundle_editable_in_cart":false,"bundle_sold_individually_context":"","bundle_item_grouping":"","bundle_min_size":"","bundle_max_size":"","bundle_price":[],"bundled_items":[],"bundle_sell_ids":[],"acf":[],"_links":{"self":[{"href":"https:\/\/goelette.ca\/en\/wp-json\/wp\/v2\/product\/285655","targetHints":{"allow":["GET"]}}],"collection":[{"href":"https:\/\/goelette.ca\/en\/wp-json\/wp\/v2\/product"}],"about":[{"href":"https:\/\/goelette.ca\/en\/wp-json\/wp\/v2\/types\/product"}],"wp:featuredmedia":[{"embeddable":true,"href":"https:\/\/goelette.ca\/en\/wp-json\/wp\/v2\/media\/285657"}],"wp:attachment":[{"href":"https:\/\/goelette.ca\/en\/wp-json\/wp\/v2\/media?parent=285655"}],"wp:term":[{"taxonomy":"product_brand","embeddable":true,"href":"https:\/\/goelette.ca\/en\/wp-json\/wp\/v2\/product_brand?post=285655"},{"taxonomy":"product_cat","embeddable":true,"href":"https:\/\/goelette.ca\/en\/wp-json\/wp\/v2\/product_cat?post=285655"},{"taxonomy":"product_tag","embeddable":true,"href":"https:\/\/goelette.ca\/en\/wp-json\/wp\/v2\/product_tag?post=285655"},{"taxonomy":"maison_dedition","embeddable":true,"href":"https:\/\/goelette.ca\/en\/wp-json\/wp\/v2\/maison_dedition?post=285655"}],"curies":[{"name":"wp","href":"https:\/\/api.w.org\/{rel}","templated":true}]}}