{"id":285523,"date":"2026-01-23T00:02:48","date_gmt":"2026-01-23T05:02:48","guid":{"rendered":"https:\/\/goelette.ca\/?post_type=product&#038;p=285523"},"modified":"2026-02-04T08:27:11","modified_gmt":"2026-02-04T13:27:11","slug":"le-monstre-des-abysses","status":"publish","type":"product","link":"https:\/\/goelette.ca\/en\/tous-les-livres\/le-monstre-des-abysses\/","title":{"rendered":"Le monstre des abysses"},"content":{"rendered":"<p style=\"text-align: center;\">L\u2019enqu\u00eatrice L\u00e9a Beaumont est confront\u00e9e \u00e0 une nouvelle affaire : le corps d\u2019une adolescente est rep\u00each\u00e9 dans le canal Lachine. Ce qui devait \u00eatre une simple enqu\u00eate sur une mort suspecte se transforme en une plong\u00e9e vertigineuse dans un r\u00e9seau criminel aussi invisible que redoutable, o\u00f9 chaque indice d\u00e9voile une v\u00e9rit\u00e9 plus inqui\u00e9tante que la pr\u00e9c\u00e9dente.<\/p>\n<p style=\"text-align: center;\">Quand un drame inattendu frappe, L\u00e9a comprend qu\u2019elle n\u2019a plus le choix : elle doit aller jusqu\u2019au bout, quitte \u00e0 tout perdre. Face \u00e0 des pr\u00e9dateurs sans scrupules et \u00e0 des secrets enfouis depuis trop longtemps, elle devra s\u2019aventurer dans les abysses de la ville, o\u00f9 chaque r\u00e9v\u00e9lation la rapproche d\u2019un monstre tapi dans l\u2019ombre.<\/p>\n<p style=\"text-align: center;\">Originaire du Bas-Saint-Laurent, Kim St-Pierre a toujours \u00e9t\u00e9 fascin\u00e9e par le pouvoir des mots et les zones d\u2019ombre de l\u2019\u00e2me humaine. Grande lectrice de romans noirs et de suspense, elle profite de son dernier cong\u00e9 de maternit\u00e9 pour se lancer dans l\u2019\u00e9criture. C\u2019est ainsi qu\u2019est n\u00e9e L\u00e9a Beaumont, une enqu\u00eatrice tenace plong\u00e9e au c\u0153ur d\u2019intrigues sombres et troublantes.<\/p>\n","protected":false},"excerpt":{"rendered":"<p>L\u2019enqu\u00eatrice L\u00e9a Beaumont est confront\u00e9e \u00e0 une nouvelle affaire : le corps d\u2019une adolescente est rep\u00each\u00e9 dans le canal Lachine. Ce qui devait \u00eatre une simple enqu\u00eate sur une mort suspecte se transforme en une plong\u00e9e vertigineuse dans un r\u00e9seau criminel aussi invisible que redoutable, o\u00f9 chaque indice d\u00e9voile une v\u00e9rit\u00e9 plus inqui\u00e9tante que la [&hellip;]<\/p>\n","protected":false},"featured_media":285526,"template":"","meta":{"wds_primary_product_brand":0,"wds_primary_product_cat":0,"wds_primary_maison_dedition":0},"product_brand":[],"product_cat":[546,542],"product_tag":[],"maison_dedition":[630],"class_list":{"0":"post-285523","1":"product","2":"type-product","3":"status-publish","4":"has-post-thumbnail","6":"product_cat-policier-thriller","7":"product_cat-roman","8":"pa_auteur-kim-st-pierre","9":"maison_dedition-les-editions-goelette","11":"first","12":"instock","13":"taxable","14":"shipping-taxable","15":"purchasable","16":"product-type-variable","17":"has-default-attributes"},"bundled_by":[],"bundle_stock_status":"instock","bundle_stock_quantity":null,"bundle_virtual":false,"bundle_layout":"","bundle_add_to_cart_form_location":"","bundle_editable_in_cart":false,"bundle_sold_individually_context":"","bundle_item_grouping":"","bundle_min_size":"","bundle_max_size":"","bundle_price":[],"bundled_items":[],"bundle_sell_ids":[],"acf":[],"_links":{"self":[{"href":"https:\/\/goelette.ca\/en\/wp-json\/wp\/v2\/product\/285523","targetHints":{"allow":["GET"]}}],"collection":[{"href":"https:\/\/goelette.ca\/en\/wp-json\/wp\/v2\/product"}],"about":[{"href":"https:\/\/goelette.ca\/en\/wp-json\/wp\/v2\/types\/product"}],"wp:featuredmedia":[{"embeddable":true,"href":"https:\/\/goelette.ca\/en\/wp-json\/wp\/v2\/media\/285526"}],"wp:attachment":[{"href":"https:\/\/goelette.ca\/en\/wp-json\/wp\/v2\/media?parent=285523"}],"wp:term":[{"taxonomy":"product_brand","embeddable":true,"href":"https:\/\/goelette.ca\/en\/wp-json\/wp\/v2\/product_brand?post=285523"},{"taxonomy":"product_cat","embeddable":true,"href":"https:\/\/goelette.ca\/en\/wp-json\/wp\/v2\/product_cat?post=285523"},{"taxonomy":"product_tag","embeddable":true,"href":"https:\/\/goelette.ca\/en\/wp-json\/wp\/v2\/product_tag?post=285523"},{"taxonomy":"maison_dedition","embeddable":true,"href":"https:\/\/goelette.ca\/en\/wp-json\/wp\/v2\/maison_dedition?post=285523"}],"curies":[{"name":"wp","href":"https:\/\/api.w.org\/{rel}","templated":true}]}}