{"id":285517,"date":"2026-01-07T00:05:46","date_gmt":"2026-01-07T05:05:46","guid":{"rendered":"https:\/\/goelette.ca\/?post_type=product&#038;p=285517"},"modified":"2026-01-06T15:14:20","modified_gmt":"2026-01-06T20:14:20","slug":"bien-plus-fort-que-toi","status":"publish","type":"product","link":"https:\/\/goelette.ca\/en\/tous-les-livres\/bien-plus-fort-que-toi\/","title":{"rendered":"Bien plus fort que toi !"},"content":{"rendered":"<p style=\"text-align: center;\">Thad est un jeune gorille fier qui se sert de sa force pour effrayer les plus faibles que lui. Gr\u00e2ce \u00e0 son grand-p\u00e8re, il d\u00e9couvre que cela n\u2019a rien de courageux. Un jour, un petit singe se retrouve pris sous un tronc d\u2019arbre. Que fera Thad pour le secourir ?<\/p>\n<p style=\"text-align: center;\">Plongez dans cette histoire touchante qui invite les enfants \u00e0 utiliser leurs habilet\u00e9s pour aider les autres plut\u00f4t que pour montrer leur sup\u00e9riorit\u00e9. Apprenez-en plus sur le gorille, cet animal fabuleux, gr\u00e2ce \u00e0 une page sp\u00e9ciale \u00e0 la fin de l\u2019album.<\/p>\n","protected":false},"excerpt":{"rendered":"<p>Thad est un jeune gorille fier qui se sert de sa force pour effrayer les plus faibles que lui. Gr\u00e2ce \u00e0 son grand-p\u00e8re, il d\u00e9couvre que cela n\u2019a rien de courageux. Un jour, un petit singe se retrouve pris sous un tronc d\u2019arbre. Que fera Thad pour le secourir ? Plongez dans cette histoire touchante [&hellip;]<\/p>\n","protected":false},"featured_media":285519,"template":"","meta":{"wds_primary_product_brand":0,"wds_primary_product_cat":0,"wds_primary_maison_dedition":0},"product_brand":[],"product_cat":[555,578,538],"product_tag":[],"maison_dedition":[541,584],"class_list":{"0":"post-285517","1":"product","2":"type-product","3":"status-publish","4":"has-post-thumbnail","6":"product_cat-6-ans-et-plus","7":"product_cat-albums-illustres","8":"product_cat-jeunesse","9":"pa_auteur-catherine-cote","10":"pa_illustrateur-emilie-graebling","11":"maison_dedition-les-editions-coup-doeil","12":"maison_dedition-petites-lectures","14":"first","15":"instock","16":"taxable","17":"shipping-taxable","18":"purchasable","19":"product-type-variable","20":"has-default-attributes"},"bundled_by":[],"bundle_stock_status":"instock","bundle_stock_quantity":null,"bundle_virtual":false,"bundle_layout":"","bundle_add_to_cart_form_location":"","bundle_editable_in_cart":false,"bundle_sold_individually_context":"","bundle_item_grouping":"","bundle_min_size":"","bundle_max_size":"","bundle_price":[],"bundled_items":[],"bundle_sell_ids":[],"acf":[],"_links":{"self":[{"href":"https:\/\/goelette.ca\/en\/wp-json\/wp\/v2\/product\/285517","targetHints":{"allow":["GET"]}}],"collection":[{"href":"https:\/\/goelette.ca\/en\/wp-json\/wp\/v2\/product"}],"about":[{"href":"https:\/\/goelette.ca\/en\/wp-json\/wp\/v2\/types\/product"}],"wp:featuredmedia":[{"embeddable":true,"href":"https:\/\/goelette.ca\/en\/wp-json\/wp\/v2\/media\/285519"}],"wp:attachment":[{"href":"https:\/\/goelette.ca\/en\/wp-json\/wp\/v2\/media?parent=285517"}],"wp:term":[{"taxonomy":"product_brand","embeddable":true,"href":"https:\/\/goelette.ca\/en\/wp-json\/wp\/v2\/product_brand?post=285517"},{"taxonomy":"product_cat","embeddable":true,"href":"https:\/\/goelette.ca\/en\/wp-json\/wp\/v2\/product_cat?post=285517"},{"taxonomy":"product_tag","embeddable":true,"href":"https:\/\/goelette.ca\/en\/wp-json\/wp\/v2\/product_tag?post=285517"},{"taxonomy":"maison_dedition","embeddable":true,"href":"https:\/\/goelette.ca\/en\/wp-json\/wp\/v2\/maison_dedition?post=285517"}],"curies":[{"name":"wp","href":"https:\/\/api.w.org\/{rel}","templated":true}]}}