{"id":285513,"date":"2026-01-07T00:05:32","date_gmt":"2026-01-07T05:05:32","guid":{"rendered":"https:\/\/goelette.ca\/?post_type=product&#038;p=285513"},"modified":"2026-01-06T15:14:47","modified_gmt":"2026-01-06T20:14:47","slug":"la-terreur-de-la-jungle","status":"publish","type":"product","link":"https:\/\/goelette.ca\/en\/tous-les-livres\/la-terreur-de-la-jungle\/","title":{"rendered":"La terreur de la jungle"},"content":{"rendered":"<p style=\"text-align: center;\">\u00c9l\u00e9e, la jeune \u00e9l\u00e9phante, est une terreur dans la jungle. Elle fait mal aux autres animaux et se moque d\u2019eux. Irrit\u00e9s de se faire malmener, trois amis tentent de trouver un moyen pour qu\u2019elle arr\u00eate de les emb\u00eater. Comment r\u00e9ussiront-ils \u00e0 faire cesser les comportements d\u00e9plaisants ?<\/p>\n<p style=\"text-align: center;\">Plongez dans cette histoire color\u00e9e qui invite les enfants \u00e0 r\u00e9fl\u00e9chir sur des pistes de solutions lorsqu\u2019ils sont confront\u00e9s \u00e0 de l\u2019intimidation. Apprenez-en plus sur l\u2019\u00e9l\u00e9phant d\u2019Asie, cet animal fabuleux, gr\u00e2ce \u00e0 une page sp\u00e9ciale \u00e0 la fin de l\u2019album.<\/p>\n","protected":false},"excerpt":{"rendered":"<p>\u00c9l\u00e9e, la jeune \u00e9l\u00e9phante, est une terreur dans la jungle. Elle fait mal aux autres animaux et se moque d\u2019eux. Irrit\u00e9s de se faire malmener, trois amis tentent de trouver un moyen pour qu\u2019elle arr\u00eate de les emb\u00eater. Comment r\u00e9ussiront-ils \u00e0 faire cesser les comportements d\u00e9plaisants ? Plongez dans cette histoire color\u00e9e qui invite les [&hellip;]<\/p>\n","protected":false},"featured_media":285515,"template":"","meta":{"wds_primary_product_brand":0,"wds_primary_product_cat":0,"wds_primary_maison_dedition":0},"product_brand":[],"product_cat":[555,578,538],"product_tag":[],"maison_dedition":[541,584],"class_list":{"0":"post-285513","1":"product","2":"type-product","3":"status-publish","4":"has-post-thumbnail","6":"product_cat-6-ans-et-plus","7":"product_cat-albums-illustres","8":"product_cat-jeunesse","9":"pa_auteur-genevieve-beauchemin","10":"pa_illustrateur-manuella-cote","11":"maison_dedition-les-editions-coup-doeil","12":"maison_dedition-petites-lectures","14":"first","15":"instock","16":"taxable","17":"shipping-taxable","18":"purchasable","19":"product-type-variable","20":"has-default-attributes"},"bundled_by":[],"bundle_stock_status":"instock","bundle_stock_quantity":null,"bundle_virtual":false,"bundle_layout":"","bundle_add_to_cart_form_location":"","bundle_editable_in_cart":false,"bundle_sold_individually_context":"","bundle_item_grouping":"","bundle_min_size":"","bundle_max_size":"","bundle_price":[],"bundled_items":[],"bundle_sell_ids":[],"acf":[],"_links":{"self":[{"href":"https:\/\/goelette.ca\/en\/wp-json\/wp\/v2\/product\/285513","targetHints":{"allow":["GET"]}}],"collection":[{"href":"https:\/\/goelette.ca\/en\/wp-json\/wp\/v2\/product"}],"about":[{"href":"https:\/\/goelette.ca\/en\/wp-json\/wp\/v2\/types\/product"}],"wp:featuredmedia":[{"embeddable":true,"href":"https:\/\/goelette.ca\/en\/wp-json\/wp\/v2\/media\/285515"}],"wp:attachment":[{"href":"https:\/\/goelette.ca\/en\/wp-json\/wp\/v2\/media?parent=285513"}],"wp:term":[{"taxonomy":"product_brand","embeddable":true,"href":"https:\/\/goelette.ca\/en\/wp-json\/wp\/v2\/product_brand?post=285513"},{"taxonomy":"product_cat","embeddable":true,"href":"https:\/\/goelette.ca\/en\/wp-json\/wp\/v2\/product_cat?post=285513"},{"taxonomy":"product_tag","embeddable":true,"href":"https:\/\/goelette.ca\/en\/wp-json\/wp\/v2\/product_tag?post=285513"},{"taxonomy":"maison_dedition","embeddable":true,"href":"https:\/\/goelette.ca\/en\/wp-json\/wp\/v2\/maison_dedition?post=285513"}],"curies":[{"name":"wp","href":"https:\/\/api.w.org\/{rel}","templated":true}]}}