{"id":285509,"date":"2026-01-07T00:02:47","date_gmt":"2026-01-07T05:02:47","guid":{"rendered":"https:\/\/goelette.ca\/?post_type=product&#038;p=285509"},"modified":"2026-01-06T15:16:47","modified_gmt":"2026-01-06T20:16:47","slug":"sur-les-traces-de-grand-papa","status":"publish","type":"product","link":"https:\/\/goelette.ca\/en\/tous-les-livres\/sur-les-traces-de-grand-papa\/","title":{"rendered":"Sur les traces de grand-papa"},"content":{"rendered":"<p style=\"text-align: center;\">Noah s\u2019ennuie de son grand-papa, d\u00e9c\u00e9d\u00e9 depuis peu. Il a de la difficult\u00e9 \u00e0 g\u00e9rer son chagrin et son enseignante lui propose de trouver un moyen de r\u00e9guler sa peine. Que d\u00e9cidera-t-il de faire pour rendre hommage \u00e0 la m\u00e9moire de son grand-p\u00e8re ?<\/p>\n<p style=\"text-align: center;\">Plongez dans cette histoire touchante qui invite les enfants \u00e0 exprimer leurs \u00e9motions et \u00e0 passer au travers du deuil d\u2019une personne qui leur est ch\u00e8re. Apprenez-en plus sur le jaguar, cet animal fabuleux, gr\u00e2ce \u00e0 une page sp\u00e9ciale \u00e0 la fin de l\u2019album.<\/p>\n","protected":false},"excerpt":{"rendered":"<p>Noah s\u2019ennuie de son grand-papa, d\u00e9c\u00e9d\u00e9 depuis peu. Il a de la difficult\u00e9 \u00e0 g\u00e9rer son chagrin et son enseignante lui propose de trouver un moyen de r\u00e9guler sa peine. Que d\u00e9cidera-t-il de faire pour rendre hommage \u00e0 la m\u00e9moire de son grand-p\u00e8re ? Plongez dans cette histoire touchante qui invite les enfants \u00e0 exprimer [&hellip;]<\/p>\n","protected":false},"featured_media":285511,"template":"","meta":{"wds_primary_product_brand":0,"wds_primary_product_cat":0,"wds_primary_maison_dedition":0},"product_brand":[],"product_cat":[555,578,538],"product_tag":[],"maison_dedition":[541,584],"class_list":{"0":"post-285509","1":"product","2":"type-product","3":"status-publish","4":"has-post-thumbnail","6":"product_cat-6-ans-et-plus","7":"product_cat-albums-illustres","8":"product_cat-jeunesse","9":"pa_auteur-olive-labbe","10":"pa_illustrateur-elena-aiello","11":"maison_dedition-les-editions-coup-doeil","12":"maison_dedition-petites-lectures","14":"first","15":"instock","16":"taxable","17":"shipping-taxable","18":"purchasable","19":"product-type-variable","20":"has-default-attributes"},"bundled_by":[],"bundle_stock_status":"instock","bundle_stock_quantity":null,"bundle_virtual":false,"bundle_layout":"","bundle_add_to_cart_form_location":"","bundle_editable_in_cart":false,"bundle_sold_individually_context":"","bundle_item_grouping":"","bundle_min_size":"","bundle_max_size":"","bundle_price":[],"bundled_items":[],"bundle_sell_ids":[],"acf":[],"_links":{"self":[{"href":"https:\/\/goelette.ca\/en\/wp-json\/wp\/v2\/product\/285509","targetHints":{"allow":["GET"]}}],"collection":[{"href":"https:\/\/goelette.ca\/en\/wp-json\/wp\/v2\/product"}],"about":[{"href":"https:\/\/goelette.ca\/en\/wp-json\/wp\/v2\/types\/product"}],"wp:featuredmedia":[{"embeddable":true,"href":"https:\/\/goelette.ca\/en\/wp-json\/wp\/v2\/media\/285511"}],"wp:attachment":[{"href":"https:\/\/goelette.ca\/en\/wp-json\/wp\/v2\/media?parent=285509"}],"wp:term":[{"taxonomy":"product_brand","embeddable":true,"href":"https:\/\/goelette.ca\/en\/wp-json\/wp\/v2\/product_brand?post=285509"},{"taxonomy":"product_cat","embeddable":true,"href":"https:\/\/goelette.ca\/en\/wp-json\/wp\/v2\/product_cat?post=285509"},{"taxonomy":"product_tag","embeddable":true,"href":"https:\/\/goelette.ca\/en\/wp-json\/wp\/v2\/product_tag?post=285509"},{"taxonomy":"maison_dedition","embeddable":true,"href":"https:\/\/goelette.ca\/en\/wp-json\/wp\/v2\/maison_dedition?post=285509"}],"curies":[{"name":"wp","href":"https:\/\/api.w.org\/{rel}","templated":true}]}}