{"id":285505,"date":"2026-01-07T00:03:15","date_gmt":"2026-01-07T05:03:15","guid":{"rendered":"https:\/\/goelette.ca\/?post_type=product&#038;p=285505"},"modified":"2026-01-06T15:15:26","modified_gmt":"2026-01-06T20:15:26","slug":"dragon-deau-dragon-de-feu","status":"publish","type":"product","link":"https:\/\/goelette.ca\/en\/tous-les-livres\/dragon-deau-dragon-de-feu\/","title":{"rendered":"Dragon d&#8217;eau, dragon de feu"},"content":{"rendered":"<p style=\"text-align: center;\">Sami, le dragon d\u2019eau, r\u00eave de devenir un vrai dragon cracheur de feu. Son cousin Dao et lui d\u00e9cident de suivre le chemin de la rivi\u00e8re pour trouver les flammes qu\u2019ils aper\u00e7oivent au loin. Mais plus ils avancent, plus ils se rendent compte que la v\u00e9g\u00e9tation a disparu. Que d\u00e9couvriront-ils au bout de leur route ?<\/p>\n<p style=\"text-align: center;\">Plongez dans cette histoire color\u00e9e qui invite les enfants \u00e0 comprendre les dommages de la d\u00e9forestation. Apprenez-en plus sur le dragon d\u2019eau gr\u00e2ce \u00e0 une page sp\u00e9ciale \u00e0 la fin de l\u2019album.<\/p>\n","protected":false},"excerpt":{"rendered":"<p>Sami, le dragon d\u2019eau, r\u00eave de devenir un vrai dragon cracheur de feu. Son cousin Dao et lui d\u00e9cident de suivre le chemin de la rivi\u00e8re pour trouver les flammes qu\u2019ils aper\u00e7oivent au loin. Mais plus ils avancent, plus ils se rendent compte que la v\u00e9g\u00e9tation a disparu. Que d\u00e9couvriront-ils au bout de leur route [&hellip;]<\/p>\n","protected":false},"featured_media":285507,"template":"","meta":{"wds_primary_product_brand":0,"wds_primary_product_cat":0,"wds_primary_maison_dedition":0},"product_brand":[],"product_cat":[555,578,538],"product_tag":[],"maison_dedition":[541,584],"class_list":{"0":"post-285505","1":"product","2":"type-product","3":"status-publish","4":"has-post-thumbnail","6":"product_cat-6-ans-et-plus","7":"product_cat-albums-illustres","8":"product_cat-jeunesse","9":"pa_auteur-coralie-chapais-roy","10":"pa_illustrateur-vayounette","11":"maison_dedition-les-editions-coup-doeil","12":"maison_dedition-petites-lectures","14":"first","15":"instock","16":"taxable","17":"shipping-taxable","18":"purchasable","19":"product-type-variable","20":"has-default-attributes"},"bundled_by":[],"bundle_stock_status":"instock","bundle_stock_quantity":null,"bundle_virtual":false,"bundle_layout":"","bundle_add_to_cart_form_location":"","bundle_editable_in_cart":false,"bundle_sold_individually_context":"","bundle_item_grouping":"","bundle_min_size":"","bundle_max_size":"","bundle_price":[],"bundled_items":[],"bundle_sell_ids":[],"acf":[],"_links":{"self":[{"href":"https:\/\/goelette.ca\/en\/wp-json\/wp\/v2\/product\/285505","targetHints":{"allow":["GET"]}}],"collection":[{"href":"https:\/\/goelette.ca\/en\/wp-json\/wp\/v2\/product"}],"about":[{"href":"https:\/\/goelette.ca\/en\/wp-json\/wp\/v2\/types\/product"}],"wp:featuredmedia":[{"embeddable":true,"href":"https:\/\/goelette.ca\/en\/wp-json\/wp\/v2\/media\/285507"}],"wp:attachment":[{"href":"https:\/\/goelette.ca\/en\/wp-json\/wp\/v2\/media?parent=285505"}],"wp:term":[{"taxonomy":"product_brand","embeddable":true,"href":"https:\/\/goelette.ca\/en\/wp-json\/wp\/v2\/product_brand?post=285505"},{"taxonomy":"product_cat","embeddable":true,"href":"https:\/\/goelette.ca\/en\/wp-json\/wp\/v2\/product_cat?post=285505"},{"taxonomy":"product_tag","embeddable":true,"href":"https:\/\/goelette.ca\/en\/wp-json\/wp\/v2\/product_tag?post=285505"},{"taxonomy":"maison_dedition","embeddable":true,"href":"https:\/\/goelette.ca\/en\/wp-json\/wp\/v2\/maison_dedition?post=285505"}],"curies":[{"name":"wp","href":"https:\/\/api.w.org\/{rel}","templated":true}]}}