{"id":285500,"date":"2026-01-07T00:02:34","date_gmt":"2026-01-07T05:02:34","guid":{"rendered":"https:\/\/goelette.ca\/?post_type=product&#038;p=285500"},"modified":"2026-01-06T15:18:00","modified_gmt":"2026-01-06T20:18:00","slug":"fais-toi-confiance","status":"publish","type":"product","link":"https:\/\/goelette.ca\/en\/tous-les-livres\/fais-toi-confiance\/","title":{"rendered":"Fais-toi confiance!"},"content":{"rendered":"<p style=\"text-align: center;\">Ming ne veut plus s\u2019amuser au parc depuis qu\u2019elle a vu un autre panda tomber du module de jeux. Encourag\u00e9e par son amie Kimi, elle grimpe dans une \u00e9chelle jusque sur la plateforme. Mais alors qu\u2019elle doit s\u2019\u00e9lancer dans le vide \u00e0 l\u2019aide de la tyrolienne, la peur la paralyse. R\u00e9ussira-t-elle \u00e0 relever le d\u00e9fi ?<\/p>\n<p style=\"text-align: center;\">Plongez dans cette histoire color\u00e9e qui invite les enfants \u00e0 surmonter leurs craintes tout en respectant leurs propres limites. Apprenez-en plus sur le panda g\u00e9ant, cet animal fabuleux, gr\u00e2ce \u00e0 une page sp\u00e9ciale \u00e0 la fin de l\u2019album.<\/p>\n","protected":false},"excerpt":{"rendered":"<p>Ming ne veut plus s\u2019amuser au parc depuis qu\u2019elle a vu un autre panda tomber du module de jeux. Encourag\u00e9e par son amie Kimi, elle grimpe dans une \u00e9chelle jusque sur la plateforme. Mais alors qu\u2019elle doit s\u2019\u00e9lancer dans le vide \u00e0 l\u2019aide de la tyrolienne, la peur la paralyse. R\u00e9ussira-t-elle \u00e0 relever le d\u00e9fi [&hellip;]<\/p>\n","protected":false},"featured_media":285502,"template":"","meta":{"wds_primary_product_brand":0,"wds_primary_product_cat":0,"wds_primary_maison_dedition":0},"product_brand":[],"product_cat":[555,578,538],"product_tag":[],"maison_dedition":[541,584],"class_list":{"0":"post-285500","1":"product","2":"type-product","3":"status-publish","4":"has-post-thumbnail","6":"product_cat-6-ans-et-plus","7":"product_cat-albums-illustres","8":"product_cat-jeunesse","9":"pa_auteur-catherine-cote","10":"pa_illustrateur-angela-sbandelli","11":"maison_dedition-les-editions-coup-doeil","12":"maison_dedition-petites-lectures","14":"first","15":"instock","16":"taxable","17":"shipping-taxable","18":"purchasable","19":"product-type-variable","20":"has-default-attributes"},"bundled_by":[],"bundle_stock_status":"instock","bundle_stock_quantity":null,"bundle_virtual":false,"bundle_layout":"","bundle_add_to_cart_form_location":"","bundle_editable_in_cart":false,"bundle_sold_individually_context":"","bundle_item_grouping":"","bundle_min_size":"","bundle_max_size":"","bundle_price":[],"bundled_items":[],"bundle_sell_ids":[],"acf":[],"_links":{"self":[{"href":"https:\/\/goelette.ca\/en\/wp-json\/wp\/v2\/product\/285500","targetHints":{"allow":["GET"]}}],"collection":[{"href":"https:\/\/goelette.ca\/en\/wp-json\/wp\/v2\/product"}],"about":[{"href":"https:\/\/goelette.ca\/en\/wp-json\/wp\/v2\/types\/product"}],"wp:featuredmedia":[{"embeddable":true,"href":"https:\/\/goelette.ca\/en\/wp-json\/wp\/v2\/media\/285502"}],"wp:attachment":[{"href":"https:\/\/goelette.ca\/en\/wp-json\/wp\/v2\/media?parent=285500"}],"wp:term":[{"taxonomy":"product_brand","embeddable":true,"href":"https:\/\/goelette.ca\/en\/wp-json\/wp\/v2\/product_brand?post=285500"},{"taxonomy":"product_cat","embeddable":true,"href":"https:\/\/goelette.ca\/en\/wp-json\/wp\/v2\/product_cat?post=285500"},{"taxonomy":"product_tag","embeddable":true,"href":"https:\/\/goelette.ca\/en\/wp-json\/wp\/v2\/product_tag?post=285500"},{"taxonomy":"maison_dedition","embeddable":true,"href":"https:\/\/goelette.ca\/en\/wp-json\/wp\/v2\/maison_dedition?post=285500"}],"curies":[{"name":"wp","href":"https:\/\/api.w.org\/{rel}","templated":true}]}}