{"id":285495,"date":"2026-01-07T00:02:38","date_gmt":"2026-01-07T05:02:38","guid":{"rendered":"https:\/\/goelette.ca\/?post_type=product&#038;p=285495"},"modified":"2026-01-06T15:17:27","modified_gmt":"2026-01-06T20:17:27","slug":"mon-petit-coeur-semballe","status":"publish","type":"product","link":"https:\/\/goelette.ca\/en\/tous-les-livres\/mon-petit-coeur-semballe\/","title":{"rendered":"Mon petit c\u0153ur s\u2019emballe"},"content":{"rendered":"<p style=\"text-align: center;\">Rami, le toucan, est un tr\u00e8s bon joueur du club d\u2019\u00e9checs de la jungle. Lors de chaque partie, il est calme et en contr\u00f4le. Mais tout change le jour o\u00f9 Marguerite, une jolie capucine, fait son entr\u00e9e dans le groupe. Rami se sent tout dr\u00f4le devant cette inconnue et il ne saisit pas ce qui se passe. Comment pourra-t-il remporter ses parties s\u2019il a perdu sa concentration ?<\/p>\n<p style=\"text-align: center;\">Plongez dans cette histoire touchante qui invite les enfants \u00e0 comprendre le sentiment amoureux qui se manifeste parfois en bas \u00e2ge. Apprenez-en plus sur le toucan, cet animal fabuleux, gr\u00e2ce \u00e0 une page sp\u00e9ciale \u00e0 la fin de l\u2019album.<\/p>\n","protected":false},"excerpt":{"rendered":"<p>Rami, le toucan, est un tr\u00e8s bon joueur du club d\u2019\u00e9checs de la jungle. Lors de chaque partie, il est calme et en contr\u00f4le. Mais tout change le jour o\u00f9 Marguerite, une jolie capucine, fait son entr\u00e9e dans le groupe. Rami se sent tout dr\u00f4le devant cette inconnue et il ne saisit pas ce qui [&hellip;]<\/p>\n","protected":false},"featured_media":285497,"template":"","meta":{"wds_primary_product_brand":0,"wds_primary_product_cat":0,"wds_primary_maison_dedition":0},"product_brand":[],"product_cat":[555,578,538],"product_tag":[],"maison_dedition":[541,584],"class_list":{"0":"post-285495","1":"product","2":"type-product","3":"status-publish","4":"has-post-thumbnail","6":"product_cat-6-ans-et-plus","7":"product_cat-albums-illustres","8":"product_cat-jeunesse","9":"pa_auteur-genevieve-beauchemin","10":"pa_illustrateur-elena-aiello","11":"maison_dedition-les-editions-coup-doeil","12":"maison_dedition-petites-lectures","14":"first","15":"instock","16":"taxable","17":"shipping-taxable","18":"purchasable","19":"product-type-variable","20":"has-default-attributes"},"bundled_by":[],"bundle_stock_status":"instock","bundle_stock_quantity":null,"bundle_virtual":false,"bundle_layout":"","bundle_add_to_cart_form_location":"","bundle_editable_in_cart":false,"bundle_sold_individually_context":"","bundle_item_grouping":"","bundle_min_size":"","bundle_max_size":"","bundle_price":[],"bundled_items":[],"bundle_sell_ids":[],"acf":[],"_links":{"self":[{"href":"https:\/\/goelette.ca\/en\/wp-json\/wp\/v2\/product\/285495","targetHints":{"allow":["GET"]}}],"collection":[{"href":"https:\/\/goelette.ca\/en\/wp-json\/wp\/v2\/product"}],"about":[{"href":"https:\/\/goelette.ca\/en\/wp-json\/wp\/v2\/types\/product"}],"wp:featuredmedia":[{"embeddable":true,"href":"https:\/\/goelette.ca\/en\/wp-json\/wp\/v2\/media\/285497"}],"wp:attachment":[{"href":"https:\/\/goelette.ca\/en\/wp-json\/wp\/v2\/media?parent=285495"}],"wp:term":[{"taxonomy":"product_brand","embeddable":true,"href":"https:\/\/goelette.ca\/en\/wp-json\/wp\/v2\/product_brand?post=285495"},{"taxonomy":"product_cat","embeddable":true,"href":"https:\/\/goelette.ca\/en\/wp-json\/wp\/v2\/product_cat?post=285495"},{"taxonomy":"product_tag","embeddable":true,"href":"https:\/\/goelette.ca\/en\/wp-json\/wp\/v2\/product_tag?post=285495"},{"taxonomy":"maison_dedition","embeddable":true,"href":"https:\/\/goelette.ca\/en\/wp-json\/wp\/v2\/maison_dedition?post=285495"}],"curies":[{"name":"wp","href":"https:\/\/api.w.org\/{rel}","templated":true}]}}