{"id":285491,"date":"2026-01-07T00:05:50","date_gmt":"2026-01-07T05:05:50","guid":{"rendered":"https:\/\/goelette.ca\/?post_type=product&#038;p=285491"},"modified":"2026-01-06T15:13:47","modified_gmt":"2026-01-06T20:13:47","slug":"tricotees-serrees","status":"publish","type":"product","link":"https:\/\/goelette.ca\/en\/tous-les-livres\/tricotees-serrees\/","title":{"rendered":"Tricot\u00e9es serr\u00e9es"},"content":{"rendered":"<p style=\"text-align: center;\">Sarah n\u2019est pas un capybara comme les autres. Depuis que sa mamie lui a montr\u00e9 \u00e0 tricoter, elle passe se journ\u00e9es \u00e0 confectionner de nouvelles cr\u00e9ations. En compagnie de son ami Arthur, elle rend visite \u00e0 sa mamie, qui se sent seule. Quelle d\u00e9couverte Sarah fera-t-elle chez sa grand-maman ?<\/p>\n<p style=\"text-align: center;\">Plongez dans cette histoire touchante qui invite les enfants \u00e0 s\u2019int\u00e9resser aux activit\u00e9s qui passionnent leurs grands-parents et qui d\u00e9veloppe l\u2019envie de faire plaisir \u00e0 ses semblables. Apprenez-en plus sur le capybara, cet animal fabuleux, gr\u00e2ce \u00e0 une page sp\u00e9ciale \u00e0 la fin de l\u2019album.<\/p>\n","protected":false},"excerpt":{"rendered":"<p>Sarah n\u2019est pas un capybara comme les autres. Depuis que sa mamie lui a montr\u00e9 \u00e0 tricoter, elle passe se journ\u00e9es \u00e0 confectionner de nouvelles cr\u00e9ations. En compagnie de son ami Arthur, elle rend visite \u00e0 sa mamie, qui se sent seule. Quelle d\u00e9couverte Sarah fera-t-elle chez sa grand-maman ? Plongez dans cette histoire touchante [&hellip;]<\/p>\n","protected":false},"featured_media":285493,"template":"","meta":{"wds_primary_product_brand":0,"wds_primary_product_cat":0,"wds_primary_maison_dedition":0},"product_brand":[],"product_cat":[555,578,538],"product_tag":[],"maison_dedition":[541,584],"class_list":{"0":"post-285491","1":"product","2":"type-product","3":"status-publish","4":"has-post-thumbnail","6":"product_cat-6-ans-et-plus","7":"product_cat-albums-illustres","8":"product_cat-jeunesse","9":"pa_auteur-annabelle-st-hilaire","10":"pa_illustrateur-claudio-cerri","11":"maison_dedition-les-editions-coup-doeil","12":"maison_dedition-petites-lectures","14":"first","15":"instock","16":"taxable","17":"shipping-taxable","18":"purchasable","19":"product-type-variable","20":"has-default-attributes"},"bundled_by":[],"bundle_stock_status":"instock","bundle_stock_quantity":null,"bundle_virtual":false,"bundle_layout":"","bundle_add_to_cart_form_location":"","bundle_editable_in_cart":false,"bundle_sold_individually_context":"","bundle_item_grouping":"","bundle_min_size":"","bundle_max_size":"","bundle_price":[],"bundled_items":[],"bundle_sell_ids":[],"acf":[],"_links":{"self":[{"href":"https:\/\/goelette.ca\/en\/wp-json\/wp\/v2\/product\/285491","targetHints":{"allow":["GET"]}}],"collection":[{"href":"https:\/\/goelette.ca\/en\/wp-json\/wp\/v2\/product"}],"about":[{"href":"https:\/\/goelette.ca\/en\/wp-json\/wp\/v2\/types\/product"}],"wp:featuredmedia":[{"embeddable":true,"href":"https:\/\/goelette.ca\/en\/wp-json\/wp\/v2\/media\/285493"}],"wp:attachment":[{"href":"https:\/\/goelette.ca\/en\/wp-json\/wp\/v2\/media?parent=285491"}],"wp:term":[{"taxonomy":"product_brand","embeddable":true,"href":"https:\/\/goelette.ca\/en\/wp-json\/wp\/v2\/product_brand?post=285491"},{"taxonomy":"product_cat","embeddable":true,"href":"https:\/\/goelette.ca\/en\/wp-json\/wp\/v2\/product_cat?post=285491"},{"taxonomy":"product_tag","embeddable":true,"href":"https:\/\/goelette.ca\/en\/wp-json\/wp\/v2\/product_tag?post=285491"},{"taxonomy":"maison_dedition","embeddable":true,"href":"https:\/\/goelette.ca\/en\/wp-json\/wp\/v2\/maison_dedition?post=285491"}],"curies":[{"name":"wp","href":"https:\/\/api.w.org\/{rel}","templated":true}]}}