{"id":285487,"date":"2026-01-07T00:05:58","date_gmt":"2026-01-07T05:05:58","guid":{"rendered":"https:\/\/goelette.ca\/?post_type=product&#038;p=285487"},"modified":"2026-01-06T15:12:05","modified_gmt":"2026-01-06T20:12:05","slug":"minute-papillon","status":"publish","type":"product","link":"https:\/\/goelette.ca\/en\/tous-les-livres\/minute-papillon\/","title":{"rendered":"Minute, papillon!"},"content":{"rendered":"<p style=\"text-align: center;\">Saphira est un joli papillon morpho bleu, et aujourd\u2019hui, c\u2019est le grand jour ! Elle peut enfin prendre son envol et aller explorer, mais\u2026 \u00ab Minute, papillon ! \u00bb lui lancent ses parents pour la ramener pr\u00e8s d\u2019eux. Elle profite d\u2019un moment d\u2019inattention de leur part pour s\u2019\u00e9clipser et partir seule \u00e0 l\u2019aventure. Est-ce qu\u2019elle regrettera d\u2019avoir d\u00e9sob\u00e9i ?<\/p>\n<p style=\"text-align: center;\">Plongez dans cette histoire color\u00e9e qui invite les enfants \u00e0 respecter les r\u00e8gles et surtout \u00e0 comprendre pourquoi elles ont \u00e9t\u00e9 mises en place. Apprenez-en plus sur le papillon bleu, cet insecte fabuleux, gr\u00e2ce \u00e0 une page sp\u00e9ciale \u00e0 la fin de l\u2019album.<\/p>\n","protected":false},"excerpt":{"rendered":"<p>Saphira est un joli papillon morpho bleu, et aujourd\u2019hui, c\u2019est le grand jour ! Elle peut enfin prendre son envol et aller explorer, mais\u2026 \u00ab Minute, papillon ! \u00bb lui lancent ses parents pour la ramener pr\u00e8s d\u2019eux. Elle profite d\u2019un moment d\u2019inattention de leur part pour s\u2019\u00e9clipser et partir seule \u00e0 l\u2019aventure. Est-ce qu\u2019elle [&hellip;]<\/p>\n","protected":false},"featured_media":285489,"template":"","meta":{"wds_primary_product_brand":0,"wds_primary_product_cat":0,"wds_primary_maison_dedition":0},"product_brand":[],"product_cat":[555,578,538],"product_tag":[],"maison_dedition":[541,584],"class_list":{"0":"post-285487","1":"product","2":"type-product","3":"status-publish","4":"has-post-thumbnail","6":"product_cat-6-ans-et-plus","7":"product_cat-albums-illustres","8":"product_cat-jeunesse","9":"pa_auteur-catherine-cote","10":"pa_illustrateur-lulune","11":"maison_dedition-les-editions-coup-doeil","12":"maison_dedition-petites-lectures","14":"first","15":"instock","16":"taxable","17":"shipping-taxable","18":"purchasable","19":"product-type-variable","20":"has-default-attributes"},"bundled_by":[],"bundle_stock_status":"instock","bundle_stock_quantity":null,"bundle_virtual":false,"bundle_layout":"","bundle_add_to_cart_form_location":"","bundle_editable_in_cart":false,"bundle_sold_individually_context":"","bundle_item_grouping":"","bundle_min_size":"","bundle_max_size":"","bundle_price":[],"bundled_items":[],"bundle_sell_ids":[],"acf":[],"_links":{"self":[{"href":"https:\/\/goelette.ca\/en\/wp-json\/wp\/v2\/product\/285487","targetHints":{"allow":["GET"]}}],"collection":[{"href":"https:\/\/goelette.ca\/en\/wp-json\/wp\/v2\/product"}],"about":[{"href":"https:\/\/goelette.ca\/en\/wp-json\/wp\/v2\/types\/product"}],"wp:featuredmedia":[{"embeddable":true,"href":"https:\/\/goelette.ca\/en\/wp-json\/wp\/v2\/media\/285489"}],"wp:attachment":[{"href":"https:\/\/goelette.ca\/en\/wp-json\/wp\/v2\/media?parent=285487"}],"wp:term":[{"taxonomy":"product_brand","embeddable":true,"href":"https:\/\/goelette.ca\/en\/wp-json\/wp\/v2\/product_brand?post=285487"},{"taxonomy":"product_cat","embeddable":true,"href":"https:\/\/goelette.ca\/en\/wp-json\/wp\/v2\/product_cat?post=285487"},{"taxonomy":"product_tag","embeddable":true,"href":"https:\/\/goelette.ca\/en\/wp-json\/wp\/v2\/product_tag?post=285487"},{"taxonomy":"maison_dedition","embeddable":true,"href":"https:\/\/goelette.ca\/en\/wp-json\/wp\/v2\/maison_dedition?post=285487"}],"curies":[{"name":"wp","href":"https:\/\/api.w.org\/{rel}","templated":true}]}}